{"id":33823,"date":"2020-04-06T15:30:26","date_gmt":"2020-04-06T13:30:26","guid":{"rendered":"https:\/\/biobizz.com\/cookies-policy\/"},"modified":"2023-09-26T09:52:16","modified_gmt":"2023-09-26T07:52:16","slug":"cookies-policy","status":"publish","type":"page","link":"https:\/\/biobizz.com\/it\/cookies-policy\/","title":{"rendered":"Cookies Policy"},"content":{"rendered":"[vc_row type=&#8221;in_container&#8221; full_screen_row_position=&#8221;middle&#8221; scene_position=&#8221;center&#8221; text_color=&#8221;dark&#8221; text_align=&#8221;left&#8221; overlay_strength=&#8221;0.3&#8243; shape_divider_position=&#8221;bottom&#8221; bg_image_animation=&#8221;none&#8221;][vc_column column_padding=&#8221;no-extra-padding&#8221; column_padding_position=&#8221;all&#8221; background_color_opacity=&#8221;1&#8243; background_hover_color_opacity=&#8221;1&#8243; column_link_target=&#8221;_self&#8221; column_shadow=&#8221;none&#8221; column_border_radius=&#8221;none&#8221; width=&#8221;1\/1&#8243; tablet_width_inherit=&#8221;default&#8221; tablet_text_alignment=&#8221;default&#8221; phone_text_alignment=&#8221;default&#8221; column_border_width=&#8221;none&#8221; column_border_style=&#8221;solid&#8221; bg_image_animation=&#8221;none&#8221;][vc_column_text]\n<h2><strong>INFORMAZIONI SUI COOKIES<\/strong><\/h2>\n<h2><strong>POLITICA SUI COOKIES<\/strong><\/h2>\n<p><strong>\u00a0<\/strong><\/p>\n<p><strong>Cos\u2019\u00e8 un cookie? <\/strong><\/p>\n<p>Un cookie \u00e8 un piccolo file di testo che una pagina web colloca nel suo PC, telefono o qualsiasi altro dispositivo, con informazioni sulla sua navigazione in detto sito. I cookies sono necessari per facilitare la navigazione e renderla pi\u00f9 facile, e non danneggiare il suo computer. Sebbene nella presente politica si utilizza il termine generale di cookie perch\u00e9 \u00e8 il principale metodo di immagazzinamento d\u2019informazione che utilizza questa web, \u00e8 anche utilizzato lo spazio di \u201cImmagazzinamento locale\u201d del browser per gli stessi propositi dei cookies. In questo senso, tutte le informazioni incluse in questa sezione sono ugualmente applicabili a tale \u201cImmagazzinamento locale\u201d.<\/p>\n<p><strong>Per cosa vengono utilizzati i cookies in questa web? <\/strong><\/p>\n<p>I cookies sono una parte essenziale di come funziona il nostro sito web. L\u2019obiettivo principale dei nostri cookies \u00e8 migliorare la sua esperienza nella navigazione. Per esempio, a ricordare le sue preferenze (lingua, paese, etc.) durante la navigazione e nelle visite future. Le informazioni raccolte nei cookies ci permettono inoltre di migliorare la pagina web, tramite stime su numeri e modelli d\u2019uso, l\u2019adattamento del sito web agli interessi individuali degli utenti, l\u2019accelerazione delle ricerche, etc.<\/p>\n<p><strong>Per cosa NON vengono utilizzati i cookies in questa web? <\/strong><\/p>\n<p>Noi non immagazziniamo informazioni sensibili d\u2019identificazione personale come il suo indirizzo, la sua password, etc., nei cookies che utilizziamo. Non utilizziamo i cookies neppure per orientare la pubblicit\u00e0 ai nostri utenti in funzione della loro navigazione n\u00e9 per altri fini pubblicitari, n\u00e9 propri n\u00e9 di terzi.<\/p>\n<p><strong>Chi utilizza le informazioni immagazzinate nei cookies?<\/strong><\/p>\n<p>Le informazioni immagazzinate nei cookies del nostro sito web sono utilizzate esclusivamente da noi, fatta eccezione per quelli di Google Analytics, che sono utilizzati da Google e dai noi a fini statistici, e del cookie Analisi di operazioni di pagamento, che \u00e8 generato esclusivamente quando si realizza un acquisto, ed \u00e8 analizzato da un\u2019impresa esterna con l\u2019obiettivo di offrire garanzie sufficienti sulle operazioni di pagamento realizzate.<\/p>\n<p><strong>Quali cookies specifici utilizza questo sito web e per quali finalit\u00e0? <\/strong><\/p>\n<p>A continuazione, si mostra una tabella con i cookies utilizzati da questo sito web con la finalit\u00e0 di ognuno di essi.<\/p>\n<p>Questi cookies ottengono informazioni generiche sugli accessi degli utenti alla pagina web di BIOBIZZ WORLDWIDE, S.L.U. (non al contenuto della stessa) per fornirci posteriormente informazioni complessive di detti accessi con fini statistici.<\/p>\n<table>\n<tbody>\n<tr>\n<td width=\"283\"><strong>Tipo de Cookies<\/strong><\/td>\n<td width=\"283\"><strong>Descrizione<\/strong><\/td>\n<td width=\"283\"><strong>Terzi<\/strong><\/td>\n<\/tr>\n<tr>\n<td width=\"283\"><strong><em>Strettamente necessari<\/em><\/strong><\/td>\n<td width=\"283\">Sessione, registro, dati del carrello d\u2019acquisto, dati per distinguere i servizi gratuiti dai servizi a pagamento. Si utilizzano per identificare la stessa sessione temporale di un utente o sessione di navigazione, misurando cos\u00ec, per esempio la frequenza.<\/td>\n<td width=\"283\"><strong><em>No<\/em><\/strong><\/td>\n<\/tr>\n<tr>\n<td width=\"283\"><strong><em>Analitici<\/em><\/strong><\/td>\n<td width=\"283\">Questi cookies permettono di analizzare e misurare le propriet\u00e0 e le funzionalit\u00e0 di questo Sito Web e procedere alla loro misurazione con finalit\u00e0 di miglioramento. I cookies che si istallano sono cookies di terzi.<\/p>\n<p>Per esempio, Google Analytics \u00e8 lo strumento di analitica che aiuta i siti web a capire il modo in cui i suoi visitatori interagiscono con le loro propriet\u00e0. Pu\u00f2 utilizzare un insieme di cookies per raccogliere informazioni e informare delle statistiche d\u2019uso dei siti web senza identificare personalmente i visitatori di Google.<\/td>\n<td width=\"283\">\u00b7\u00a0\u00a0\u00a0\u00a0\u00a0\u00a0 <strong><em>Google <\/em><\/strong><strong><em>Analytics<\/em><\/strong><\/td>\n<\/tr>\n<tr>\n<td width=\"283\"><strong><em>Pubblicit\u00e0<\/em><\/strong><\/td>\n<td width=\"283\">Questi cookies hanno una finalit\u00e0 pubblicitaria. Permettono di immagazzinare informazioni sulla navigazione degli utenti tramite sessioni di navigazione, presentando pubblicit\u00e0 relazionate direttamente con i loro interessi o con le loro ricerche precedenti. Solitamente sono cookies che provengono da piattaforme di acquisto programmatico, adexchanges, DSP, SSP, DMP e altre tecnologie di compravendita automatizzata pubblicitaria.<\/td>\n<td width=\"283\">\u00b7\u00a0\u00a0\u00a0\u00a0\u00a0\u00a0 <strong><em>Doubleclick<\/em><\/strong><strong><em> (Google, Inc.)<\/em><\/strong><\/p>\n<p>\u00b7\u00a0\u00a0\u00a0\u00a0\u00a0\u00a0 <strong><em>DoubleClick Ad Exchange-Buyer<\/em><\/strong><\/p>\n<p>\u00b7\u00a0\u00a0\u00a0\u00a0\u00a0\u00a0 <strong><em>Google Dynamic Remarketing<\/em><\/strong><strong><em> (Adwords) <\/em><\/strong><\/td>\n<\/tr>\n<\/tbody>\n<\/table>\n<p>&nbsp;<\/p>\n<p><strong>Gestione dei cookies<\/strong><\/p>\n<p>Come ulteriore garanzia a quelle precedentemente descritte, il registro dei cookies potr\u00e0 essere soggetto alla sua accettazione durante l\u2019installazione o aggiornata al browser utilizzato, e questa accettazione pu\u00f2 essere revocata in qualsiasi momento tramite le opzioni di configurazione dei contenuti e privacy disponibili.<\/p>\n<p>Molti browser permettono di attivare una modalit\u00e0 privata tramite il quale i cookies si cancellano sempre dopo la sua visita. Dipendendo dal browser questa modalit\u00e0 privata, pu\u00f2 avere diversi nomi. Di seguito trover\u00e0 una lista dei browser pi\u00f9 comuni e i diversi nomi di questa \u201cmoda\u00f1it\u00e0 privata\u201d:<\/p>\n<ul>\n<li><strong>Internet Explorer 8<\/strong>\u00a0e superiore; InPrivate<\/li>\n<li><strong>Opera 10.5<\/strong>\u00a0e superiore; Navigazione Privata<\/li>\n<li><strong>Google Chrome 10<\/strong>\u00a0e superiore; Incognito<\/li>\n<li><strong>Safari 2<\/strong>\u00a0e superiore; Navigazione Privata<\/li>\n<li><strong>FireFox 3.5<\/strong>\u00a0e superiore; Navigazione Privata<\/li>\n<\/ul>\n<p><strong>Importante:<\/strong>\u00a0la preghiamo di leggere attentamente la sezione di aiuto del suo browser per conoscere pi\u00f9 a fondo come attivare la \u201cmodalit\u00e0 privata\u201d. Potr\u00e0 continuare a visitare le nostre pagine web anche se il suo browser \u00e8 in \u201cmodalit\u00e0 privata\u201d,\u00a0<strong>anche se, la sua navigazione sulla nostra web potrebbe non essere ottimale e qualche utility potrebbe non funzionare correttamente.<\/strong><\/p>\n<p><strong>Come disabilitare i Cookies nei principali browser<\/strong><\/p>\n<p>Normalmente \u00e8 possibile smettere di accettare Cookies dal browser, o smettere di accettare i Cookies di un Servizio in particolare.<\/p>\n<p>Tutti i browser moderni permettono di cambiare la configurazione dei Cookies. Queste impostazioni normalmente si trovano nelle \u2018impostazioni\u2019 o \u2018Preferenze\u2019 del men\u00f9 del suo browser. Inoltre, pu\u00f2 configurare il suo browser o il suo gestore di posta elettronica, nonch\u00e9 istallare complementi gratuiti per evitare che si scarichino i Web Bugs aprendo una email.<\/p>\n<p>La pagina Web del Prestatore offre una guida all\u2019Utente sui passi per accedere al men\u00f9 di configurazione dei cookies e, se del caso, della navigazione privata in ognuno dei principali browser:<\/p>\n<ul>\n<li><strong>Internet Explorer:<\/strong>\u00a0Strumenti -&gt; Opzioni di Internet -&gt; Privacy -&gt; Configurazione.<\/li>\n<li><strong>Firefox:<\/strong>\u00a0Strumenti -&gt; Opzioni -&gt; Privacy -&gt; Cronologia -&gt; Configurazione Personalizzata.<\/li>\n<li><strong>Chrome:<\/strong>\u00a0Configurazione -&gt; Mostrare opzioni avanzate -&gt; Privacy -&gt; Configurazione dei contenuti.<\/li>\n<li><strong>Safari:<\/strong>\u00a0Preferenze -&gt; Sicurezza.<\/li>\n<\/ul>\n[\/vc_column_text][\/vc_column][\/vc_row]\n","protected":false},"excerpt":{"rendered":"<p>[vc_row type=&#8221;in_container&#8221; full_screen_row_position=&#8221;middle&#8221; scene_position=&#8221;center&#8221; text_color=&#8221;dark&#8221; text_align=&#8221;left&#8221; overlay_strength=&#8221;0.3&#8243; shape_divider_position=&#8221;bottom&#8221; bg_image_animation=&#8221;none&#8221;][vc_column column_padding=&#8221;no-extra-padding&#8221; column_padding_position=&#8221;all&#8221; background_color_opacity=&#8221;1&#8243; background_hover_color_opacity=&#8221;1&#8243; column_link_target=&#8221;_self&#8221; column_shadow=&#8221;none&#8221; column_border_radius=&#8221;none&#8221; width=&#8221;1\/1&#8243; tablet_width_inherit=&#8221;default&#8221; tablet_text_alignment=&#8221;default&#8221; phone_text_alignment=&#8221;default&#8221; column_border_width=&#8221;none&#8221; column_border_style=&#8221;solid&#8221; bg_image_animation=&#8221;none&#8221;][vc_column_text] INFORMAZIONI SUI COOKIES POLITICA SUI COOKIES \u00a0&#8230;<\/p>\n","protected":false},"author":2,"featured_media":0,"parent":0,"menu_order":0,"comment_status":"closed","ping_status":"closed","template":"","meta":{"_acf_changed":false,"_monsterinsights_skip_tracking":false,"_monsterinsights_sitenote_active":false,"_monsterinsights_sitenote_note":"","_monsterinsights_sitenote_category":0,"footnotes":""},"class_list":["post-33823","page","type-page","status-publish"],"acf":[],"yoast_head":"<!-- This site is optimized with the Yoast SEO plugin v27.2 - https:\/\/yoast.com\/product\/yoast-seo-wordpress\/ -->\n<title>Cookies Policy - Biobizz<\/title>\n<meta name=\"robots\" content=\"noindex, nofollow\" \/>\n<meta property=\"og:locale\" content=\"it_IT\" \/>\n<meta property=\"og:type\" content=\"article\" \/>\n<meta property=\"og:title\" content=\"Cookies Policy - Biobizz\" \/>\n<meta property=\"og:description\" content=\"[vc_row type=&#8221;in_container&#8221; full_screen_row_position=&#8221;middle&#8221; scene_position=&#8221;center&#8221; text_color=&#8221;dark&#8221; text_align=&#8221;left&#8221; overlay_strength=&#8221;0.3&#8243; shape_divider_position=&#8221;bottom&#8221; bg_image_animation=&#8221;none&#8221;][vc_column column_padding=&#8221;no-extra-padding&#8221; column_padding_position=&#8221;all&#8221; background_color_opacity=&#8221;1&#8243; background_hover_color_opacity=&#8221;1&#8243; column_link_target=&#8221;_self&#8221; column_shadow=&#8221;none&#8221; column_border_radius=&#8221;none&#8221; width=&#8221;1\/1&#8243; tablet_width_inherit=&#8221;default&#8221; tablet_text_alignment=&#8221;default&#8221; phone_text_alignment=&#8221;default&#8221; column_border_width=&#8221;none&#8221; column_border_style=&#8221;solid&#8221; bg_image_animation=&#8221;none&#8221;][vc_column_text] INFORMAZIONI SUI COOKIES POLITICA SUI COOKIES \u00a0...\" \/>\n<meta property=\"og:url\" content=\"https:\/\/biobizz.com\/it\/cookies-policy\/\" \/>\n<meta property=\"og:site_name\" content=\"Biobizz\" \/>\n<meta property=\"article:modified_time\" content=\"2023-09-26T07:52:16+00:00\" \/>\n<meta name=\"twitter:card\" content=\"summary_large_image\" \/>\n<meta name=\"twitter:label1\" content=\"Tempo di lettura stimato\" \/>\n\t<meta name=\"twitter:data1\" content=\"5 minuti\" \/>\n<script type=\"application\/ld+json\" class=\"yoast-schema-graph\">{\"@context\":\"https:\/\/schema.org\",\"@graph\":[{\"@type\":\"WebPage\",\"@id\":\"https:\/\/biobizz.com\/it\/cookies-policy\/\",\"url\":\"https:\/\/biobizz.com\/it\/cookies-policy\/\",\"name\":\"Cookies Policy - Biobizz\",\"isPartOf\":{\"@id\":\"https:\/\/biobizz.com\/it\/#website\"},\"datePublished\":\"2020-04-06T13:30:26+00:00\",\"dateModified\":\"2023-09-26T07:52:16+00:00\",\"breadcrumb\":{\"@id\":\"https:\/\/biobizz.com\/it\/cookies-policy\/#breadcrumb\"},\"inLanguage\":\"it-IT\",\"potentialAction\":[{\"@type\":\"ReadAction\",\"target\":[\"https:\/\/biobizz.com\/it\/cookies-policy\/\"]}]},{\"@type\":\"BreadcrumbList\",\"@id\":\"https:\/\/biobizz.com\/it\/cookies-policy\/#breadcrumb\",\"itemListElement\":[{\"@type\":\"ListItem\",\"position\":1,\"name\":\"Portada\",\"item\":\"https:\/\/biobizz.com\/it\/\"},{\"@type\":\"ListItem\",\"position\":2,\"name\":\"Cookies Policy\"}]},{\"@type\":\"WebSite\",\"@id\":\"https:\/\/biobizz.com\/it\/#website\",\"url\":\"https:\/\/biobizz.com\/it\/\",\"name\":\"Biobizz\",\"description\":\"World Wide Organics\",\"publisher\":{\"@id\":\"https:\/\/biobizz.com\/it\/#organization\"},\"potentialAction\":[{\"@type\":\"SearchAction\",\"target\":{\"@type\":\"EntryPoint\",\"urlTemplate\":\"https:\/\/biobizz.com\/it\/?s={search_term_string}\"},\"query-input\":{\"@type\":\"PropertyValueSpecification\",\"valueRequired\":true,\"valueName\":\"search_term_string\"}}],\"inLanguage\":\"it-IT\"},{\"@type\":\"Organization\",\"@id\":\"https:\/\/biobizz.com\/it\/#organization\",\"name\":\"Biobizz\",\"url\":\"https:\/\/biobizz.com\/it\/\",\"logo\":{\"@type\":\"ImageObject\",\"inLanguage\":\"it-IT\",\"@id\":\"https:\/\/biobizz.com\/it\/#\/schema\/logo\/image\/\",\"url\":\"https:\/\/biobizz.com\/wp-content\/uploads\/2019\/09\/biobizz-logo-dark.png\",\"contentUrl\":\"https:\/\/biobizz.com\/wp-content\/uploads\/2019\/09\/biobizz-logo-dark.png\",\"width\":300,\"height\":67,\"caption\":\"Biobizz\"},\"image\":{\"@id\":\"https:\/\/biobizz.com\/it\/#\/schema\/logo\/image\/\"}}]}<\/script>\n<!-- \/ Yoast SEO plugin. -->","yoast_head_json":{"title":"Cookies Policy - Biobizz","robots":{"index":"noindex","follow":"nofollow"},"og_locale":"it_IT","og_type":"article","og_title":"Cookies Policy - Biobizz","og_description":"[vc_row type=&#8221;in_container&#8221; full_screen_row_position=&#8221;middle&#8221; scene_position=&#8221;center&#8221; text_color=&#8221;dark&#8221; text_align=&#8221;left&#8221; overlay_strength=&#8221;0.3&#8243; shape_divider_position=&#8221;bottom&#8221; bg_image_animation=&#8221;none&#8221;][vc_column column_padding=&#8221;no-extra-padding&#8221; column_padding_position=&#8221;all&#8221; background_color_opacity=&#8221;1&#8243; background_hover_color_opacity=&#8221;1&#8243; column_link_target=&#8221;_self&#8221; column_shadow=&#8221;none&#8221; column_border_radius=&#8221;none&#8221; width=&#8221;1\/1&#8243; tablet_width_inherit=&#8221;default&#8221; tablet_text_alignment=&#8221;default&#8221; phone_text_alignment=&#8221;default&#8221; column_border_width=&#8221;none&#8221; column_border_style=&#8221;solid&#8221; bg_image_animation=&#8221;none&#8221;][vc_column_text] INFORMAZIONI SUI COOKIES POLITICA SUI COOKIES \u00a0...","og_url":"https:\/\/biobizz.com\/it\/cookies-policy\/","og_site_name":"Biobizz","article_modified_time":"2023-09-26T07:52:16+00:00","twitter_card":"summary_large_image","twitter_misc":{"Tempo di lettura stimato":"5 minuti"},"schema":{"@context":"https:\/\/schema.org","@graph":[{"@type":"WebPage","@id":"https:\/\/biobizz.com\/it\/cookies-policy\/","url":"https:\/\/biobizz.com\/it\/cookies-policy\/","name":"Cookies Policy - Biobizz","isPartOf":{"@id":"https:\/\/biobizz.com\/it\/#website"},"datePublished":"2020-04-06T13:30:26+00:00","dateModified":"2023-09-26T07:52:16+00:00","breadcrumb":{"@id":"https:\/\/biobizz.com\/it\/cookies-policy\/#breadcrumb"},"inLanguage":"it-IT","potentialAction":[{"@type":"ReadAction","target":["https:\/\/biobizz.com\/it\/cookies-policy\/"]}]},{"@type":"BreadcrumbList","@id":"https:\/\/biobizz.com\/it\/cookies-policy\/#breadcrumb","itemListElement":[{"@type":"ListItem","position":1,"name":"Portada","item":"https:\/\/biobizz.com\/it\/"},{"@type":"ListItem","position":2,"name":"Cookies Policy"}]},{"@type":"WebSite","@id":"https:\/\/biobizz.com\/it\/#website","url":"https:\/\/biobizz.com\/it\/","name":"Biobizz","description":"World Wide Organics","publisher":{"@id":"https:\/\/biobizz.com\/it\/#organization"},"potentialAction":[{"@type":"SearchAction","target":{"@type":"EntryPoint","urlTemplate":"https:\/\/biobizz.com\/it\/?s={search_term_string}"},"query-input":{"@type":"PropertyValueSpecification","valueRequired":true,"valueName":"search_term_string"}}],"inLanguage":"it-IT"},{"@type":"Organization","@id":"https:\/\/biobizz.com\/it\/#organization","name":"Biobizz","url":"https:\/\/biobizz.com\/it\/","logo":{"@type":"ImageObject","inLanguage":"it-IT","@id":"https:\/\/biobizz.com\/it\/#\/schema\/logo\/image\/","url":"https:\/\/biobizz.com\/wp-content\/uploads\/2019\/09\/biobizz-logo-dark.png","contentUrl":"https:\/\/biobizz.com\/wp-content\/uploads\/2019\/09\/biobizz-logo-dark.png","width":300,"height":67,"caption":"Biobizz"},"image":{"@id":"https:\/\/biobizz.com\/it\/#\/schema\/logo\/image\/"}}]}},"_links":{"self":[{"href":"https:\/\/biobizz.com\/it\/wp-json\/wp\/v2\/pages\/33823","targetHints":{"allow":["GET"]}}],"collection":[{"href":"https:\/\/biobizz.com\/it\/wp-json\/wp\/v2\/pages"}],"about":[{"href":"https:\/\/biobizz.com\/it\/wp-json\/wp\/v2\/types\/page"}],"author":[{"embeddable":true,"href":"https:\/\/biobizz.com\/it\/wp-json\/wp\/v2\/users\/2"}],"replies":[{"embeddable":true,"href":"https:\/\/biobizz.com\/it\/wp-json\/wp\/v2\/comments?post=33823"}],"version-history":[{"count":3,"href":"https:\/\/biobizz.com\/it\/wp-json\/wp\/v2\/pages\/33823\/revisions"}],"predecessor-version":[{"id":57267,"href":"https:\/\/biobizz.com\/it\/wp-json\/wp\/v2\/pages\/33823\/revisions\/57267"}],"wp:attachment":[{"href":"https:\/\/biobizz.com\/it\/wp-json\/wp\/v2\/media?parent=33823"}],"curies":[{"name":"wp","href":"https:\/\/api.w.org\/{rel}","templated":true}]}}