{"id":33776,"date":"2019-06-20T09:51:13","date_gmt":"2019-06-20T07:51:13","guid":{"rendered":"https:\/\/biobizz.com\/privacy-policy\/"},"modified":"2023-09-26T09:50:29","modified_gmt":"2023-09-26T07:50:29","slug":"privacy-policy","status":"publish","type":"page","link":"https:\/\/biobizz.com\/it\/privacy-policy\/","title":{"rendered":"Privacy Policy"},"content":{"rendered":"[vc_row type=&#8221;in_container&#8221; full_screen_row_position=&#8221;middle&#8221; scene_position=&#8221;center&#8221; text_color=&#8221;dark&#8221; text_align=&#8221;left&#8221; overlay_strength=&#8221;0.3&#8243; shape_divider_position=&#8221;bottom&#8221; bg_image_animation=&#8221;none&#8221;][vc_column column_padding=&#8221;no-extra-padding&#8221; column_padding_position=&#8221;all&#8221; background_color_opacity=&#8221;1&#8243; background_hover_color_opacity=&#8221;1&#8243; column_link_target=&#8221;_self&#8221; column_shadow=&#8221;none&#8221; column_border_radius=&#8221;none&#8221; width=&#8221;1\/1&#8243; tablet_width_inherit=&#8221;default&#8221; tablet_text_alignment=&#8221;default&#8221; phone_text_alignment=&#8221;default&#8221; column_border_width=&#8221;none&#8221; column_border_style=&#8221;solid&#8221; bg_image_animation=&#8221;none&#8221;][vc_column_text]\n<h2><strong>POLITICA SULLA PRIVACY <\/strong><\/h2>\n<p><strong>\u00a0<\/strong><\/p>\n<p>La presente POLITICA SULLA PRIVACY \u00e8 parte integrante delle AVVERTENZE LEGALI del Sito Web: <a href=\"https:\/\/biobizz.com\/es\">www.biobizz.com\/es<\/a> (di seguito, il \u201c<strong>Sito Web<\/strong>\u201d).<\/p>\n<p>La presente Politica sulla Privacy, pu\u00f2 essere modificata in qualsiasi momento per motivi legali o normative, per motivi tecnici o per cambiamenti nella prestazione dei servizi del Sito Web. In tal caso, e al fine di avvisarla, lo pubblicheremo nello stesso Sito Web e\/o la informeremo tramite il suo indirizzo di posta elettronica. Se continua ad utilizzare i servizi del Sito Web, significher\u00e0 che ha accettato le modifiche introdotte.<\/p>\n<ul>\n<li><strong>Chi \u00e8 il responsabile del trattamento dei suoi dati a carattere personale?<\/strong><\/li>\n<\/ul>\n<table>\n<tbody>\n<tr>\n<td width=\"104\">Responsabile<\/td>\n<td width=\"283\">BIOBIZZ WORLDWIDE, S.L. (di seguito, \u201c<strong>BIOBIZZ<\/strong>\u201d)<\/td>\n<\/tr>\n<tr>\n<td width=\"104\">C.F.<\/td>\n<td width=\"283\">B-98076631<\/td>\n<\/tr>\n<tr>\n<td width=\"104\">Sede Legale<\/td>\n<td width=\"283\">Pol\u00edgono Industrial Lezama-Leguizam\u00f3n, C\/ Gorbeia n\u00ba 11, (48450) Etxebarri \u2013 Bizkaia.<\/td>\n<\/tr>\n<tr>\n<td width=\"104\">E-mail<\/td>\n<td width=\"283\"><u>info@biobizz.com<\/u><\/td>\n<\/tr>\n<tr>\n<td width=\"104\">Telefono<\/td>\n<td width=\"283\">+34 944 657 951<\/td>\n<\/tr>\n<\/tbody>\n<\/table>\n<p>&nbsp;<\/p>\n<ul>\n<li><strong>Con quale finalit\u00e0<\/strong><strong> trattiamo i suoi dati?<\/strong><\/li>\n<\/ul>\n<p>Ai sensi della normativa applicabile in materia di protezione dei dati personali, la informiamo che BIOBIZZ tratter\u00e0 i suoi dati personali principalmente con la finalit\u00e0 di gestire la relazione mantenuta con gli utenti del Sito Web.<\/p>\n<p>Inoltre, BIOBIZZ tratter\u00e0 i dati personali forniti per gestire le richieste ricevute tramite il Sito Web da parte degli utenti dello stesso, nonch\u00e9, nei casi in cui sia espressamente consentito, per fornire informazioni promozionali e\/o pubblicitarie sulle attivit\u00e0, prodotti e servizi di BIOBIZZ, attraverso diversi mezzi (inclusi quelli elettronici come per esempio SMS o posta elettronica), e documentazione di diversa natura che possa risultare d\u2019interesse o utile all\u2019Utente.<\/p>\n<p>Nel caso i n cui inserisse i suoi dati di contatto nel formulario abilitato nel Sito Web, i suoi dati personali saranno trattati con la finalit\u00e0 di ampliare le informazioni o stabilire qualche tipo di collaborazione con noi.<\/p>\n<p>Al riguardo, consideriamo che se non si oppone al trattamento dei suoi dati e\/o non li cancella espressamente, sar\u00e0 interessato a continuare ad essere inserito nel nostro trattamento fino a che BIOBIZZ lo consideri opportuno e fintanto che sia pertinente alla finalit\u00e0 per la quale sono stati ottenuti.<\/p>\n<ul>\n<li><strong>Per quanto tempo conserveremo i dati?<\/strong><\/li>\n<\/ul>\n<p>I suoi dati, saranno conservati per il tempo minimo necessario per soddisfare la finalit\u00e0 per la quale li ha forniti, nonch\u00e9 per adempiere alle responsabilit\u00e0 che possano derivare dai dati forniti e da qualsiasi altra esigenza legale.<\/p>\n<p>Al riguardo, consideriamo che se non si oppone al trattamento dei suoi dati e\/o non li cancella espressamente, sar\u00e0 interessato a continuare ad essere inserito nel nostro trattamento fino a che BIOBIZZ lo consideri opportuno e fintanto che sia pertinente alla finalit\u00e0 per la quale sono stati ottenuti.<\/p>\n<ul>\n<li><strong>Qual \u00e8 la legittimazione per il trattamento dei suoi dati?<\/strong><\/li>\n<\/ul>\n<p>La base legale per il trattamento dei suoi dati personali \u00e8 il consenso che presta all\u2019accettare questa Politica sulla Privacy prima di inviarci o fornirci i sui dati.<\/p>\n<p>I dati che le richiediamo sono adeguati, pertinenti e strettamente necessari e in nessun caso \u00e8 obbligato a fornirceli, ma la loro mancata comunicazione potr\u00e0 compromettere la finalit\u00e0 del servizio o l\u2019impossibilit\u00e0 ad essere prestato.<\/p>\n<ul>\n<li><strong>A quale destinatario comunicheremo i suoi dati?<\/strong><\/li>\n<\/ul>\n<p>BIOBIZZ non comunicher\u00e0 i suoi dati a nessun terzo, salvo che venga informato espressamente o esista obbligo legale.<\/p>\n<ul>\n<li><strong>Quali sono i suoi diritti? <\/strong><\/li>\n<\/ul>\n<p>BIOBIZZ la informa che i diritti di protezione dei dati dei quali dispone come titolare interessato sono:<\/p>\n<ul>\n<li>Diritto a richiedere l\u2019accesso ai dati personali relativi all\u2019interessato<\/li>\n<li>Diritto di rettifica<\/li>\n<li>Diritto si soppressione<\/li>\n<li>Diritto d\u2019opposizione<\/li>\n<li>Diritto a richiedere la limitazione del loro trattamento<\/li>\n<li>Diritto alla portabilit\u00e0 dei dati<\/li>\n<\/ul>\n<p>Potr\u00e0 esercitare i suoi diritti di protezione dei dati personali inviando una comunicazione scritta alla sede legale di BIOBIZZ o alla posta elettronica abilitata a tal fine, <u>info@biobizz.com<\/u>, includendo in entrambi i casi la fotocopia del suo Documento Nazionale d\u2019Identit\u00e0 (DNI) o di un altro documento identificativo equivalente.<\/p>\n<p>Inoltre, la informiamo che dispone dei modelli, formulari e altre informazioni sui suoi diritti sul sito web dell\u2019autorit\u00e0 di controllo nazionale, Agenzia Spagnola di Protezione dei Dati (<a href=\"http:\/\/www.agpd.es\/\">www.agpd.es<\/a>).<strong>\u00a0<\/strong><\/p>\n<ul>\n<li><strong>Utilizzazione del formulario del Sito Web<\/strong><\/li>\n<\/ul>\n<p>BIOBIZZ la informa che l\u2019utilizzo del formulario che comporta l\u2019invio d\u2019informazioni personali, non \u00e8 permesso ai minori di 14 anni, quindi, accettando questa politica sulla privacy, garantisce che al portare a termine l\u2019invio d\u2019informazioni ha compiuto almeno 14 anni e si rende pienamente responsabile di questa dichiarazione.<\/p>\n<p>Quando utilizza il formulario d\u2019invio d\u2019informazioni pubblicato nel Sito Web, la preghiamo di fornirci dati veritieri, completi, esatti e comunque aggiornati.<\/p>\n<ul>\n<li><strong>Quali misure di sicurezza adotta BIOBIZZ? <\/strong><\/li>\n<\/ul>\n<p>Con l\u2019obiettivo di salvaguardare la sicurezza dei suoi dati personali, la informiamo che BIOBIZZ ha adottato tutte le misure di carattere tecnico e organizzativo necessarie per garantire la sicurezza dei dati personali forniti. Tutto ci\u00f2 per evitare la loro alterazione, perdita, e\/o trattamenti o accessi non autorizzati, come esige la normativa, anche se la sicurezza assoluta non esiste.<\/p>\n<p>Inoltre, BIOBIZZ la informa che tutto il nostro personale, qualsiasi possa essere la fase del trattamento in cui intervenga, ha assunto l\u2019impegno di trattare i suoi dati con il massimo zelo e riservatezza. Le ricordiamo che n\u00e9 BIOBIZZ, n\u00e9 uno qualunque dei suoi dipendenti, ceder\u00e0 o comunicher\u00e0 i suoi dati a terzi, eccetto nei casi legalmente previsti, o salvo che lei lo autorizzi espressamente.[\/vc_column_text][\/vc_column][\/vc_row]\n","protected":false},"excerpt":{"rendered":"<p>[vc_row type=&#8221;in_container&#8221; full_screen_row_position=&#8221;middle&#8221; scene_position=&#8221;center&#8221; text_color=&#8221;dark&#8221; text_align=&#8221;left&#8221; overlay_strength=&#8221;0.3&#8243; shape_divider_position=&#8221;bottom&#8221; bg_image_animation=&#8221;none&#8221;][vc_column column_padding=&#8221;no-extra-padding&#8221; column_padding_position=&#8221;all&#8221; background_color_opacity=&#8221;1&#8243; background_hover_color_opacity=&#8221;1&#8243; column_link_target=&#8221;_self&#8221; column_shadow=&#8221;none&#8221; column_border_radius=&#8221;none&#8221; width=&#8221;1\/1&#8243; tablet_width_inherit=&#8221;default&#8221; tablet_text_alignment=&#8221;default&#8221; phone_text_alignment=&#8221;default&#8221; column_border_width=&#8221;none&#8221; column_border_style=&#8221;solid&#8221; bg_image_animation=&#8221;none&#8221;][vc_column_text] POLITICA SULLA PRIVACY \u00a0 La presente POLITICA&#8230;<\/p>\n","protected":false},"author":4,"featured_media":0,"parent":0,"menu_order":0,"comment_status":"closed","ping_status":"closed","template":"","meta":{"_acf_changed":false,"_monsterinsights_skip_tracking":false,"_monsterinsights_sitenote_active":false,"_monsterinsights_sitenote_note":"","_monsterinsights_sitenote_category":0,"footnotes":""},"class_list":["post-33776","page","type-page","status-publish"],"acf":[],"yoast_head":"<!-- This site is optimized with the Yoast SEO plugin v27.2 - https:\/\/yoast.com\/product\/yoast-seo-wordpress\/ -->\n<title>Privacy Policy - Biobizz<\/title>\n<meta name=\"robots\" content=\"noindex, nofollow\" \/>\n<meta property=\"og:locale\" content=\"it_IT\" \/>\n<meta property=\"og:type\" content=\"article\" \/>\n<meta property=\"og:title\" content=\"Privacy Policy - Biobizz\" \/>\n<meta property=\"og:description\" content=\"[vc_row type=&#8221;in_container&#8221; full_screen_row_position=&#8221;middle&#8221; scene_position=&#8221;center&#8221; text_color=&#8221;dark&#8221; text_align=&#8221;left&#8221; overlay_strength=&#8221;0.3&#8243; shape_divider_position=&#8221;bottom&#8221; bg_image_animation=&#8221;none&#8221;][vc_column column_padding=&#8221;no-extra-padding&#8221; column_padding_position=&#8221;all&#8221; background_color_opacity=&#8221;1&#8243; background_hover_color_opacity=&#8221;1&#8243; column_link_target=&#8221;_self&#8221; column_shadow=&#8221;none&#8221; column_border_radius=&#8221;none&#8221; width=&#8221;1\/1&#8243; tablet_width_inherit=&#8221;default&#8221; tablet_text_alignment=&#8221;default&#8221; phone_text_alignment=&#8221;default&#8221; column_border_width=&#8221;none&#8221; column_border_style=&#8221;solid&#8221; bg_image_animation=&#8221;none&#8221;][vc_column_text] POLITICA SULLA PRIVACY \u00a0 La presente POLITICA...\" \/>\n<meta property=\"og:url\" content=\"https:\/\/biobizz.com\/it\/privacy-policy\/\" \/>\n<meta property=\"og:site_name\" content=\"Biobizz\" \/>\n<meta property=\"article:modified_time\" content=\"2023-09-26T07:50:29+00:00\" \/>\n<meta name=\"twitter:card\" content=\"summary_large_image\" \/>\n<meta name=\"twitter:label1\" content=\"Tempo di lettura stimato\" \/>\n\t<meta name=\"twitter:data1\" content=\"4 minuti\" \/>\n<script type=\"application\/ld+json\" class=\"yoast-schema-graph\">{\"@context\":\"https:\/\/schema.org\",\"@graph\":[{\"@type\":\"WebPage\",\"@id\":\"https:\/\/biobizz.com\/it\/privacy-policy\/\",\"url\":\"https:\/\/biobizz.com\/it\/privacy-policy\/\",\"name\":\"Privacy Policy - Biobizz\",\"isPartOf\":{\"@id\":\"https:\/\/biobizz.com\/it\/#website\"},\"datePublished\":\"2019-06-20T07:51:13+00:00\",\"dateModified\":\"2023-09-26T07:50:29+00:00\",\"breadcrumb\":{\"@id\":\"https:\/\/biobizz.com\/it\/privacy-policy\/#breadcrumb\"},\"inLanguage\":\"it-IT\",\"potentialAction\":[{\"@type\":\"ReadAction\",\"target\":[\"https:\/\/biobizz.com\/it\/privacy-policy\/\"]}]},{\"@type\":\"BreadcrumbList\",\"@id\":\"https:\/\/biobizz.com\/it\/privacy-policy\/#breadcrumb\",\"itemListElement\":[{\"@type\":\"ListItem\",\"position\":1,\"name\":\"Portada\",\"item\":\"https:\/\/biobizz.com\/it\/\"},{\"@type\":\"ListItem\",\"position\":2,\"name\":\"Privacy Policy\"}]},{\"@type\":\"WebSite\",\"@id\":\"https:\/\/biobizz.com\/it\/#website\",\"url\":\"https:\/\/biobizz.com\/it\/\",\"name\":\"Biobizz\",\"description\":\"World Wide Organics\",\"publisher\":{\"@id\":\"https:\/\/biobizz.com\/it\/#organization\"},\"potentialAction\":[{\"@type\":\"SearchAction\",\"target\":{\"@type\":\"EntryPoint\",\"urlTemplate\":\"https:\/\/biobizz.com\/it\/?s={search_term_string}\"},\"query-input\":{\"@type\":\"PropertyValueSpecification\",\"valueRequired\":true,\"valueName\":\"search_term_string\"}}],\"inLanguage\":\"it-IT\"},{\"@type\":\"Organization\",\"@id\":\"https:\/\/biobizz.com\/it\/#organization\",\"name\":\"Biobizz\",\"url\":\"https:\/\/biobizz.com\/it\/\",\"logo\":{\"@type\":\"ImageObject\",\"inLanguage\":\"it-IT\",\"@id\":\"https:\/\/biobizz.com\/it\/#\/schema\/logo\/image\/\",\"url\":\"https:\/\/biobizz.com\/wp-content\/uploads\/2019\/09\/biobizz-logo-dark.png\",\"contentUrl\":\"https:\/\/biobizz.com\/wp-content\/uploads\/2019\/09\/biobizz-logo-dark.png\",\"width\":300,\"height\":67,\"caption\":\"Biobizz\"},\"image\":{\"@id\":\"https:\/\/biobizz.com\/it\/#\/schema\/logo\/image\/\"}}]}<\/script>\n<!-- \/ Yoast SEO plugin. -->","yoast_head_json":{"title":"Privacy Policy - Biobizz","robots":{"index":"noindex","follow":"nofollow"},"og_locale":"it_IT","og_type":"article","og_title":"Privacy Policy - Biobizz","og_description":"[vc_row type=&#8221;in_container&#8221; full_screen_row_position=&#8221;middle&#8221; scene_position=&#8221;center&#8221; text_color=&#8221;dark&#8221; text_align=&#8221;left&#8221; overlay_strength=&#8221;0.3&#8243; shape_divider_position=&#8221;bottom&#8221; bg_image_animation=&#8221;none&#8221;][vc_column column_padding=&#8221;no-extra-padding&#8221; column_padding_position=&#8221;all&#8221; background_color_opacity=&#8221;1&#8243; background_hover_color_opacity=&#8221;1&#8243; column_link_target=&#8221;_self&#8221; column_shadow=&#8221;none&#8221; column_border_radius=&#8221;none&#8221; width=&#8221;1\/1&#8243; tablet_width_inherit=&#8221;default&#8221; tablet_text_alignment=&#8221;default&#8221; phone_text_alignment=&#8221;default&#8221; column_border_width=&#8221;none&#8221; column_border_style=&#8221;solid&#8221; bg_image_animation=&#8221;none&#8221;][vc_column_text] POLITICA SULLA PRIVACY \u00a0 La presente POLITICA...","og_url":"https:\/\/biobizz.com\/it\/privacy-policy\/","og_site_name":"Biobizz","article_modified_time":"2023-09-26T07:50:29+00:00","twitter_card":"summary_large_image","twitter_misc":{"Tempo di lettura stimato":"4 minuti"},"schema":{"@context":"https:\/\/schema.org","@graph":[{"@type":"WebPage","@id":"https:\/\/biobizz.com\/it\/privacy-policy\/","url":"https:\/\/biobizz.com\/it\/privacy-policy\/","name":"Privacy Policy - Biobizz","isPartOf":{"@id":"https:\/\/biobizz.com\/it\/#website"},"datePublished":"2019-06-20T07:51:13+00:00","dateModified":"2023-09-26T07:50:29+00:00","breadcrumb":{"@id":"https:\/\/biobizz.com\/it\/privacy-policy\/#breadcrumb"},"inLanguage":"it-IT","potentialAction":[{"@type":"ReadAction","target":["https:\/\/biobizz.com\/it\/privacy-policy\/"]}]},{"@type":"BreadcrumbList","@id":"https:\/\/biobizz.com\/it\/privacy-policy\/#breadcrumb","itemListElement":[{"@type":"ListItem","position":1,"name":"Portada","item":"https:\/\/biobizz.com\/it\/"},{"@type":"ListItem","position":2,"name":"Privacy Policy"}]},{"@type":"WebSite","@id":"https:\/\/biobizz.com\/it\/#website","url":"https:\/\/biobizz.com\/it\/","name":"Biobizz","description":"World Wide Organics","publisher":{"@id":"https:\/\/biobizz.com\/it\/#organization"},"potentialAction":[{"@type":"SearchAction","target":{"@type":"EntryPoint","urlTemplate":"https:\/\/biobizz.com\/it\/?s={search_term_string}"},"query-input":{"@type":"PropertyValueSpecification","valueRequired":true,"valueName":"search_term_string"}}],"inLanguage":"it-IT"},{"@type":"Organization","@id":"https:\/\/biobizz.com\/it\/#organization","name":"Biobizz","url":"https:\/\/biobizz.com\/it\/","logo":{"@type":"ImageObject","inLanguage":"it-IT","@id":"https:\/\/biobizz.com\/it\/#\/schema\/logo\/image\/","url":"https:\/\/biobizz.com\/wp-content\/uploads\/2019\/09\/biobizz-logo-dark.png","contentUrl":"https:\/\/biobizz.com\/wp-content\/uploads\/2019\/09\/biobizz-logo-dark.png","width":300,"height":67,"caption":"Biobizz"},"image":{"@id":"https:\/\/biobizz.com\/it\/#\/schema\/logo\/image\/"}}]}},"_links":{"self":[{"href":"https:\/\/biobizz.com\/it\/wp-json\/wp\/v2\/pages\/33776","targetHints":{"allow":["GET"]}}],"collection":[{"href":"https:\/\/biobizz.com\/it\/wp-json\/wp\/v2\/pages"}],"about":[{"href":"https:\/\/biobizz.com\/it\/wp-json\/wp\/v2\/types\/page"}],"author":[{"embeddable":true,"href":"https:\/\/biobizz.com\/it\/wp-json\/wp\/v2\/users\/4"}],"replies":[{"embeddable":true,"href":"https:\/\/biobizz.com\/it\/wp-json\/wp\/v2\/comments?post=33776"}],"version-history":[{"count":5,"href":"https:\/\/biobizz.com\/it\/wp-json\/wp\/v2\/pages\/33776\/revisions"}],"predecessor-version":[{"id":34822,"href":"https:\/\/biobizz.com\/it\/wp-json\/wp\/v2\/pages\/33776\/revisions\/34822"}],"wp:attachment":[{"href":"https:\/\/biobizz.com\/it\/wp-json\/wp\/v2\/media?parent=33776"}],"curies":[{"name":"wp","href":"https:\/\/api.w.org\/{rel}","templated":true}]}}