{"id":15304,"date":"2019-09-19T11:36:32","date_gmt":"2019-09-19T09:36:32","guid":{"rendered":"http:\/\/www.redefinekeys.com\/desarrollo\/biobizz\/?page_id=15304"},"modified":"2021-09-21T11:09:17","modified_gmt":"2021-09-21T09:09:17","slug":"su-biobizz","status":"publish","type":"page","link":"https:\/\/biobizz.com\/it\/su-biobizz\/","title":{"rendered":"Su Biobizz"},"content":{"rendered":"[vc_row type=&#8221;full_width_background&#8221; full_screen_row_position=&#8221;middle&#8221; scene_position=&#8221;center&#8221; text_color=&#8221;dark&#8221; text_align=&#8221;left&#8221; overlay_strength=&#8221;0.3&#8243; shape_divider_position=&#8221;bottom&#8221; bg_image_animation=&#8221;none&#8221;][vc_column column_padding=&#8221;no-extra-padding&#8221; column_padding_position=&#8221;all&#8221; background_color_opacity=&#8221;1&#8243; background_hover_color_opacity=&#8221;1&#8243; column_link_target=&#8221;_self&#8221; column_shadow=&#8221;none&#8221; column_border_radius=&#8221;none&#8221; width=&#8221;1\/1&#8243; tablet_width_inherit=&#8221;default&#8221; tablet_text_alignment=&#8221;default&#8221; phone_text_alignment=&#8221;default&#8221; column_border_width=&#8221;none&#8221; column_border_style=&#8221;solid&#8221; bg_image_animation=&#8221;none&#8221;][page_submenu alignment=&#8221;center&#8221; bg_color=&#8221;#322422&#8243; link_color=&#8221;#ffffff&#8221;][page_link link_url=&#8221;#introduccion&#8221; title=&#8221;Introduzione&#8221; id=&#8221;1632215224153-3&#8243; tab_id=&#8221;1632215224153-3&#8243;] [\/page_link][page_link link_url=&#8221;#compromisos&#8221; title=&#8221;La nostra visione\/missione&#8221; id=&#8221;1632215224388-0&#8243; tab_id=&#8221;1632215224388-10&#8243;] [\/page_link][page_link link_url=&#8221;#personas&#8221; title=&#8221;Il nostro obiettivo&#8221; id=&#8221;1632215224507-6&#8243; tab_id=&#8221;1632215224508-9&#8243;] [\/page_link][\/page_submenu][\/vc_column][\/vc_row][vc_row type=&#8221;full_width_background&#8221; full_screen_row_position=&#8221;middle&#8221; bg_color=&#8221;#ffffff&#8221; scene_position=&#8221;center&#8221; text_color=&#8221;dark&#8221; text_align=&#8221;left&#8221; top_padding=&#8221;5%&#8221; bottom_padding=&#8221;5%&#8221; id=&#8221;introduccion&#8221; enable_gradient=&#8221;true&#8221; color_overlay=&#8221;#bfbfbf&#8221; gradient_direction=&#8221;left_to_right&#8221; overlay_strength=&#8221;0.3&#8243; shape_divider_position=&#8221;bottom&#8221; bg_image_animation=&#8221;none&#8221; shape_type=&#8221;&#8221;][vc_column column_padding=&#8221;padding-2-percent&#8221; column_padding_position=&#8221;all&#8221; background_color_opacity=&#8221;1&#8243; background_hover_color_opacity=&#8221;1&#8243; column_link_target=&#8221;_self&#8221; column_shadow=&#8221;none&#8221; column_border_radius=&#8221;none&#8221; width=&#8221;1\/1&#8243; tablet_width_inherit=&#8221;default&#8221; tablet_text_alignment=&#8221;default&#8221; phone_text_alignment=&#8221;default&#8221; column_border_width=&#8221;none&#8221; column_border_style=&#8221;solid&#8221; bg_image_animation=&#8221;none&#8221;][split_line_heading]\n<h2>Biobizz porta l&#8217;agricoltura biologica in ogni angolo del mondo<\/h2>\n[\/split_line_heading][vc_row_inner column_margin=&#8221;default&#8221; top_padding=&#8221;15&#8243; bottom_padding=&#8221;25&#8243; text_align=&#8221;left&#8221;][vc_column_inner column_padding=&#8221;no-extra-padding&#8221; column_padding_position=&#8221;all&#8221; background_color_opacity=&#8221;1&#8243; background_hover_color_opacity=&#8221;1&#8243; column_shadow=&#8221;none&#8221; column_border_radius=&#8221;none&#8221; column_link_target=&#8221;_self&#8221; width=&#8221;1\/1&#8243; tablet_width_inherit=&#8221;default&#8221; column_border_width=&#8221;none&#8221; column_border_style=&#8221;solid&#8221; bg_image_animation=&#8221;none&#8221; enable_animation=&#8221;true&#8221; animation=&#8221;fade-in-from-bottom&#8221;][vc_column_text]Biobizz World Wide Organics si dedica alla produzione e all\u2019esportazione di fertilizzanti organici garantendo la massima qualit\u00e0 di ciascuno dei prodotti che creiamo, nonch\u00e9 il risultato che il coltivatore ottiene quando li utilizza.[\/vc_column_text][\/vc_column_inner][\/vc_row_inner][vc_column_text css=&#8221;.vc_custom_1569840875011{margin-bottom: 18px !important;}&#8221;]\n<h5>La nosta visione: La Terra<\/h5>\n[\/vc_column_text][vc_column_text css=&#8221;.vc_custom_1569840884064{margin-bottom: 18px !important;}&#8221;]La nostra filosofia \u00e8 molto semplice: fare in modo che l\u2019agricoltura biologica raggiunga il maggior numero possibile di persone per ridurre al minimo l\u2019impatto che lasciamo nel mondo in cui viviamo.<\/p>\n<p>Da quando abbiamo iniziato a produrre prodotti biologici nel 1992, abbiamo cercato di creare un\u2019agricoltura sostenibile, incoraggiare l\u2019autosufficienza, e sottolineare l\u2019importanza di utilizzare prodotti e metodi naturali per ottenere tutto ci\u00f2 di cui abbiamo bisogno.[\/vc_column_text][divider line_type=&#8221;No Line&#8221; custom_height=&#8221;20&#8243;][vc_column_text css=&#8221;.vc_custom_1569840895363{margin-bottom: 18px !important;}&#8221;]\n<h5>La nostra missione: promuovere un&#8217;agricoltura sostenibile dal 1992<\/h5>\n[\/vc_column_text][vc_column_text css=&#8221;.vc_custom_1632215346922{margin-bottom: 18px !important;}&#8221;]Biobizz \u00e8 stata fondata nel 1992 a Groningen, Paesi Bassi. All\u2019epoca, era una piccola impresa a conduzione familiare, con una linea di prodotti pi\u00f9 piccola, ma il DNA del prodotto era gi\u00e0 molto evidente.<\/p>\n<p>Da allora Biobizz non ha smesso di crescere. Oggi siamo presenti in 70 paesi diversi. Nonostante questo, ci sentiamo ancora come appartenenti ad una famiglia, perch\u00e9 tutti i membri del team si conoscono e lavorano insieme affinch\u00e9 Biobizz continui ad essere un\u2019azienda leader nel settore.[\/vc_column_text][\/vc_column][\/vc_row][vc_row type=&#8221;full_width_background&#8221; full_screen_row_position=&#8221;middle&#8221; bg_image=&#8221;15600&#8243; bg_position=&#8221;left top&#8221; bg_repeat=&#8221;no-repeat&#8221; scene_position=&#8221;center&#8221; text_color=&#8221;dark&#8221; text_align=&#8221;left&#8221; top_padding=&#8221;7%&#8221; bottom_padding=&#8221;7%&#8221; id=&#8221;compromisos&#8221; overlay_strength=&#8221;1&#8243; shape_divider_position=&#8221;bottom&#8221; bg_image_animation=&#8221;none&#8221; shape_type=&#8221;&#8221;][vc_column column_padding=&#8221;padding-1-percent&#8221; column_padding_position=&#8221;all&#8221; background_color_opacity=&#8221;1&#8243; background_hover_color_opacity=&#8221;1&#8243; column_link_target=&#8221;_self&#8221; column_shadow=&#8221;none&#8221; column_border_radius=&#8221;none&#8221; width=&#8221;1\/3&#8243; tablet_width_inherit=&#8221;default&#8221; tablet_text_alignment=&#8221;default&#8221; phone_text_alignment=&#8221;default&#8221; column_border_width=&#8221;none&#8221; column_border_style=&#8221;solid&#8221; bg_image_animation=&#8221;none&#8221; enable_animation=&#8221;true&#8221; animation=&#8221;reveal-from-bottom&#8221;][fancy_box box_style=&#8221;default&#8221; icon_family=&#8221;none&#8221; image_url=&#8221;6083&#8243; color=&#8221;accent-color&#8221; min_height=&#8221;400&#8243;]\n<h3>Cura per le piante e le persone<\/h3>\n<p>In Biobizz crediamo che la salute delle piante e delle persone siano importanti allo stesso modo. Per questo motivo, i nostri prodotti non contengono alcun tipo di additivi artificiali, pesticidi sintetici o metalli pesanti nocivi.<\/p>\n<p>Usiamo solo ingredienti naturali al 100% certificati di origine controllata. Se il prodotto \u00e8 stato coltivato con Biobizz, non solo \u00e8 delizioso, ma \u00e8 anche sicuro e sano per chiunque lo consumi.[\/fancy_box][\/vc_column][vc_column column_padding=&#8221;padding-1-percent&#8221; column_padding_position=&#8221;all&#8221; background_color_opacity=&#8221;1&#8243; background_hover_color_opacity=&#8221;1&#8243; column_link_target=&#8221;_self&#8221; column_shadow=&#8221;none&#8221; column_border_radius=&#8221;none&#8221; width=&#8221;1\/3&#8243; tablet_width_inherit=&#8221;default&#8221; tablet_text_alignment=&#8221;default&#8221; phone_text_alignment=&#8221;default&#8221; column_border_width=&#8221;none&#8221; column_border_style=&#8221;solid&#8221; bg_image_animation=&#8221;none&#8221; enable_animation=&#8221;true&#8221; animation=&#8221;reveal-from-bottom&#8221; delay=&#8221;200&#8243;][fancy_box box_style=&#8221;default&#8221; icon_family=&#8221;none&#8221; image_url=&#8221;6082&#8243; color=&#8221;accent-color&#8221; min_height=&#8221;400&#8243;]\n<h3>Sappiamo che i prodotti biologici garantiscono i risultati migliori<\/h3>\n<p>Il rispetto dell\u2019ambiente \u00e8 una questione di vitale importanza, ma in Biobizz crediamo anche che non sia necessario dover rinunciare ai risultati in favore dell\u2019ecologia. Ecco perch\u00e9 i nostri prodotti biologici al 100% garantiscono un raccolto impressionante, sia in qualit\u00e0 che in quantit\u00e0.<\/p>\n<p>Agricoltura biologica significa sfruttare al meglio ci\u00f2 che la natura ci offre. Questo si traduce in un raccolto abbondante, piante sane, fiori rigogliosi e un sapore naturale intenso.[\/fancy_box][\/vc_column][vc_column column_padding=&#8221;padding-1-percent&#8221; column_padding_position=&#8221;all&#8221; background_color_opacity=&#8221;1&#8243; background_hover_color_opacity=&#8221;1&#8243; column_link_target=&#8221;_self&#8221; column_shadow=&#8221;none&#8221; column_border_radius=&#8221;none&#8221; width=&#8221;1\/3&#8243; tablet_width_inherit=&#8221;default&#8221; tablet_text_alignment=&#8221;default&#8221; phone_text_alignment=&#8221;default&#8221; column_border_width=&#8221;none&#8221; column_border_style=&#8221;solid&#8221; bg_image_animation=&#8221;none&#8221; enable_animation=&#8221;true&#8221; animation=&#8221;reveal-from-bottom&#8221; delay=&#8221;400&#8243;][fancy_box box_style=&#8221;default&#8221; icon_family=&#8221;none&#8221; image_url=&#8221;6052&#8243; color=&#8221;accent-color&#8221; min_height=&#8221;400&#8243;]\n<h3>Solo prodotti certificati al 100% sono biologico al 100%<\/h3>\n<p>Abbiamo creato una linea di substrati organici, fertilizzanti liquidi e potenziatori di substrato per gli agricoltori piu esigenti.<\/p>\n<p>Per garantire l\u2019origine e il processo di produzione di tutti i prodotti Biobizz, la nostra azienda ha pi\u00f9 certificati di qualsiasi altra azienda del settore. Abbiamo lavorato sodo per passare i test pi\u00f9 complessi e ottenere i certificati che ci permettono di garantire che i nostri prodotti siano al 100% biologici e rispettosi dell\u2019ambiente.[\/fancy_box][\/vc_column][\/vc_row][vc_row type=&#8221;full_width_background&#8221; full_screen_row_position=&#8221;middle&#8221; bg_color=&#8221;#ffffff&#8221; scene_position=&#8221;center&#8221; text_color=&#8221;dark&#8221; text_align=&#8221;left&#8221; top_padding=&#8221;5%&#8221; bottom_padding=&#8221;5%&#8221; id=&#8221;personas&#8221; overlay_strength=&#8221;0.3&#8243; shape_divider_position=&#8221;bottom&#8221; bg_image_animation=&#8221;none&#8221; shape_type=&#8221;&#8221;][vc_column column_padding=&#8221;padding-2-percent&#8221; column_padding_position=&#8221;all&#8221; background_color_opacity=&#8221;1&#8243; background_hover_color_opacity=&#8221;1&#8243; column_link_target=&#8221;_self&#8221; column_shadow=&#8221;none&#8221; column_border_radius=&#8221;none&#8221; width=&#8221;1\/1&#8243; tablet_width_inherit=&#8221;default&#8221; tablet_text_alignment=&#8221;default&#8221; phone_text_alignment=&#8221;default&#8221; column_border_width=&#8221;none&#8221; column_border_style=&#8221;solid&#8221; bg_image_animation=&#8221;none&#8221;][split_line_heading]\n<h2>Il meglio per le persone, senza nulla di dannoso per la Terra<\/h2>\n[\/split_line_heading][vc_row_inner column_margin=&#8221;default&#8221; top_padding=&#8221;15&#8243; bottom_padding=&#8221;25&#8243; text_align=&#8221;left&#8221;][vc_column_inner column_padding=&#8221;no-extra-padding&#8221; column_padding_position=&#8221;all&#8221; background_color_opacity=&#8221;1&#8243; background_hover_color_opacity=&#8221;1&#8243; column_shadow=&#8221;none&#8221; column_border_radius=&#8221;none&#8221; column_link_target=&#8221;_self&#8221; width=&#8221;1\/1&#8243; tablet_width_inherit=&#8221;default&#8221; column_border_width=&#8221;none&#8221; column_border_style=&#8221;solid&#8221; bg_image_animation=&#8221;none&#8221; enable_animation=&#8221;true&#8221; animation=&#8221;fade-in-from-bottom&#8221;][vc_column_text]Crediamo che sia giunto il momento che l\u2019agricoltura lasci il laboratorio e metta le radici nel posto di appartenenza: la Terra. Ogni volta che usate Biobizz potete essere sicuri che nessun elemento nocivo finir\u00e0 per contaminare le falde acquifere circostanti o decimare la vita selvatica nelle vicinanze, mentre vi godete le vostre piante in salute e i raccolti abbondanti.[\/vc_column_text][divider line_type=&#8221;No Line&#8221; custom_height=&#8221;20&#8243;][vc_column_text css=&#8221;.vc_custom_1569841078334{margin-bottom: 18px !important;}&#8221;]\n<h5>Viviamo l&#8217;agricoltura biologica<\/h5>\n[\/vc_column_text][vc_column_text css=&#8221;.vc_custom_1569841087384{margin-bottom: 18px !important;}&#8221;]Biobizz non crea solo prodotti biologici al 100% per l\u2019agricoltura biologica. Incoraggiamo anche l\u2019adozione delle pratice migliori quando si coltiva utilizzando i nostri prodotti nelle nostre serre.<\/p>\n<p>Vicino alle nostre strutture principali c\u2019\u00e8 una serra nella quale coltiviamo ortaggi e un po\u2019 di frutta, incoraggiando l\u2019autocoltivazione e assicurandoci che le nostre colture siano sempre pulite, 100% biologiche e rispettose dell\u2019ambiente.<\/p>\n<p>Questa serra \u00e8 solo uno dei tanti controlli di qualit\u00e0 attraverso i quali passano i nostri prodotti. \u00c8 un modo per mettere in pratica tutte le nostre conoscenze e vedere i nostri prodotti funzionare al meglio.<\/p>\n<p>Le coltivazioni che otteniamo sono il modo migliore per chiudere il cerchio, dagli ingredienti dei nostri prodotti agli ingredienti che raggiungono i nostri piatti.[\/vc_column_text][divider line_type=&#8221;No Line&#8221; custom_height=&#8221;20&#8243;][\/vc_column_inner][\/vc_row_inner][vc_column_text]\n<h5>Il nostro obiettivo<\/h5>\n[\/vc_column_text][vc_column_text css=&#8221;.vc_custom_1610010254580{margin-bottom: 18px !important;}&#8221;]L\u2019obiettivo di Biobizz \u00e8 stato e sar\u00e0 sempre quello di promuovere l\u2019agricoltura biologica e di offrire ai coltivatori i migliori risultati grazie a prodotti 100% biologici.<\/p>\n<p>Attualmente la sede centrale di Biobizz si trova a Bilbao. In questa sede, si trovano la maggior parte degli uffici amministrativi, come ad esempio quelli finanziari, del marketing o della logistica, cos\u00ec come il principale sito di produzione per i nostri prodotti. Inoltre, abbiamo degli uffici a Barcellona, Francia, Regno Unito\u00a0e negli Stati Uniti.<\/p>\n<p>Queste strutture, insieme al nostro ufficio vendite, ci permettono di essere presenti in 64 paesi del mondo. I prodotti Biobizz si trovano in quasi tutti i paesi europei, Nord e Sud America, e altri paesi come il Sud Africa o l\u2019Australia.[\/vc_column_text][\/vc_column][\/vc_row][vc_row type=&#8221;full_width_background&#8221; full_screen_row_position=&#8221;middle&#8221; scene_position=&#8221;center&#8221; text_color=&#8221;dark&#8221; text_align=&#8221;left&#8221; id=&#8221;media&#8221; overlay_strength=&#8221;0.3&#8243; shape_divider_position=&#8221;bottom&#8221; bg_image_animation=&#8221;none&#8221; shape_type=&#8221;&#8221;][vc_column column_padding=&#8221;no-extra-padding&#8221; column_padding_position=&#8221;all&#8221; background_color_opacity=&#8221;1&#8243; background_hover_color_opacity=&#8221;1&#8243; column_link_target=&#8221;_self&#8221; column_shadow=&#8221;none&#8221; column_border_radius=&#8221;none&#8221; width=&#8221;1\/1&#8243; tablet_width_inherit=&#8221;default&#8221; tablet_text_alignment=&#8221;default&#8221; phone_text_alignment=&#8221;default&#8221; column_border_width=&#8221;none&#8221; column_border_style=&#8221;solid&#8221; bg_image_animation=&#8221;none&#8221;][vc_gallery type=&#8221;image_grid&#8221; images=&#8221;17158,17165,17172,17179&#8243; layout=&#8221;4&#8243; item_spacing=&#8221;default&#8221; gallery_style=&#8221;7&#8243; load_in_animation=&#8221;none&#8221; img_size=&#8221;500&#215;500&#8243;][divider line_type=&#8221;No Line&#8221; custom_height=&#8221;25&#8243;][\/vc_column][\/vc_row]\n","protected":false},"excerpt":{"rendered":"<p>[vc_row type=&#8221;full_width_background&#8221; full_screen_row_position=&#8221;middle&#8221; scene_position=&#8221;center&#8221; text_color=&#8221;dark&#8221; text_align=&#8221;left&#8221; overlay_strength=&#8221;0.3&#8243; shape_divider_position=&#8221;bottom&#8221; bg_image_animation=&#8221;none&#8221;][vc_column column_padding=&#8221;no-extra-padding&#8221; column_padding_position=&#8221;all&#8221; background_color_opacity=&#8221;1&#8243; background_hover_color_opacity=&#8221;1&#8243; column_link_target=&#8221;_self&#8221; column_shadow=&#8221;none&#8221; column_border_radius=&#8221;none&#8221; width=&#8221;1\/1&#8243; tablet_width_inherit=&#8221;default&#8221; tablet_text_alignment=&#8221;default&#8221; phone_text_alignment=&#8221;default&#8221; column_border_width=&#8221;none&#8221; column_border_style=&#8221;solid&#8221; bg_image_animation=&#8221;none&#8221;][page_submenu alignment=&#8221;center&#8221; bg_color=&#8221;#322422&#8243; link_color=&#8221;#ffffff&#8221;][page_link link_url=&#8221;#introduccion&#8221; title=&#8221;Introduzione&#8221; id=&#8221;1632215224153-3&#8243; tab_id=&#8221;1632215224153-3&#8243;]&#8230;<\/p>\n","protected":false},"author":4,"featured_media":0,"parent":0,"menu_order":0,"comment_status":"closed","ping_status":"closed","template":"","meta":{"_acf_changed":false,"_monsterinsights_skip_tracking":false,"_monsterinsights_sitenote_active":false,"_monsterinsights_sitenote_note":"","_monsterinsights_sitenote_category":0,"footnotes":""},"class_list":["post-15304","page","type-page","status-publish"],"acf":[],"yoast_head":"<!-- This site is optimized with the Yoast SEO plugin v27.2 - https:\/\/yoast.com\/product\/yoast-seo-wordpress\/ -->\n<title>Su Biobizz - Biobizz<\/title>\n<meta name=\"robots\" content=\"index, follow, max-snippet:-1, max-image-preview:large, max-video-preview:-1\" \/>\n<link rel=\"canonical\" href=\"https:\/\/biobizz.com\/it\/su-biobizz\/\" \/>\n<meta property=\"og:locale\" content=\"it_IT\" \/>\n<meta property=\"og:type\" content=\"article\" \/>\n<meta property=\"og:title\" content=\"Su Biobizz - Biobizz\" \/>\n<meta property=\"og:description\" content=\"[vc_row type=&#8221;full_width_background&#8221; full_screen_row_position=&#8221;middle&#8221; scene_position=&#8221;center&#8221; text_color=&#8221;dark&#8221; text_align=&#8221;left&#8221; overlay_strength=&#8221;0.3&#8243; shape_divider_position=&#8221;bottom&#8221; bg_image_animation=&#8221;none&#8221;][vc_column column_padding=&#8221;no-extra-padding&#8221; column_padding_position=&#8221;all&#8221; background_color_opacity=&#8221;1&#8243; background_hover_color_opacity=&#8221;1&#8243; column_link_target=&#8221;_self&#8221; column_shadow=&#8221;none&#8221; column_border_radius=&#8221;none&#8221; width=&#8221;1\/1&#8243; tablet_width_inherit=&#8221;default&#8221; tablet_text_alignment=&#8221;default&#8221; phone_text_alignment=&#8221;default&#8221; column_border_width=&#8221;none&#8221; column_border_style=&#8221;solid&#8221; bg_image_animation=&#8221;none&#8221;][page_submenu alignment=&#8221;center&#8221; bg_color=&#8221;#322422&#8243; link_color=&#8221;#ffffff&#8221;][page_link link_url=&#8221;#introduccion&#8221; title=&#8221;Introduzione&#8221; id=&#8221;1632215224153-3&#8243; tab_id=&#8221;1632215224153-3&#8243;]...\" \/>\n<meta property=\"og:url\" content=\"https:\/\/biobizz.com\/it\/su-biobizz\/\" \/>\n<meta property=\"og:site_name\" content=\"Biobizz\" \/>\n<meta property=\"article:modified_time\" content=\"2021-09-21T09:09:17+00:00\" \/>\n<meta name=\"twitter:card\" content=\"summary_large_image\" \/>\n<meta name=\"twitter:label1\" content=\"Tempo di lettura stimato\" \/>\n\t<meta name=\"twitter:data1\" content=\"5 minuti\" \/>\n<script type=\"application\/ld+json\" class=\"yoast-schema-graph\">{\"@context\":\"https:\/\/schema.org\",\"@graph\":[{\"@type\":\"WebPage\",\"@id\":\"https:\/\/biobizz.com\/it\/su-biobizz\/\",\"url\":\"https:\/\/biobizz.com\/it\/su-biobizz\/\",\"name\":\"Su Biobizz - Biobizz\",\"isPartOf\":{\"@id\":\"https:\/\/biobizz.com\/it\/#website\"},\"datePublished\":\"2019-09-19T09:36:32+00:00\",\"dateModified\":\"2021-09-21T09:09:17+00:00\",\"breadcrumb\":{\"@id\":\"https:\/\/biobizz.com\/it\/su-biobizz\/#breadcrumb\"},\"inLanguage\":\"it-IT\",\"potentialAction\":[{\"@type\":\"ReadAction\",\"target\":[\"https:\/\/biobizz.com\/it\/su-biobizz\/\"]}]},{\"@type\":\"BreadcrumbList\",\"@id\":\"https:\/\/biobizz.com\/it\/su-biobizz\/#breadcrumb\",\"itemListElement\":[{\"@type\":\"ListItem\",\"position\":1,\"name\":\"Portada\",\"item\":\"https:\/\/biobizz.com\/it\/\"},{\"@type\":\"ListItem\",\"position\":2,\"name\":\"Su Biobizz\"}]},{\"@type\":\"WebSite\",\"@id\":\"https:\/\/biobizz.com\/it\/#website\",\"url\":\"https:\/\/biobizz.com\/it\/\",\"name\":\"Biobizz\",\"description\":\"World Wide Organics\",\"publisher\":{\"@id\":\"https:\/\/biobizz.com\/it\/#organization\"},\"potentialAction\":[{\"@type\":\"SearchAction\",\"target\":{\"@type\":\"EntryPoint\",\"urlTemplate\":\"https:\/\/biobizz.com\/it\/?s={search_term_string}\"},\"query-input\":{\"@type\":\"PropertyValueSpecification\",\"valueRequired\":true,\"valueName\":\"search_term_string\"}}],\"inLanguage\":\"it-IT\"},{\"@type\":\"Organization\",\"@id\":\"https:\/\/biobizz.com\/it\/#organization\",\"name\":\"Biobizz\",\"url\":\"https:\/\/biobizz.com\/it\/\",\"logo\":{\"@type\":\"ImageObject\",\"inLanguage\":\"it-IT\",\"@id\":\"https:\/\/biobizz.com\/it\/#\/schema\/logo\/image\/\",\"url\":\"https:\/\/biobizz.com\/wp-content\/uploads\/2019\/09\/biobizz-logo-dark.png\",\"contentUrl\":\"https:\/\/biobizz.com\/wp-content\/uploads\/2019\/09\/biobizz-logo-dark.png\",\"width\":300,\"height\":67,\"caption\":\"Biobizz\"},\"image\":{\"@id\":\"https:\/\/biobizz.com\/it\/#\/schema\/logo\/image\/\"}}]}<\/script>\n<!-- \/ Yoast SEO plugin. -->","yoast_head_json":{"title":"Su Biobizz - Biobizz","robots":{"index":"index","follow":"follow","max-snippet":"max-snippet:-1","max-image-preview":"max-image-preview:large","max-video-preview":"max-video-preview:-1"},"canonical":"https:\/\/biobizz.com\/it\/su-biobizz\/","og_locale":"it_IT","og_type":"article","og_title":"Su Biobizz - Biobizz","og_description":"[vc_row type=&#8221;full_width_background&#8221; full_screen_row_position=&#8221;middle&#8221; scene_position=&#8221;center&#8221; text_color=&#8221;dark&#8221; text_align=&#8221;left&#8221; overlay_strength=&#8221;0.3&#8243; shape_divider_position=&#8221;bottom&#8221; bg_image_animation=&#8221;none&#8221;][vc_column column_padding=&#8221;no-extra-padding&#8221; column_padding_position=&#8221;all&#8221; background_color_opacity=&#8221;1&#8243; background_hover_color_opacity=&#8221;1&#8243; column_link_target=&#8221;_self&#8221; column_shadow=&#8221;none&#8221; column_border_radius=&#8221;none&#8221; width=&#8221;1\/1&#8243; tablet_width_inherit=&#8221;default&#8221; tablet_text_alignment=&#8221;default&#8221; phone_text_alignment=&#8221;default&#8221; column_border_width=&#8221;none&#8221; column_border_style=&#8221;solid&#8221; bg_image_animation=&#8221;none&#8221;][page_submenu alignment=&#8221;center&#8221; bg_color=&#8221;#322422&#8243; link_color=&#8221;#ffffff&#8221;][page_link link_url=&#8221;#introduccion&#8221; title=&#8221;Introduzione&#8221; id=&#8221;1632215224153-3&#8243; tab_id=&#8221;1632215224153-3&#8243;]...","og_url":"https:\/\/biobizz.com\/it\/su-biobizz\/","og_site_name":"Biobizz","article_modified_time":"2021-09-21T09:09:17+00:00","twitter_card":"summary_large_image","twitter_misc":{"Tempo di lettura stimato":"5 minuti"},"schema":{"@context":"https:\/\/schema.org","@graph":[{"@type":"WebPage","@id":"https:\/\/biobizz.com\/it\/su-biobizz\/","url":"https:\/\/biobizz.com\/it\/su-biobizz\/","name":"Su Biobizz - Biobizz","isPartOf":{"@id":"https:\/\/biobizz.com\/it\/#website"},"datePublished":"2019-09-19T09:36:32+00:00","dateModified":"2021-09-21T09:09:17+00:00","breadcrumb":{"@id":"https:\/\/biobizz.com\/it\/su-biobizz\/#breadcrumb"},"inLanguage":"it-IT","potentialAction":[{"@type":"ReadAction","target":["https:\/\/biobizz.com\/it\/su-biobizz\/"]}]},{"@type":"BreadcrumbList","@id":"https:\/\/biobizz.com\/it\/su-biobizz\/#breadcrumb","itemListElement":[{"@type":"ListItem","position":1,"name":"Portada","item":"https:\/\/biobizz.com\/it\/"},{"@type":"ListItem","position":2,"name":"Su Biobizz"}]},{"@type":"WebSite","@id":"https:\/\/biobizz.com\/it\/#website","url":"https:\/\/biobizz.com\/it\/","name":"Biobizz","description":"World Wide Organics","publisher":{"@id":"https:\/\/biobizz.com\/it\/#organization"},"potentialAction":[{"@type":"SearchAction","target":{"@type":"EntryPoint","urlTemplate":"https:\/\/biobizz.com\/it\/?s={search_term_string}"},"query-input":{"@type":"PropertyValueSpecification","valueRequired":true,"valueName":"search_term_string"}}],"inLanguage":"it-IT"},{"@type":"Organization","@id":"https:\/\/biobizz.com\/it\/#organization","name":"Biobizz","url":"https:\/\/biobizz.com\/it\/","logo":{"@type":"ImageObject","inLanguage":"it-IT","@id":"https:\/\/biobizz.com\/it\/#\/schema\/logo\/image\/","url":"https:\/\/biobizz.com\/wp-content\/uploads\/2019\/09\/biobizz-logo-dark.png","contentUrl":"https:\/\/biobizz.com\/wp-content\/uploads\/2019\/09\/biobizz-logo-dark.png","width":300,"height":67,"caption":"Biobizz"},"image":{"@id":"https:\/\/biobizz.com\/it\/#\/schema\/logo\/image\/"}}]}},"_links":{"self":[{"href":"https:\/\/biobizz.com\/it\/wp-json\/wp\/v2\/pages\/15304","targetHints":{"allow":["GET"]}}],"collection":[{"href":"https:\/\/biobizz.com\/it\/wp-json\/wp\/v2\/pages"}],"about":[{"href":"https:\/\/biobizz.com\/it\/wp-json\/wp\/v2\/types\/page"}],"author":[{"embeddable":true,"href":"https:\/\/biobizz.com\/it\/wp-json\/wp\/v2\/users\/4"}],"replies":[{"embeddable":true,"href":"https:\/\/biobizz.com\/it\/wp-json\/wp\/v2\/comments?post=15304"}],"version-history":[{"count":9,"href":"https:\/\/biobizz.com\/it\/wp-json\/wp\/v2\/pages\/15304\/revisions"}],"predecessor-version":[{"id":46329,"href":"https:\/\/biobizz.com\/it\/wp-json\/wp\/v2\/pages\/15304\/revisions\/46329"}],"wp:attachment":[{"href":"https:\/\/biobizz.com\/it\/wp-json\/wp\/v2\/media?parent=15304"}],"curies":[{"name":"wp","href":"https:\/\/api.w.org\/{rel}","templated":true}]}}