{"id":33827,"date":"2020-04-06T15:30:26","date_gmt":"2020-04-06T13:30:26","guid":{"rendered":"https:\/\/biobizz.com\/cookies-policy\/"},"modified":"2023-09-26T09:51:58","modified_gmt":"2023-09-26T07:51:58","slug":"cookies-policy","status":"publish","type":"page","link":"https:\/\/biobizz.com\/fr\/cookies-policy\/","title":{"rendered":"Cookies Policy"},"content":{"rendered":"[vc_row type=&#8221;in_container&#8221; full_screen_row_position=&#8221;middle&#8221; scene_position=&#8221;center&#8221; text_color=&#8221;dark&#8221; text_align=&#8221;left&#8221; overlay_strength=&#8221;0.3&#8243; shape_divider_position=&#8221;bottom&#8221; bg_image_animation=&#8221;none&#8221;][vc_column column_padding=&#8221;no-extra-padding&#8221; column_padding_position=&#8221;all&#8221; background_color_opacity=&#8221;1&#8243; background_hover_color_opacity=&#8221;1&#8243; column_link_target=&#8221;_self&#8221; column_shadow=&#8221;none&#8221; column_border_radius=&#8221;none&#8221; width=&#8221;1\/1&#8243; tablet_width_inherit=&#8221;default&#8221; tablet_text_alignment=&#8221;default&#8221; phone_text_alignment=&#8221;default&#8221; column_border_width=&#8221;none&#8221; column_border_style=&#8221;solid&#8221; bg_image_animation=&#8221;none&#8221;][vc_column_text]\n<h2><strong>INFORMATIONS RELATIVES AUX COOKIES<\/strong><\/h2>\n<h2><strong>POLITIQUE EN MATI\u00c8RE DE COOKIES<\/strong><\/h2>\n<p><strong>\u00a0<\/strong><\/p>\n<p><strong>Qu&#8217;est-ce qu&#8217;un cookie\u00a0? <\/strong><\/p>\n<p>Un cookie est un petit fichier texte qu&#8217;un site Web installe sur votre PC, t\u00e9l\u00e9phone ou tout autre dispositif, contenant des informations sur votre navigation sur le site en question. Les cookies sont n\u00e9cessaires pour faciliter la navigation et la rendre plus conviviale, et elles n&#8217;endommagent pas votre ordinateur. Bien que la pr\u00e9sente politique utilise le terme g\u00e9n\u00e9rique de cookie, car il s&#8217;agit de la principale m\u00e9thode de stockage d&#8217;information utilis\u00e9e par ce site Web, l&#8217;espace de \u00ab\u00a0Stockage local\u00a0\u00bb du navigateur est employ\u00e9 aux m\u00eames fins que les cookies. \u00c0 cet \u00e9gard, toutes les informations incluses dans cette section sont \u00e9galement valables pour ce \u00ab\u00a0Stockage local\u00a0\u00bb.<\/p>\n<p><strong>Dans quel but ce site Web utilise-t-il les cookies\u00a0? <\/strong><\/p>\n<p>Les cookies sont un \u00e9l\u00e9ment essentiel pour le fonctionnement de notre site Web. L&#8217;objectif principal de nos cookies est l&#8217;am\u00e9lioration de votre exp\u00e9rience de navigation. Par exemple, pour se souvenir de vos pr\u00e9f\u00e9rences (langue, pays, etc.) pendant la navigation et pour de futures visites. Les informations collect\u00e9es dans les cookies nous permettent en outre d&#8217;am\u00e9liorer le site Web, \u00e0 travers des estimations bas\u00e9es sur des chiffres et des mod\u00e8les d&#8217;utilisation, d&#8217;adapter le site Web aux int\u00e9r\u00eats individuels des utilisateurs, d&#8217;acc\u00e9l\u00e9rer des recherches, etc.<\/p>\n<p><strong>Dans quel but ce site Web n&#8217;utilise-t-il PAS les cookies\u00a0? <\/strong><\/p>\n<p>Nous ne stockons aucune information sensible d&#8217;identification personnelle, notamment votre adresse, votre mot de passe, etc. dans les cookies que nous utilisons. Nous n&#8217;utilisons pas non plus les cookies pour orienter la publicit\u00e9 destin\u00e9e \u00e0 nos utilisateurs en fonction de leur navigation, ni \u00e0 d&#8217;autres fins publicitaires, qu&#8217;elles soient propres ou de tierces parties.<\/p>\n<p><strong>Qui utilise les informations stock\u00e9es dans les cookies\u00a0? <\/strong><\/p>\n<p>Les informations stock\u00e9es dans les cookies de notre site Web sont exclusivement utilis\u00e9es par nous-m\u00eames, sauf celles de Google Analytics qui sont utilis\u00e9es et g\u00e9r\u00e9es par Google et par nous-m\u00eames \u00e0 des fins statistiques, et le cookie d&#8217;Analyse des op\u00e9rations de paiement, lequel est g\u00e9n\u00e9r\u00e9 uniquement lors de la r\u00e9alisation d&#8217;un achat et est analys\u00e9 par une soci\u00e9t\u00e9 externe dans le but d&#8217;offrir toutes les garanties n\u00e9cessaires \u00e0 la r\u00e9alisation des op\u00e9rations de paiement.<\/p>\n<p><strong>Quels sont les cookies concr\u00e8tement utilis\u00e9s sur ce site Web et dans quel but\u00a0? <\/strong><\/p>\n<p>Le tableau ci-dessous pr\u00e9sente les cookies utilis\u00e9s par ce site Web, ainsi que le but de son utilisation.<\/p>\n<p>Ces cookies collectent des informations g\u00e9n\u00e9rales sur les connexions des utilisateurs au site Web de BIOBIZZ WORLDWIDE, S.L.U. (non au contenu de ces derni\u00e8res), dans le but de nous fournir ult\u00e9rieurement des informations agr\u00e9g\u00e9es sur les connexions en question \u00e0 des fins statistiques.<\/p>\n<table>\n<tbody>\n<tr>\n<td width=\"283\"><strong>Types de cookies<\/strong><\/td>\n<td width=\"283\"><strong>Description<\/strong><\/td>\n<td width=\"283\"><strong>Tiers<\/strong><\/td>\n<\/tr>\n<tr>\n<td width=\"283\"><strong><em>Strictement n\u00e9cessaires<\/em><\/strong><\/td>\n<td width=\"283\">Session, enregistrement, donn\u00e9es dupanier, donn\u00e9es pour faire la distinction entre les services gratuits et les services payants. Ils sont utilis\u00e9s pour identifier la propre session temporelle d&#8217;un utilisateur ou session de navigation, pour mesurer, notamment, la fr\u00e9quence.<\/td>\n<td width=\"283\"><strong><em>Non<\/em><\/strong><\/td>\n<\/tr>\n<tr>\n<td width=\"283\"><strong><em>Analytiques<\/em><\/strong><\/td>\n<td width=\"283\">Ces cookies permettent d&#8217;analyser et de mesurer les propri\u00e9t\u00e9s et les fonctionnalit\u00e9s de ce site Web, pour effectuer des mesures \u00e0 des fins d&#8217;optimisation. Les cookies install\u00e9s sont des cookies tiers.<\/p>\n<p>Par exemple, Google Analytics est l&#8217;outil d&#8217;analyse qui aide les sites Web \u00e0 comprendre de quelle fa\u00e7on leurs visiteurs interagissent avec leur contenu. On peut utiliser un ensemble de cookies pour collecter des informations et informer sur les statistiques d&#8217;utilisation des sites Web sans identifier personnellement les visiteurs de Google.<\/td>\n<td width=\"283\">\u00b7\u00a0\u00a0\u00a0\u00a0\u00a0\u00a0 <strong><em>Google <\/em><\/strong><strong><em>Analytics<\/em><\/strong><\/td>\n<\/tr>\n<tr>\n<td width=\"283\"><strong><em>Publicit\u00e9<\/em><\/strong><\/td>\n<td width=\"283\">Ces cookies ont des objectifs publicitaires. Ils permettent de stocker des informations sur la navigation des utilisateurs \u00e0 travers des sessions de navigation, en pr\u00e9sentant des publicit\u00e9s directement associ\u00e9es \u00e0 leurs centres d&#8217;int\u00e9r\u00eat ou \u00e0 leurs recherches pr\u00e9c\u00e9dentes. Il s&#8217;agit g\u00e9n\u00e9ralement de cookies provenant des plates-formes d&#8217;achat programmatique, adexchanges, DSP, SSP, DMP et autres technologies d&#8217;achat et de vente automatis\u00e9s publicitaires.<\/td>\n<td width=\"283\">\u00b7\u00a0\u00a0\u00a0\u00a0\u00a0\u00a0 <strong><em>Doubleclick<\/em><\/strong><strong><em> (Google, Inc.)<\/em><\/strong><\/p>\n<p>\u00b7\u00a0\u00a0\u00a0\u00a0\u00a0\u00a0 <strong><em>DoubleClick Ad Exchange-Buyer<\/em><\/strong><\/p>\n<p>\u00b7\u00a0\u00a0\u00a0\u00a0\u00a0\u00a0 <strong><em>Google Dynamic Remarketing<\/em><\/strong><strong><em> (Adwords) <\/em><\/strong><\/td>\n<\/tr>\n<\/tbody>\n<\/table>\n<p>&nbsp;<\/p>\n<p><strong>Gestion des cookies<\/strong><\/p>\n<p>Comme garantie compl\u00e9mentaire \u00e0 celles d\u00e9crites ci-dessus, l&#8217;enregistrement de cookies peut \u00eatre soumis \u00e0 leur acceptation lors de l&#8217;installation ou de la mise \u00e0 jour du navigateur utilis\u00e9, et cette acceptation peut \u00e0 tout moment \u00eatre r\u00e9voqu\u00e9e au moyen des options de configuration de contenu et de confidentialit\u00e9 disponibles.<\/p>\n<p>De nombreux navigateurs permettent d&#8217;activer un mode priv\u00e9 gr\u00e2ce auquel les cookies sont toujours supprim\u00e9s apr\u00e8s votre visite. Ce mode priv\u00e9 peut adopter des noms diff\u00e9rents selon le navigateur. Voici une liste des navigateurs les plus courants et les diff\u00e9rents noms de ce \u00ab\u00a0mode priv\u00e9\u00a0\u00bb.<\/p>\n<ul>\n<li><strong>Internet Explorer 8<\/strong>\u00a0et versions ult\u00e9rieures\u00a0: InPrivate<\/li>\n<li><strong>Opera 10.5<\/strong>\u00a0et versions ult\u00e9rieures\u00a0: Navigation priv\u00e9e<\/li>\n<li><strong>Google Chrome 10<\/strong>\u00a0et versions ult\u00e9rieures\u00a0: Incognito<\/li>\n<li><strong>Safari 2<\/strong>\u00a0et versions ult\u00e9rieures\u00a0: Navigation priv\u00e9e<\/li>\n<li><strong>FireFox 3.5<\/strong>\u00a0et versions ult\u00e9rieures\u00a0: Navigation priv\u00e9e<\/li>\n<\/ul>\n<p><strong>Important\u00a0:<\/strong>\u00a0veuillez lire attentivement la section d&#8217;aide de votre navigateur pour en savoir plus sur l&#8217;activation du \u00ab\u00a0mode priv\u00e9\u00a0\u00bb. Vous pourrez vous rendre sur nos sites Web m\u00eame si votre navigateur se trouve en \u00ab\u00a0mode priv\u00e9\u00a0\u00bb,\u00a0<strong>mais votre navigation peut rencontrer des difficult\u00e9s et certains utilitaires peuvent ne pas fonctionner correctement.<\/strong><\/p>\n<p><strong>Comment d\u00e9sactiver les cookies dans les principaux navigateurs<\/strong><strong>\u00a0<\/strong><\/p>\n<p>En g\u00e9n\u00e9ral, il est possible de ne pas accepter les cookies du navigateur ou d&#8217;un service en particulier.<\/p>\n<p>Tous les navigateurs actuels permettent de modifier la configuration des cookies. Ces r\u00e9glages peuvent \u00eatre effectu\u00e9s dans les \u00ab\u00a0Options\u00a0\u00bb ou les \u00ab\u00a0Pr\u00e9f\u00e9rences\u00a0\u00bb du menu de votre navigateur. Vous pouvez par ailleurs configurer votre navigateur ou votre gestionnaire de courrier \u00e9lectronique, et installer des compl\u00e9ments gratuits pour \u00e9viter le t\u00e9l\u00e9chargement de Web Bugs en ouvrant un e-mail.<\/p>\n<p>La page Web du Prestataire fournit \u00e0 l&#8217;utilisateur des informations sur les \u00e9tapes qui permettent d&#8217;acc\u00e9der au menu de configuration des cookies et, le cas \u00e9ch\u00e9ant, de la navigation priv\u00e9e dans chacun des navigateurs les plus courants\u00a0:<\/p>\n<ul>\n<li><strong>Internet Explorer\u00a0:<\/strong>\u00a0Outils -&gt; Options Internet -&gt; Confidentialit\u00e9 -&gt; Configuration.<\/li>\n<li><strong>Firefox\u00a0:<\/strong>\u00a0Outils -&gt; Options -&gt; Confidentialit\u00e9 -&gt; Historique -&gt; Configuration personnalis\u00e9e.<\/li>\n<li><strong>Chrome\u00a0:<\/strong>\u00a0Configuration -&gt; Afficher options avanc\u00e9es -&gt; Confidentialit\u00e9 -&gt; Configuration du contenu.<\/li>\n<li><strong>Safari\u00a0:<\/strong>\u00a0Pr\u00e9f\u00e9rences -&gt; S\u00e9curit\u00e9.<\/li>\n<\/ul>\n[\/vc_column_text][\/vc_column][\/vc_row]\n","protected":false},"excerpt":{"rendered":"<p>[vc_row type=&#8221;in_container&#8221; full_screen_row_position=&#8221;middle&#8221; scene_position=&#8221;center&#8221; text_color=&#8221;dark&#8221; text_align=&#8221;left&#8221; overlay_strength=&#8221;0.3&#8243; shape_divider_position=&#8221;bottom&#8221; bg_image_animation=&#8221;none&#8221;][vc_column column_padding=&#8221;no-extra-padding&#8221; column_padding_position=&#8221;all&#8221; background_color_opacity=&#8221;1&#8243; background_hover_color_opacity=&#8221;1&#8243; column_link_target=&#8221;_self&#8221; column_shadow=&#8221;none&#8221; column_border_radius=&#8221;none&#8221; width=&#8221;1\/1&#8243; tablet_width_inherit=&#8221;default&#8221; tablet_text_alignment=&#8221;default&#8221; phone_text_alignment=&#8221;default&#8221; column_border_width=&#8221;none&#8221; column_border_style=&#8221;solid&#8221; bg_image_animation=&#8221;none&#8221;][vc_column_text] INFORMATIONS RELATIVES AUX COOKIES POLITIQUE EN MATI\u00c8RE&#8230;<\/p>\n","protected":false},"author":2,"featured_media":0,"parent":0,"menu_order":0,"comment_status":"closed","ping_status":"closed","template":"","meta":{"_acf_changed":false,"_monsterinsights_skip_tracking":false,"_monsterinsights_sitenote_active":false,"_monsterinsights_sitenote_note":"","_monsterinsights_sitenote_category":0,"footnotes":""},"class_list":["post-33827","page","type-page","status-publish"],"acf":[],"yoast_head":"<!-- This site is optimized with the Yoast SEO plugin v27.2 - https:\/\/yoast.com\/product\/yoast-seo-wordpress\/ -->\n<title>Cookies Policy - Biobizz<\/title>\n<meta name=\"robots\" content=\"noindex, nofollow\" \/>\n<meta property=\"og:locale\" content=\"fr_FR\" \/>\n<meta property=\"og:type\" content=\"article\" \/>\n<meta property=\"og:title\" content=\"Cookies Policy - Biobizz\" \/>\n<meta property=\"og:description\" content=\"[vc_row type=&#8221;in_container&#8221; full_screen_row_position=&#8221;middle&#8221; scene_position=&#8221;center&#8221; text_color=&#8221;dark&#8221; text_align=&#8221;left&#8221; overlay_strength=&#8221;0.3&#8243; shape_divider_position=&#8221;bottom&#8221; bg_image_animation=&#8221;none&#8221;][vc_column column_padding=&#8221;no-extra-padding&#8221; column_padding_position=&#8221;all&#8221; background_color_opacity=&#8221;1&#8243; background_hover_color_opacity=&#8221;1&#8243; column_link_target=&#8221;_self&#8221; column_shadow=&#8221;none&#8221; column_border_radius=&#8221;none&#8221; width=&#8221;1\/1&#8243; tablet_width_inherit=&#8221;default&#8221; tablet_text_alignment=&#8221;default&#8221; phone_text_alignment=&#8221;default&#8221; column_border_width=&#8221;none&#8221; column_border_style=&#8221;solid&#8221; bg_image_animation=&#8221;none&#8221;][vc_column_text] INFORMATIONS RELATIVES AUX COOKIES POLITIQUE EN MATI\u00c8RE...\" \/>\n<meta property=\"og:url\" content=\"https:\/\/biobizz.com\/fr\/cookies-policy\/\" \/>\n<meta property=\"og:site_name\" content=\"Biobizz\" \/>\n<meta property=\"article:modified_time\" content=\"2023-09-26T07:51:58+00:00\" \/>\n<meta name=\"twitter:card\" content=\"summary_large_image\" \/>\n<meta name=\"twitter:label1\" content=\"Dur\u00e9e de lecture estim\u00e9e\" \/>\n\t<meta name=\"twitter:data1\" content=\"5 minutes\" \/>\n<script type=\"application\/ld+json\" class=\"yoast-schema-graph\">{\"@context\":\"https:\/\/schema.org\",\"@graph\":[{\"@type\":\"WebPage\",\"@id\":\"https:\/\/biobizz.com\/fr\/cookies-policy\/\",\"url\":\"https:\/\/biobizz.com\/fr\/cookies-policy\/\",\"name\":\"Cookies Policy - Biobizz\",\"isPartOf\":{\"@id\":\"https:\/\/biobizz.com\/fr\/#website\"},\"datePublished\":\"2020-04-06T13:30:26+00:00\",\"dateModified\":\"2023-09-26T07:51:58+00:00\",\"breadcrumb\":{\"@id\":\"https:\/\/biobizz.com\/fr\/cookies-policy\/#breadcrumb\"},\"inLanguage\":\"fr-FR\",\"potentialAction\":[{\"@type\":\"ReadAction\",\"target\":[\"https:\/\/biobizz.com\/fr\/cookies-policy\/\"]}]},{\"@type\":\"BreadcrumbList\",\"@id\":\"https:\/\/biobizz.com\/fr\/cookies-policy\/#breadcrumb\",\"itemListElement\":[{\"@type\":\"ListItem\",\"position\":1,\"name\":\"Portada\",\"item\":\"https:\/\/biobizz.com\/fr\/\"},{\"@type\":\"ListItem\",\"position\":2,\"name\":\"Cookies Policy\"}]},{\"@type\":\"WebSite\",\"@id\":\"https:\/\/biobizz.com\/fr\/#website\",\"url\":\"https:\/\/biobizz.com\/fr\/\",\"name\":\"Biobizz\",\"description\":\"World Wide Organics\",\"publisher\":{\"@id\":\"https:\/\/biobizz.com\/fr\/#organization\"},\"potentialAction\":[{\"@type\":\"SearchAction\",\"target\":{\"@type\":\"EntryPoint\",\"urlTemplate\":\"https:\/\/biobizz.com\/fr\/?s={search_term_string}\"},\"query-input\":{\"@type\":\"PropertyValueSpecification\",\"valueRequired\":true,\"valueName\":\"search_term_string\"}}],\"inLanguage\":\"fr-FR\"},{\"@type\":\"Organization\",\"@id\":\"https:\/\/biobizz.com\/fr\/#organization\",\"name\":\"Biobizz\",\"url\":\"https:\/\/biobizz.com\/fr\/\",\"logo\":{\"@type\":\"ImageObject\",\"inLanguage\":\"fr-FR\",\"@id\":\"https:\/\/biobizz.com\/fr\/#\/schema\/logo\/image\/\",\"url\":\"https:\/\/biobizz.com\/wp-content\/uploads\/2019\/09\/biobizz-logo-dark.png\",\"contentUrl\":\"https:\/\/biobizz.com\/wp-content\/uploads\/2019\/09\/biobizz-logo-dark.png\",\"width\":300,\"height\":67,\"caption\":\"Biobizz\"},\"image\":{\"@id\":\"https:\/\/biobizz.com\/fr\/#\/schema\/logo\/image\/\"}}]}<\/script>\n<!-- \/ Yoast SEO plugin. -->","yoast_head_json":{"title":"Cookies Policy - Biobizz","robots":{"index":"noindex","follow":"nofollow"},"og_locale":"fr_FR","og_type":"article","og_title":"Cookies Policy - Biobizz","og_description":"[vc_row type=&#8221;in_container&#8221; full_screen_row_position=&#8221;middle&#8221; scene_position=&#8221;center&#8221; text_color=&#8221;dark&#8221; text_align=&#8221;left&#8221; overlay_strength=&#8221;0.3&#8243; shape_divider_position=&#8221;bottom&#8221; bg_image_animation=&#8221;none&#8221;][vc_column column_padding=&#8221;no-extra-padding&#8221; column_padding_position=&#8221;all&#8221; background_color_opacity=&#8221;1&#8243; background_hover_color_opacity=&#8221;1&#8243; column_link_target=&#8221;_self&#8221; column_shadow=&#8221;none&#8221; column_border_radius=&#8221;none&#8221; width=&#8221;1\/1&#8243; tablet_width_inherit=&#8221;default&#8221; tablet_text_alignment=&#8221;default&#8221; phone_text_alignment=&#8221;default&#8221; column_border_width=&#8221;none&#8221; column_border_style=&#8221;solid&#8221; bg_image_animation=&#8221;none&#8221;][vc_column_text] INFORMATIONS RELATIVES AUX COOKIES POLITIQUE EN MATI\u00c8RE...","og_url":"https:\/\/biobizz.com\/fr\/cookies-policy\/","og_site_name":"Biobizz","article_modified_time":"2023-09-26T07:51:58+00:00","twitter_card":"summary_large_image","twitter_misc":{"Dur\u00e9e de lecture estim\u00e9e":"5 minutes"},"schema":{"@context":"https:\/\/schema.org","@graph":[{"@type":"WebPage","@id":"https:\/\/biobizz.com\/fr\/cookies-policy\/","url":"https:\/\/biobizz.com\/fr\/cookies-policy\/","name":"Cookies Policy - Biobizz","isPartOf":{"@id":"https:\/\/biobizz.com\/fr\/#website"},"datePublished":"2020-04-06T13:30:26+00:00","dateModified":"2023-09-26T07:51:58+00:00","breadcrumb":{"@id":"https:\/\/biobizz.com\/fr\/cookies-policy\/#breadcrumb"},"inLanguage":"fr-FR","potentialAction":[{"@type":"ReadAction","target":["https:\/\/biobizz.com\/fr\/cookies-policy\/"]}]},{"@type":"BreadcrumbList","@id":"https:\/\/biobizz.com\/fr\/cookies-policy\/#breadcrumb","itemListElement":[{"@type":"ListItem","position":1,"name":"Portada","item":"https:\/\/biobizz.com\/fr\/"},{"@type":"ListItem","position":2,"name":"Cookies Policy"}]},{"@type":"WebSite","@id":"https:\/\/biobizz.com\/fr\/#website","url":"https:\/\/biobizz.com\/fr\/","name":"Biobizz","description":"World Wide Organics","publisher":{"@id":"https:\/\/biobizz.com\/fr\/#organization"},"potentialAction":[{"@type":"SearchAction","target":{"@type":"EntryPoint","urlTemplate":"https:\/\/biobizz.com\/fr\/?s={search_term_string}"},"query-input":{"@type":"PropertyValueSpecification","valueRequired":true,"valueName":"search_term_string"}}],"inLanguage":"fr-FR"},{"@type":"Organization","@id":"https:\/\/biobizz.com\/fr\/#organization","name":"Biobizz","url":"https:\/\/biobizz.com\/fr\/","logo":{"@type":"ImageObject","inLanguage":"fr-FR","@id":"https:\/\/biobizz.com\/fr\/#\/schema\/logo\/image\/","url":"https:\/\/biobizz.com\/wp-content\/uploads\/2019\/09\/biobizz-logo-dark.png","contentUrl":"https:\/\/biobizz.com\/wp-content\/uploads\/2019\/09\/biobizz-logo-dark.png","width":300,"height":67,"caption":"Biobizz"},"image":{"@id":"https:\/\/biobizz.com\/fr\/#\/schema\/logo\/image\/"}}]}},"_links":{"self":[{"href":"https:\/\/biobizz.com\/fr\/wp-json\/wp\/v2\/pages\/33827","targetHints":{"allow":["GET"]}}],"collection":[{"href":"https:\/\/biobizz.com\/fr\/wp-json\/wp\/v2\/pages"}],"about":[{"href":"https:\/\/biobizz.com\/fr\/wp-json\/wp\/v2\/types\/page"}],"author":[{"embeddable":true,"href":"https:\/\/biobizz.com\/fr\/wp-json\/wp\/v2\/users\/2"}],"replies":[{"embeddable":true,"href":"https:\/\/biobizz.com\/fr\/wp-json\/wp\/v2\/comments?post=33827"}],"version-history":[{"count":2,"href":"https:\/\/biobizz.com\/fr\/wp-json\/wp\/v2\/pages\/33827\/revisions"}],"predecessor-version":[{"id":33829,"href":"https:\/\/biobizz.com\/fr\/wp-json\/wp\/v2\/pages\/33827\/revisions\/33829"}],"wp:attachment":[{"href":"https:\/\/biobizz.com\/fr\/wp-json\/wp\/v2\/media?parent=33827"}],"curies":[{"name":"wp","href":"https:\/\/api.w.org\/{rel}","templated":true}]}}