{"id":33772,"date":"2019-06-20T09:51:13","date_gmt":"2019-06-20T07:51:13","guid":{"rendered":"https:\/\/biobizz.com\/privacy-policy\/"},"modified":"2023-09-26T09:50:12","modified_gmt":"2023-09-26T07:50:12","slug":"privacy-policy","status":"publish","type":"page","link":"https:\/\/biobizz.com\/fr\/privacy-policy\/","title":{"rendered":"Privacy Policy"},"content":{"rendered":"[vc_row type=&#8221;in_container&#8221; full_screen_row_position=&#8221;middle&#8221; scene_position=&#8221;center&#8221; text_color=&#8221;dark&#8221; text_align=&#8221;left&#8221; overlay_strength=&#8221;0.3&#8243; shape_divider_position=&#8221;bottom&#8221; bg_image_animation=&#8221;none&#8221;][vc_column column_padding=&#8221;no-extra-padding&#8221; column_padding_position=&#8221;all&#8221; background_color_opacity=&#8221;1&#8243; background_hover_color_opacity=&#8221;1&#8243; column_link_target=&#8221;_self&#8221; column_shadow=&#8221;none&#8221; column_border_radius=&#8221;none&#8221; width=&#8221;1\/1&#8243; tablet_width_inherit=&#8221;default&#8221; tablet_text_alignment=&#8221;default&#8221; phone_text_alignment=&#8221;default&#8221; column_border_width=&#8221;none&#8221; column_border_style=&#8221;solid&#8221; bg_image_animation=&#8221;none&#8221;][vc_column_text]\n<h2><strong>POLITIQUE DE CONFIDENTIALIT\u00c9 <\/strong><\/h2>\n<p><strong>\u00a0<\/strong><\/p>\n<p>La pr\u00e9sente POLITIQUE DE CONFIDENTIALIT\u00c9 fait partie int\u00e9grante des MENTIONS L\u00c9GALES du site Web\u00a0: <a href=\"https:\/\/biobizz.com\/es\">www.biobizz.com\/es<\/a> (dor\u00e9navant, le \u00ab\u00a0<strong>Site Web<\/strong>\u00a0\u00bb).<\/p>\n<p>La pr\u00e9sente Politique de confidentialit\u00e9 peut \u00eatre modifi\u00e9e \u00e0 tout moment pour des raisons l\u00e9gales ou r\u00e9glementaires, pour des raisons techniques ou pour cause de changements dans la prestation des services du Site Web. Si cela se produit, nous le publierons sur le Site Web lui-m\u00eame et\/ou nous vous enverrons un message \u00e9lectronique pour vous en informer. Si vous continuez \u00e0 utiliser les services du Site Web, nous consid\u00e8rerons que vous avez accept\u00e9 les modifications appliqu\u00e9es.<\/p>\n<ul>\n<li><strong>Qui est responsable du traitement de vos donn\u00e9es personnelles\u00a0?<\/strong><\/li>\n<\/ul>\n<table>\n<tbody>\n<tr>\n<td width=\"104\">Responsable<\/td>\n<td width=\"283\">BIOBIZZ WORLDWIDE, S.L. (dor\u00e9navant, \u00ab\u00a0<strong>BIOBIZZ<\/strong>\u00a0\u00bb)<\/td>\n<\/tr>\n<tr>\n<td width=\"104\">C.I.F<\/td>\n<td width=\"283\">B-98076631<\/td>\n<\/tr>\n<tr>\n<td width=\"104\">Si\u00e8ge social<\/td>\n<td width=\"283\">Pol\u00edgono Industrial Lezama-Leguizam\u00f3n, C\/ Gorbeia n\u00ba 11, (48450) Etxebarri \u2013 Biscaye<\/td>\n<\/tr>\n<tr>\n<td width=\"104\">E-mail<\/td>\n<td width=\"283\"><u>info@biobizz.com<\/u><\/td>\n<\/tr>\n<tr>\n<td width=\"104\">T\u00e9l\u00e9phone<\/td>\n<td width=\"283\">+34 944 657 951<\/td>\n<\/tr>\n<\/tbody>\n<\/table>\n<p>&nbsp;<\/p>\n<ul>\n<li><strong>Dans quel but<\/strong><strong> traitons-nous vos donn\u00e9es\u00a0?<\/strong><\/li>\n<\/ul>\n<p>Conform\u00e9ment \u00e0 la r\u00e9glementation en vigueur en mati\u00e8re de protection des donn\u00e9es personnelles, nous vous informons que BIOBIZZ traitera principalement vos donn\u00e9es personnelles dans le but de g\u00e9rer les relations avec les utilisateurs du Site Web.<\/p>\n<p>De plus, BIOBIZZ traitera les donn\u00e9es personnelles fournies pour g\u00e9rer les consultations qu&#8217;elle recevra \u00e0 travers le Site Web \u00e9manant des utilisateurs de ce dernier, ainsi que, lorsque le consentement express est donn\u00e9, pour vous envoyer des informations promotionnelles et\/ou publicitaires concernant des activit\u00e9s, produits et services de BIOBIZZ, par diff\u00e9rents moyens (y compris \u00e9lectroniques tels que SMS ou courrier \u00e9lectronique), et des documents de nature diverse susceptibles d&#8217;int\u00e9resser ou d&#8217;\u00eatre utiles \u00e0 l&#8217;utilisateur.<\/p>\n<p>Si vous fournissez vos donn\u00e9es de contact \u00e0 travers le formulaire disponible sur le Site Web, vos donn\u00e9es personnelles seront trait\u00e9es dans le but de collecter davantage d&#8217;informations ou d&#8217;\u00e9tablir un certain type de collaboration avec nous.<\/p>\n<p>\u00c0 cet \u00e9gard, nous consid\u00e9rons que si vous ne vous opposez pas au traitement de vos donn\u00e9es et\/ou vous ne les annulez pas express\u00e9ment, vous acceptez leur traitement jusqu&#8217;\u00e0 ce que BIOBIZZ le juge appropri\u00e9 et selon le but pour lequel elles ont \u00e9t\u00e9 collect\u00e9es.<\/p>\n<ul>\n<li><strong>Combien de temps conservons-nous les donn\u00e9es\u00a0?<\/strong><\/li>\n<\/ul>\n<p>Vos donn\u00e9es sont conserv\u00e9es le temps minimum n\u00e9cessaire pour remplir l&#8217;objectif pour lequel elles ont \u00e9t\u00e9 fournies, ainsi que pour satisfaire aux responsabilit\u00e9s susceptibles de d\u00e9river des donn\u00e9es fournies et de toute autre exigence l\u00e9gale.<\/p>\n<p>\u00c0 cet \u00e9gard, nous consid\u00e9rons que si vous ne vous opposez pas au traitement de vos donn\u00e9es et\/ou vous ne les annulez pas express\u00e9ment, vous acceptez leur traitement jusqu&#8217;\u00e0 ce que BIOBIZZ le juge appropri\u00e9 et selon le but pour lequel elles ont \u00e9t\u00e9 collect\u00e9es.<\/p>\n<ul>\n<li><strong>Sur quelle base juridique repose le traitement de vos donn\u00e9es\u00a0?<\/strong><\/li>\n<\/ul>\n<p>La base juridique pour le traitement de vos donn\u00e9es personnelles est le consentement que vous accordez en acceptant la pr\u00e9sente Politique de confidentialit\u00e9 avant de nous envoyer ou de nous fournir vos donn\u00e9es.<\/p>\n<p>Les donn\u00e9es que nous demandons sont ad\u00e9quates, pertinentes et strictement n\u00e9cessaires, et en aucun cas vous n&#8217;\u00eates oblig\u00e9 de nous les fournir, mais dans ce cas, le but du service pourrait ne pas \u00eatre r\u00e9alis\u00e9 ou le service pourrait \u00eatre impossible \u00e0 pr\u00eater.<\/p>\n<ul>\n<li><strong>\u00c0 quels destinataires allons-nous communiquer vos donn\u00e9es\u00a0?<\/strong><\/li>\n<\/ul>\n<p>BIOBIZZ ne communiquera vos donn\u00e9es \u00e0 aucune tierce partie, sauf si vous en \u00eates inform\u00e9 express\u00e9ment ou en cas d&#8217;obligation l\u00e9gale.<\/p>\n<ul>\n<li><strong>Quels sont vos droits\u00a0? <\/strong><\/li>\n<\/ul>\n<p>BIOBIZZ vous informe que les droits relatifs \u00e0 la protection des donn\u00e9es dont vous disposer en tant que titulaire ou int\u00e9ress\u00e9 sont les suivants\u00a0:<\/p>\n<ul>\n<li>Droit de demander l&#8217;acc\u00e8s aux donn\u00e9es personnelles de la personne concern\u00e9e<\/li>\n<li>Droit de rectification<\/li>\n<li>Droit de suppression<\/li>\n<li>Droit d&#8217;opposition<\/li>\n<li>Droit de demander la limitation de leur traitement<\/li>\n<li>Droit de portabilit\u00e9 des donn\u00e9es<\/li>\n<\/ul>\n<p>Vous pourrez exercer vos droits relatifs \u00e0 la protection des donn\u00e9es personnelles en adressant un courrier postal au si\u00e8ge social de BIOBIZZ ou un courrier \u00e9lectronique \u00e0 l&#8217;adresse suivante\u00a0: <u>info@biobizz.com<\/u>, accompagn\u00e9s d&#8217;une copie de votre carte d&#8217;identit\u00e9 ou de tout autre document d&#8217;identit\u00e9 \u00e9quivalent.<\/p>\n<p>Sachez \u00e9galement que vous disposez des mod\u00e8les et des formulaires ad\u00e9quats, et d&#8217;informations suppl\u00e9mentaires sur vos droits sur la page Web de l&#8217;autorit\u00e9 de contr\u00f4le nationale, l&#8217;Agence espagnole de protection des donn\u00e9es (<a href=\"http:\/\/www.agpd.es\/\">www.agpd.es<\/a>).<\/p>\n<ul>\n<li><strong>Utilisation du formulaire du site Web<\/strong><\/li>\n<\/ul>\n<p>BIOBIZZ vous informe que l&#8217;utilisation du formulaire pour l&#8217;envoi des informations personnelles est interdite aux moins de 14\u00a0ans. Par cons\u00e9quent, en acceptant la pr\u00e9sente Politique de confidentialit\u00e9, vous d\u00e9clarez que lors de l&#8217;envoi des informations vous \u00eates \u00e2g\u00e9s de moins de 14\u00a0ans et vous assumez totalement cette d\u00e9claration.<\/p>\n<p>Lorsque vous utilisez le formulaire d&#8217;envoi d&#8217;informations publi\u00e9 sur le site Web, veuillez uniquement fournir des donn\u00e9es personnelles v\u00e9ridiques, compl\u00e8tes, exactes et, dans tous les cas, mises \u00e0 jour.<\/p>\n<ul>\n<li><strong>Quelles sont les mesures de s\u00e9curit\u00e9 adopt\u00e9es par BIOBIZZ\u00a0? <\/strong><\/li>\n<\/ul>\n<p>Pour veiller \u00e0 la s\u00e9curit\u00e9 de vos donn\u00e9es personnelles, nous vous informons que BIOBIZZ a mis en \u0153uvre toutes les mesures techniques et organisationnelles n\u00e9cessaires pour garantir la s\u00e9curit\u00e9 des donn\u00e9es personnelles fournies. Ceci dans le but d&#8217;\u00e9viter toute alt\u00e9ration, perte, et\/ou traitement ou acc\u00e8s non autoris\u00e9s, conform\u00e9ment \u00e0 la r\u00e9glementation, bien que la s\u00e9curit\u00e9 totale n&#8217;existe pas.<\/p>\n<p>De plus, BIOBIZZ vous informe que notre personnel, quelle que soit la phase du traitement dans laquelle il est impliqu\u00e9, s&#8217;est engag\u00e9 \u00e0 traiter vos donn\u00e9es avec une efficacit\u00e9 et une confidentialit\u00e9 optimales. Nous vous rappelons que ni BIOBIZZ ni l&#8217;un de ses employ\u00e9s ne c\u00e9deront ou communiquerons vos donn\u00e9es \u00e0 une tierce partie, sauf dans les cas pr\u00e9vus par la loi, ou sauf si vous avez donn\u00e9 votre autorisation expresse.[\/vc_column_text][\/vc_column][\/vc_row]\n","protected":false},"excerpt":{"rendered":"<p>[vc_row type=&#8221;in_container&#8221; full_screen_row_position=&#8221;middle&#8221; scene_position=&#8221;center&#8221; text_color=&#8221;dark&#8221; text_align=&#8221;left&#8221; overlay_strength=&#8221;0.3&#8243; shape_divider_position=&#8221;bottom&#8221; bg_image_animation=&#8221;none&#8221;][vc_column column_padding=&#8221;no-extra-padding&#8221; column_padding_position=&#8221;all&#8221; background_color_opacity=&#8221;1&#8243; background_hover_color_opacity=&#8221;1&#8243; column_link_target=&#8221;_self&#8221; column_shadow=&#8221;none&#8221; column_border_radius=&#8221;none&#8221; width=&#8221;1\/1&#8243; tablet_width_inherit=&#8221;default&#8221; tablet_text_alignment=&#8221;default&#8221; phone_text_alignment=&#8221;default&#8221; column_border_width=&#8221;none&#8221; column_border_style=&#8221;solid&#8221; bg_image_animation=&#8221;none&#8221;][vc_column_text] POLITIQUE DE CONFIDENTIALIT\u00c9 \u00a0 La pr\u00e9sente POLITIQUE&#8230;<\/p>\n","protected":false},"author":4,"featured_media":0,"parent":0,"menu_order":0,"comment_status":"closed","ping_status":"closed","template":"","meta":{"_acf_changed":false,"_monsterinsights_skip_tracking":false,"_monsterinsights_sitenote_active":false,"_monsterinsights_sitenote_note":"","_monsterinsights_sitenote_category":0,"footnotes":""},"class_list":["post-33772","page","type-page","status-publish"],"acf":[],"yoast_head":"<!-- This site is optimized with the Yoast SEO plugin v27.2 - https:\/\/yoast.com\/product\/yoast-seo-wordpress\/ -->\n<title>Privacy Policy - Biobizz<\/title>\n<meta name=\"robots\" content=\"noindex, nofollow\" \/>\n<meta property=\"og:locale\" content=\"fr_FR\" \/>\n<meta property=\"og:type\" content=\"article\" \/>\n<meta property=\"og:title\" content=\"Privacy Policy - Biobizz\" \/>\n<meta property=\"og:description\" content=\"[vc_row type=&#8221;in_container&#8221; full_screen_row_position=&#8221;middle&#8221; scene_position=&#8221;center&#8221; text_color=&#8221;dark&#8221; text_align=&#8221;left&#8221; overlay_strength=&#8221;0.3&#8243; shape_divider_position=&#8221;bottom&#8221; bg_image_animation=&#8221;none&#8221;][vc_column column_padding=&#8221;no-extra-padding&#8221; column_padding_position=&#8221;all&#8221; background_color_opacity=&#8221;1&#8243; background_hover_color_opacity=&#8221;1&#8243; column_link_target=&#8221;_self&#8221; column_shadow=&#8221;none&#8221; column_border_radius=&#8221;none&#8221; width=&#8221;1\/1&#8243; tablet_width_inherit=&#8221;default&#8221; tablet_text_alignment=&#8221;default&#8221; phone_text_alignment=&#8221;default&#8221; column_border_width=&#8221;none&#8221; column_border_style=&#8221;solid&#8221; bg_image_animation=&#8221;none&#8221;][vc_column_text] POLITIQUE DE CONFIDENTIALIT\u00c9 \u00a0 La pr\u00e9sente POLITIQUE...\" \/>\n<meta property=\"og:url\" content=\"https:\/\/biobizz.com\/fr\/privacy-policy\/\" \/>\n<meta property=\"og:site_name\" content=\"Biobizz\" \/>\n<meta property=\"article:modified_time\" content=\"2023-09-26T07:50:12+00:00\" \/>\n<meta name=\"twitter:card\" content=\"summary_large_image\" \/>\n<meta name=\"twitter:label1\" content=\"Dur\u00e9e de lecture estim\u00e9e\" \/>\n\t<meta name=\"twitter:data1\" content=\"5 minutes\" \/>\n<script type=\"application\/ld+json\" class=\"yoast-schema-graph\">{\"@context\":\"https:\/\/schema.org\",\"@graph\":[{\"@type\":\"WebPage\",\"@id\":\"https:\/\/biobizz.com\/fr\/privacy-policy\/\",\"url\":\"https:\/\/biobizz.com\/fr\/privacy-policy\/\",\"name\":\"Privacy Policy - Biobizz\",\"isPartOf\":{\"@id\":\"https:\/\/biobizz.com\/fr\/#website\"},\"datePublished\":\"2019-06-20T07:51:13+00:00\",\"dateModified\":\"2023-09-26T07:50:12+00:00\",\"breadcrumb\":{\"@id\":\"https:\/\/biobizz.com\/fr\/privacy-policy\/#breadcrumb\"},\"inLanguage\":\"fr-FR\",\"potentialAction\":[{\"@type\":\"ReadAction\",\"target\":[\"https:\/\/biobizz.com\/fr\/privacy-policy\/\"]}]},{\"@type\":\"BreadcrumbList\",\"@id\":\"https:\/\/biobizz.com\/fr\/privacy-policy\/#breadcrumb\",\"itemListElement\":[{\"@type\":\"ListItem\",\"position\":1,\"name\":\"Portada\",\"item\":\"https:\/\/biobizz.com\/fr\/\"},{\"@type\":\"ListItem\",\"position\":2,\"name\":\"Privacy Policy\"}]},{\"@type\":\"WebSite\",\"@id\":\"https:\/\/biobizz.com\/fr\/#website\",\"url\":\"https:\/\/biobizz.com\/fr\/\",\"name\":\"Biobizz\",\"description\":\"World Wide Organics\",\"publisher\":{\"@id\":\"https:\/\/biobizz.com\/fr\/#organization\"},\"potentialAction\":[{\"@type\":\"SearchAction\",\"target\":{\"@type\":\"EntryPoint\",\"urlTemplate\":\"https:\/\/biobizz.com\/fr\/?s={search_term_string}\"},\"query-input\":{\"@type\":\"PropertyValueSpecification\",\"valueRequired\":true,\"valueName\":\"search_term_string\"}}],\"inLanguage\":\"fr-FR\"},{\"@type\":\"Organization\",\"@id\":\"https:\/\/biobizz.com\/fr\/#organization\",\"name\":\"Biobizz\",\"url\":\"https:\/\/biobizz.com\/fr\/\",\"logo\":{\"@type\":\"ImageObject\",\"inLanguage\":\"fr-FR\",\"@id\":\"https:\/\/biobizz.com\/fr\/#\/schema\/logo\/image\/\",\"url\":\"https:\/\/biobizz.com\/wp-content\/uploads\/2019\/09\/biobizz-logo-dark.png\",\"contentUrl\":\"https:\/\/biobizz.com\/wp-content\/uploads\/2019\/09\/biobizz-logo-dark.png\",\"width\":300,\"height\":67,\"caption\":\"Biobizz\"},\"image\":{\"@id\":\"https:\/\/biobizz.com\/fr\/#\/schema\/logo\/image\/\"}}]}<\/script>\n<!-- \/ Yoast SEO plugin. -->","yoast_head_json":{"title":"Privacy Policy - Biobizz","robots":{"index":"noindex","follow":"nofollow"},"og_locale":"fr_FR","og_type":"article","og_title":"Privacy Policy - Biobizz","og_description":"[vc_row type=&#8221;in_container&#8221; full_screen_row_position=&#8221;middle&#8221; scene_position=&#8221;center&#8221; text_color=&#8221;dark&#8221; text_align=&#8221;left&#8221; overlay_strength=&#8221;0.3&#8243; shape_divider_position=&#8221;bottom&#8221; bg_image_animation=&#8221;none&#8221;][vc_column column_padding=&#8221;no-extra-padding&#8221; column_padding_position=&#8221;all&#8221; background_color_opacity=&#8221;1&#8243; background_hover_color_opacity=&#8221;1&#8243; column_link_target=&#8221;_self&#8221; column_shadow=&#8221;none&#8221; column_border_radius=&#8221;none&#8221; width=&#8221;1\/1&#8243; tablet_width_inherit=&#8221;default&#8221; tablet_text_alignment=&#8221;default&#8221; phone_text_alignment=&#8221;default&#8221; column_border_width=&#8221;none&#8221; column_border_style=&#8221;solid&#8221; bg_image_animation=&#8221;none&#8221;][vc_column_text] POLITIQUE DE CONFIDENTIALIT\u00c9 \u00a0 La pr\u00e9sente POLITIQUE...","og_url":"https:\/\/biobizz.com\/fr\/privacy-policy\/","og_site_name":"Biobizz","article_modified_time":"2023-09-26T07:50:12+00:00","twitter_card":"summary_large_image","twitter_misc":{"Dur\u00e9e de lecture estim\u00e9e":"5 minutes"},"schema":{"@context":"https:\/\/schema.org","@graph":[{"@type":"WebPage","@id":"https:\/\/biobizz.com\/fr\/privacy-policy\/","url":"https:\/\/biobizz.com\/fr\/privacy-policy\/","name":"Privacy Policy - Biobizz","isPartOf":{"@id":"https:\/\/biobizz.com\/fr\/#website"},"datePublished":"2019-06-20T07:51:13+00:00","dateModified":"2023-09-26T07:50:12+00:00","breadcrumb":{"@id":"https:\/\/biobizz.com\/fr\/privacy-policy\/#breadcrumb"},"inLanguage":"fr-FR","potentialAction":[{"@type":"ReadAction","target":["https:\/\/biobizz.com\/fr\/privacy-policy\/"]}]},{"@type":"BreadcrumbList","@id":"https:\/\/biobizz.com\/fr\/privacy-policy\/#breadcrumb","itemListElement":[{"@type":"ListItem","position":1,"name":"Portada","item":"https:\/\/biobizz.com\/fr\/"},{"@type":"ListItem","position":2,"name":"Privacy Policy"}]},{"@type":"WebSite","@id":"https:\/\/biobizz.com\/fr\/#website","url":"https:\/\/biobizz.com\/fr\/","name":"Biobizz","description":"World Wide Organics","publisher":{"@id":"https:\/\/biobizz.com\/fr\/#organization"},"potentialAction":[{"@type":"SearchAction","target":{"@type":"EntryPoint","urlTemplate":"https:\/\/biobizz.com\/fr\/?s={search_term_string}"},"query-input":{"@type":"PropertyValueSpecification","valueRequired":true,"valueName":"search_term_string"}}],"inLanguage":"fr-FR"},{"@type":"Organization","@id":"https:\/\/biobizz.com\/fr\/#organization","name":"Biobizz","url":"https:\/\/biobizz.com\/fr\/","logo":{"@type":"ImageObject","inLanguage":"fr-FR","@id":"https:\/\/biobizz.com\/fr\/#\/schema\/logo\/image\/","url":"https:\/\/biobizz.com\/wp-content\/uploads\/2019\/09\/biobizz-logo-dark.png","contentUrl":"https:\/\/biobizz.com\/wp-content\/uploads\/2019\/09\/biobizz-logo-dark.png","width":300,"height":67,"caption":"Biobizz"},"image":{"@id":"https:\/\/biobizz.com\/fr\/#\/schema\/logo\/image\/"}}]}},"_links":{"self":[{"href":"https:\/\/biobizz.com\/fr\/wp-json\/wp\/v2\/pages\/33772","targetHints":{"allow":["GET"]}}],"collection":[{"href":"https:\/\/biobizz.com\/fr\/wp-json\/wp\/v2\/pages"}],"about":[{"href":"https:\/\/biobizz.com\/fr\/wp-json\/wp\/v2\/types\/page"}],"author":[{"embeddable":true,"href":"https:\/\/biobizz.com\/fr\/wp-json\/wp\/v2\/users\/4"}],"replies":[{"embeddable":true,"href":"https:\/\/biobizz.com\/fr\/wp-json\/wp\/v2\/comments?post=33772"}],"version-history":[{"count":5,"href":"https:\/\/biobizz.com\/fr\/wp-json\/wp\/v2\/pages\/33772\/revisions"}],"predecessor-version":[{"id":34823,"href":"https:\/\/biobizz.com\/fr\/wp-json\/wp\/v2\/pages\/33772\/revisions\/34823"}],"wp:attachment":[{"href":"https:\/\/biobizz.com\/fr\/wp-json\/wp\/v2\/media?parent=33772"}],"curies":[{"name":"wp","href":"https:\/\/api.w.org\/{rel}","templated":true}]}}