{"id":15254,"date":"2019-09-19T11:23:19","date_gmt":"2019-09-19T09:23:19","guid":{"rendered":"http:\/\/www.redefinekeys.com\/desarrollo\/biobizz\/?page_id=15254"},"modified":"2021-09-21T11:09:17","modified_gmt":"2021-09-21T09:09:17","slug":"a-propos-de-biobizz","status":"publish","type":"page","link":"https:\/\/biobizz.com\/fr\/a-propos-de-biobizz\/","title":{"rendered":"\u00c0 propos de Biobizz"},"content":{"rendered":"[vc_row type=&#8221;full_width_background&#8221; full_screen_row_position=&#8221;middle&#8221; scene_position=&#8221;center&#8221; text_color=&#8221;dark&#8221; text_align=&#8221;left&#8221; overlay_strength=&#8221;0.3&#8243; shape_divider_position=&#8221;bottom&#8221; bg_image_animation=&#8221;none&#8221;][vc_column column_padding=&#8221;no-extra-padding&#8221; column_padding_position=&#8221;all&#8221; background_color_opacity=&#8221;1&#8243; background_hover_color_opacity=&#8221;1&#8243; column_link_target=&#8221;_self&#8221; column_shadow=&#8221;none&#8221; column_border_radius=&#8221;none&#8221; width=&#8221;1\/1&#8243; tablet_width_inherit=&#8221;default&#8221; tablet_text_alignment=&#8221;default&#8221; phone_text_alignment=&#8221;default&#8221; column_border_width=&#8221;none&#8221; column_border_style=&#8221;solid&#8221; bg_image_animation=&#8221;none&#8221;][page_submenu alignment=&#8221;center&#8221; bg_color=&#8221;#322422&#8243; link_color=&#8221;#ffffff&#8221;][page_link link_url=&#8221;#introduccion&#8221; title=&#8221;Introduction&#8221; id=&#8221;1632215223999-0&#8243; tab_id=&#8221;1632215224001-3&#8243;] [\/page_link][page_link link_url=&#8221;#compromisos&#8221; title=&#8221;Notre vision\/mission&#8221; id=&#8221;1632215224324-2&#8243; tab_id=&#8221;1632215224325-4&#8243;] [\/page_link][page_link link_url=&#8221;#personas&#8221; title=&#8221;Notre objectif&#8221; id=&#8221;1632215224469-2&#8243; tab_id=&#8221;1632215224471-3&#8243;] [\/page_link][\/page_submenu][\/vc_column][\/vc_row][vc_row type=&#8221;full_width_background&#8221; full_screen_row_position=&#8221;middle&#8221; bg_color=&#8221;#ffffff&#8221; scene_position=&#8221;center&#8221; text_color=&#8221;dark&#8221; text_align=&#8221;left&#8221; top_padding=&#8221;5%&#8221; bottom_padding=&#8221;5%&#8221; id=&#8221;introduccion&#8221; enable_gradient=&#8221;true&#8221; color_overlay=&#8221;#bfbfbf&#8221; gradient_direction=&#8221;left_to_right&#8221; overlay_strength=&#8221;0.3&#8243; shape_divider_position=&#8221;bottom&#8221; bg_image_animation=&#8221;none&#8221; shape_type=&#8221;&#8221;][vc_column column_padding=&#8221;padding-2-percent&#8221; column_padding_position=&#8221;all&#8221; background_color_opacity=&#8221;1&#8243; background_hover_color_opacity=&#8221;1&#8243; column_link_target=&#8221;_self&#8221; column_shadow=&#8221;none&#8221; column_border_radius=&#8221;none&#8221; width=&#8221;1\/1&#8243; tablet_width_inherit=&#8221;default&#8221; tablet_text_alignment=&#8221;default&#8221; phone_text_alignment=&#8221;default&#8221; column_border_width=&#8221;none&#8221; column_border_style=&#8221;solid&#8221; bg_image_animation=&#8221;none&#8221;][split_line_heading]\n<h2>Biobizz \u00e9tend l&#8217;agriculture biologique aux quatre coins du monde<\/h2>\n[\/split_line_heading][vc_row_inner column_margin=&#8221;default&#8221; top_padding=&#8221;15&#8243; bottom_padding=&#8221;25&#8243; text_align=&#8221;left&#8221;][vc_column_inner column_padding=&#8221;no-extra-padding&#8221; column_padding_position=&#8221;all&#8221; background_color_opacity=&#8221;1&#8243; background_hover_color_opacity=&#8221;1&#8243; column_shadow=&#8221;none&#8221; column_border_radius=&#8221;none&#8221; column_link_target=&#8221;_self&#8221; width=&#8221;1\/1&#8243; tablet_width_inherit=&#8221;default&#8221; column_border_width=&#8221;none&#8221; column_border_style=&#8221;solid&#8221; bg_image_animation=&#8221;none&#8221; enable_animation=&#8221;true&#8221; animation=&#8221;fade-in-from-bottom&#8221;][vc_column_text]Biobizz World Wide Organics est vou\u00e9e \u00e0 la production et l\u2019exportation d\u2019engrais biologiques qui garantissent la meilleure qualit\u00e9 de chacun des produits que nous cr\u00e9ons, ainsi que les r\u00e9sultats obtenus par les producteurs quand ils les utilisent.[\/vc_column_text][\/vc_column_inner][\/vc_row_inner][vc_column_text css=&#8221;.vc_custom_1569841185047{margin-bottom: 18px !important;}&#8221;]\n<h5>Notre vision: La Terre<\/h5>\n[\/vc_column_text][vc_column_text css=&#8221;.vc_custom_1569841196947{margin-bottom: 18px !important;}&#8221;]Notre philosophie est simple: mettre l\u2019agriculture biologique \u00e0 la port\u00e9e du plus grand nombre de gens possible afin de minimiser l\u2019impact que nous laissons sur le monde dans lequel nous vivons. Depuis que nous avons commenc\u00e9 la fabrication de produits biologiques en 1992, nous mettons tout en \u0153uvre pour cr\u00e9er une agriculture durable, encourager l\u2019autosuffisance, montrer l\u2019importance des produits et des m\u00e9thodes naturelles pour produire tout ce dont nous avons besoin.[\/vc_column_text][divider line_type=&#8221;No Line&#8221; custom_height=&#8221;20&#8243;][vc_column_text css=&#8221;.vc_custom_1569841207819{margin-bottom: 18px !important;}&#8221;]\n<h5>Notre mission: Soutenir l&#8217;agriculture durable depuis 1992<\/h5>\n[\/vc_column_text][vc_column_text css=&#8221;.vc_custom_1632215347640{margin-bottom: 18px !important;}&#8221;]Biobizz a \u00e9t\u00e9 fond\u00e9 en 1992 \u00e0 Groningen aux Pays-Bas. \u00c0 cette \u00e9poque, c\u2019\u00e9tait une entreprise familiale avec une gamme de produits plus restreinte bien que l\u2019ADN du produit y f\u00fbt d\u00e9j\u00e0 pr\u00e9sent. Depuis lors, Biobizz n\u2019a cess\u00e9 de cro\u00eetre.<\/p>\n<p>Aujourd\u2019hui nous sommes pr\u00e9sents dans quelque 70 pays diff\u00e9rents, mais nous avons toujours le sentiment d\u2019appartenir \u00e0 une famille, parce que tous les membres de la famille se connaissent et travaillent ensemble pour assurer la p\u00e9rennit\u00e9 de Biobizz en tant qu\u2019entreprise leader de son secteur.[\/vc_column_text][\/vc_column][\/vc_row][vc_row type=&#8221;full_width_background&#8221; full_screen_row_position=&#8221;middle&#8221; bg_image=&#8221;15600&#8243; bg_position=&#8221;left top&#8221; bg_repeat=&#8221;no-repeat&#8221; scene_position=&#8221;center&#8221; text_color=&#8221;dark&#8221; text_align=&#8221;left&#8221; top_padding=&#8221;7%&#8221; bottom_padding=&#8221;7%&#8221; id=&#8221;compromisos&#8221; overlay_strength=&#8221;1&#8243; shape_divider_position=&#8221;bottom&#8221; bg_image_animation=&#8221;none&#8221; shape_type=&#8221;&#8221;][vc_column column_padding=&#8221;padding-1-percent&#8221; column_padding_position=&#8221;all&#8221; background_color_opacity=&#8221;1&#8243; background_hover_color_opacity=&#8221;1&#8243; column_link_target=&#8221;_self&#8221; column_shadow=&#8221;none&#8221; column_border_radius=&#8221;none&#8221; width=&#8221;1\/3&#8243; tablet_width_inherit=&#8221;default&#8221; tablet_text_alignment=&#8221;default&#8221; phone_text_alignment=&#8221;default&#8221; column_border_width=&#8221;none&#8221; column_border_style=&#8221;solid&#8221; bg_image_animation=&#8221;none&#8221; enable_animation=&#8221;true&#8221; animation=&#8221;reveal-from-bottom&#8221;][fancy_box box_style=&#8221;default&#8221; icon_family=&#8221;none&#8221; image_url=&#8221;6083&#8243; color=&#8221;accent-color&#8221; min_height=&#8221;400&#8243;]\n<h3>Prendre soin des plantes et des personnes<\/h3>\n<p>Chez Biobizz, nous pensons que la sant\u00e9 des plantes et la sant\u00e9 humaine sont d\u2019\u00e9gale importance. Pour cette raison, nos produits ne contiennent aucune sorte d\u2019additifs artificiels, de pesticides de synth\u00e8se ou de m\u00e9taux lourds nocifs.<\/p>\n<p>Nous utilisons uniquement des ingr\u00e9dients certifi\u00e9s 100% naturels d\u2019origine contr\u00f4l\u00e9e. Un produit cultiv\u00e9 avec Biobizz est non seulement d\u00e9licieux, mais \u00e9galement s\u00fbr et sain pour qui le consomme.[\/fancy_box][\/vc_column][vc_column column_padding=&#8221;padding-1-percent&#8221; column_padding_position=&#8221;all&#8221; background_color_opacity=&#8221;1&#8243; background_hover_color_opacity=&#8221;1&#8243; column_link_target=&#8221;_self&#8221; column_shadow=&#8221;none&#8221; column_border_radius=&#8221;none&#8221; width=&#8221;1\/3&#8243; tablet_width_inherit=&#8221;default&#8221; tablet_text_alignment=&#8221;default&#8221; phone_text_alignment=&#8221;default&#8221; column_border_width=&#8221;none&#8221; column_border_style=&#8221;solid&#8221; bg_image_animation=&#8221;none&#8221; enable_animation=&#8221;true&#8221; animation=&#8221;reveal-from-bottom&#8221; delay=&#8221;200&#8243;][fancy_box box_style=&#8221;default&#8221; icon_family=&#8221;none&#8221; image_url=&#8221;6082&#8243; color=&#8221;accent-color&#8221; min_height=&#8221;400&#8243;]\n<h3>Nous savons que les produits biologiques garantissent les meilleurs r\u00e9sultats<\/h3>\n<p>Le respect de l\u2019environnement est une affaire d\u2019importance vitale, mais chez Biobizz nous croyons \u00e9galement qu\u2019il n\u2019est pas n\u00e9cessaire d\u2019opposer rendement et \u00e9cologie. C\u2019est pourquoi nos produits 100% biologiques garantissent une r\u00e9colte impressionnante, \u00e0 la fois en qualit\u00e9 et en quantit\u00e9.<\/p>\n<p>Agriculture biologique signifie tirer le meilleur parti de ce que la nature nous offre. Ce principe se traduit par des r\u00e9coltes abondantes, des plantes en bonne sant\u00e9, une floraison luxuriante et un go\u00fbt naturel intense.[\/fancy_box][\/vc_column][vc_column column_padding=&#8221;padding-1-percent&#8221; column_padding_position=&#8221;all&#8221; background_color_opacity=&#8221;1&#8243; background_hover_color_opacity=&#8221;1&#8243; column_link_target=&#8221;_self&#8221; column_shadow=&#8221;none&#8221; column_border_radius=&#8221;none&#8221; width=&#8221;1\/3&#8243; tablet_width_inherit=&#8221;default&#8221; tablet_text_alignment=&#8221;default&#8221; phone_text_alignment=&#8221;default&#8221; column_border_width=&#8221;none&#8221; column_border_style=&#8221;solid&#8221; bg_image_animation=&#8221;none&#8221; enable_animation=&#8221;true&#8221; animation=&#8221;reveal-from-bottom&#8221; delay=&#8221;400&#8243;][fancy_box box_style=&#8221;default&#8221; icon_family=&#8221;none&#8221; image_url=&#8221;6052&#8243; color=&#8221;accent-color&#8221; min_height=&#8221;400&#8243;]\n<h3>Seuls produits certifi\u00e9s 100% sont 100% biologiques<\/h3>\n<p>Nous avons cr\u00e9\u00e9 une gamme de substrats biologiques, engrais liquides et d\u2019am\u00e9liorateurs de substrat pour les exploitants les plus exigeants.<\/p>\n<p>Notre entreprise d\u00e9tient plus de certificats que n\u2019importe quelle autre entreprise du secteur, certificats qui garantissent l\u2019origine et le proc\u00e9d\u00e9 de fabrication de tous les produits Biobizz. Nous avons travaill\u00e9 dur pour faire subir les essais les plus compliqu\u00e9s \u00e0 nos produits et obtenir les certificats que nous permettent de garantir que tous nos produits sont 100% biologiques et respectueux de l\u2019environnement.[\/fancy_box][\/vc_column][\/vc_row][vc_row type=&#8221;full_width_background&#8221; full_screen_row_position=&#8221;middle&#8221; bg_color=&#8221;#ffffff&#8221; scene_position=&#8221;center&#8221; text_color=&#8221;dark&#8221; text_align=&#8221;left&#8221; top_padding=&#8221;5%&#8221; bottom_padding=&#8221;5%&#8221; id=&#8221;personas&#8221; overlay_strength=&#8221;0.3&#8243; shape_divider_position=&#8221;bottom&#8221; bg_image_animation=&#8221;none&#8221; shape_type=&#8221;&#8221;][vc_column column_padding=&#8221;padding-2-percent&#8221; column_padding_position=&#8221;all&#8221; background_color_opacity=&#8221;1&#8243; background_hover_color_opacity=&#8221;1&#8243; column_link_target=&#8221;_self&#8221; column_shadow=&#8221;none&#8221; column_border_radius=&#8221;none&#8221; width=&#8221;1\/1&#8243; tablet_width_inherit=&#8221;default&#8221; tablet_text_alignment=&#8221;default&#8221; phone_text_alignment=&#8221;default&#8221; column_border_width=&#8221;none&#8221; column_border_style=&#8221;solid&#8221; bg_image_animation=&#8221;none&#8221;][split_line_heading]\n<h2>Le meilleur pour les humains sans aucun produit nocif pour La Terre<\/h2>\n[\/split_line_heading][vc_row_inner column_margin=&#8221;default&#8221; top_padding=&#8221;15&#8243; bottom_padding=&#8221;25&#8243; text_align=&#8221;left&#8221;][vc_column_inner column_padding=&#8221;no-extra-padding&#8221; column_padding_position=&#8221;all&#8221; background_color_opacity=&#8221;1&#8243; background_hover_color_opacity=&#8221;1&#8243; column_shadow=&#8221;none&#8221; column_border_radius=&#8221;none&#8221; column_link_target=&#8221;_self&#8221; width=&#8221;1\/1&#8243; tablet_width_inherit=&#8221;default&#8221; column_border_width=&#8221;none&#8221; column_border_style=&#8221;solid&#8221; bg_image_animation=&#8221;none&#8221; enable_animation=&#8221;true&#8221; animation=&#8221;fade-in-from-bottom&#8221;][vc_column_text]Nous pensons qu\u2019il est temps que l\u2019agriculture quitte le laboratoire pour prendre racine dans son \u00e9l\u00e9ment naturel: la terre. Chaque fois que vous utilisez un produit Biobizz, vous pouvez \u00eatre assur\u00e9 qu\u2019aucun composant nocif ne finira par contaminer les eaux alentour ou par d\u00e9cimer la vie sauvage de votre territoire, mais qu\u2019il vous offrira au contraire des plantes saines et une r\u00e9colte abondante.[\/vc_column_text][divider line_type=&#8221;No Line&#8221; custom_height=&#8221;20&#8243;][vc_column_text css=&#8221;.vc_custom_1569841301965{margin-bottom: 18px !important;}&#8221;]\n<h5>Nous vivons l&#8217;agriculture biologique<\/h5>\n[\/vc_column_text][vc_column_text css=&#8221;.vc_custom_1569841310510{margin-bottom: 18px !important;}&#8221;]Biobizz ne cr\u00e9e pas uniquement des produits 100% biologiques pour l\u2019agriculture biologique. Nous encourageons \u00e9galement les bonnes pratiques avec notre production \u00e0 l\u2019aide de nos produits dans notre propre serre.<\/p>\n<p>Une serre est implant\u00e9e \u00e0 proximit\u00e9 de nos installations principales, dans laquelle nous cultivons des l\u00e9gumes et certains fruits afin d\u2019encourager l\u2019autoproduction et d\u2019\u00eatre s\u00fbrs que nos r\u00e9coltes sont toujours propres, 100% biologiques et respectueuses de l\u2019environnement.<\/p>\n<p>Cette serre n\u2019est que l\u2019un des nombreux contr\u00f4les qualit\u00e9 auxquels nos produits sont soumis. C\u2019est un moyen de mettre nos connaissances en pratique et de voir si nos produits fonctionnent au mieux de leurs capacit\u00e9s.<\/p>\n<p>Les r\u00e9coltes que nous obtenons sont le meilleur moyen de boucler le cycle des ingr\u00e9dients de nos produits aux ingr\u00e9dients qui entrent dans notre assiette.[\/vc_column_text][divider line_type=&#8221;No Line&#8221; custom_height=&#8221;20&#8243;][\/vc_column_inner][\/vc_row_inner][vc_column_text]\n<h5>Notre objectif<\/h5>\n[\/vc_column_text][vc_column_text css=&#8221;.vc_custom_1610010255602{margin-bottom: 18px !important;}&#8221;]L\u2019objectif de Biobizz a toujours \u00e9t\u00e9 et restera de promouvoir l\u2019agriculture biologique et de permettre aux producteurs d\u2019attendre les meilleurs r\u00e9sultats possibles gr\u00e2ce \u00e0 des produits 100% biologiques.<\/p>\n<p>Actuellement le si\u00e8ge social de Biobizz est implant\u00e9 \u00e0 Bilbao. Ce site accueille la plupart des services administratifs tels que finances, marketing ou logistique, ainsi que le principal site de production de nos produits.<\/p>\n<p>De plus, nous disposons de bureaux \u00e0 Barcelone, France, Royaume-Uni et aux \u00c9tats-Unis. Associ\u00e9s \u00e0 notre service commercial, ces implantations nous permettent d\u2019\u00eatre pr\u00e9sents dans 64 pays partout dans le monde. Les produits Biobizz\u00a0sont disponibles dans la quasi-totalit\u00e9 des pays d\u2019Europe, d\u2019Am\u00e9rique du Nord et du Sud, ainsi que dans d\u2019autres pays tels que l\u2019Afrique du Sud ou l\u2019Australie.[\/vc_column_text][\/vc_column][\/vc_row][vc_row type=&#8221;full_width_background&#8221; full_screen_row_position=&#8221;middle&#8221; scene_position=&#8221;center&#8221; text_color=&#8221;dark&#8221; text_align=&#8221;left&#8221; id=&#8221;media&#8221; overlay_strength=&#8221;0.3&#8243; shape_divider_position=&#8221;bottom&#8221; bg_image_animation=&#8221;none&#8221; shape_type=&#8221;&#8221;][vc_column column_padding=&#8221;no-extra-padding&#8221; column_padding_position=&#8221;all&#8221; background_color_opacity=&#8221;1&#8243; background_hover_color_opacity=&#8221;1&#8243; column_link_target=&#8221;_self&#8221; column_shadow=&#8221;none&#8221; column_border_radius=&#8221;none&#8221; width=&#8221;1\/1&#8243; tablet_width_inherit=&#8221;default&#8221; tablet_text_alignment=&#8221;default&#8221; phone_text_alignment=&#8221;default&#8221; column_border_width=&#8221;none&#8221; column_border_style=&#8221;solid&#8221; bg_image_animation=&#8221;none&#8221;][vc_gallery type=&#8221;image_grid&#8221; images=&#8221;17158,17165,17172,17179&#8243; layout=&#8221;4&#8243; item_spacing=&#8221;default&#8221; gallery_style=&#8221;7&#8243; load_in_animation=&#8221;none&#8221; img_size=&#8221;500&#215;500&#8243;][divider line_type=&#8221;No Line&#8221; custom_height=&#8221;25&#8243;][\/vc_column][\/vc_row]\n","protected":false},"excerpt":{"rendered":"<p>[vc_row type=&#8221;full_width_background&#8221; full_screen_row_position=&#8221;middle&#8221; scene_position=&#8221;center&#8221; text_color=&#8221;dark&#8221; text_align=&#8221;left&#8221; overlay_strength=&#8221;0.3&#8243; shape_divider_position=&#8221;bottom&#8221; bg_image_animation=&#8221;none&#8221;][vc_column column_padding=&#8221;no-extra-padding&#8221; column_padding_position=&#8221;all&#8221; background_color_opacity=&#8221;1&#8243; background_hover_color_opacity=&#8221;1&#8243; column_link_target=&#8221;_self&#8221; column_shadow=&#8221;none&#8221; column_border_radius=&#8221;none&#8221; width=&#8221;1\/1&#8243; tablet_width_inherit=&#8221;default&#8221; tablet_text_alignment=&#8221;default&#8221; phone_text_alignment=&#8221;default&#8221; column_border_width=&#8221;none&#8221; column_border_style=&#8221;solid&#8221; bg_image_animation=&#8221;none&#8221;][page_submenu alignment=&#8221;center&#8221; bg_color=&#8221;#322422&#8243; link_color=&#8221;#ffffff&#8221;][page_link link_url=&#8221;#introduccion&#8221; title=&#8221;Introduction&#8221; id=&#8221;1632215223999-0&#8243; tab_id=&#8221;1632215224001-3&#8243;]&#8230;<\/p>\n","protected":false},"author":4,"featured_media":0,"parent":0,"menu_order":0,"comment_status":"closed","ping_status":"closed","template":"","meta":{"_acf_changed":false,"_monsterinsights_skip_tracking":false,"_monsterinsights_sitenote_active":false,"_monsterinsights_sitenote_note":"","_monsterinsights_sitenote_category":0,"footnotes":""},"class_list":["post-15254","page","type-page","status-publish"],"acf":[],"yoast_head":"<!-- This site is optimized with the Yoast SEO plugin v27.2 - https:\/\/yoast.com\/product\/yoast-seo-wordpress\/ -->\n<title>\u00c0 propos de Biobizz - Biobizz<\/title>\n<meta name=\"robots\" content=\"index, follow, max-snippet:-1, max-image-preview:large, max-video-preview:-1\" \/>\n<link rel=\"canonical\" href=\"https:\/\/biobizz.com\/fr\/a-propos-de-biobizz\/\" \/>\n<meta property=\"og:locale\" content=\"fr_FR\" \/>\n<meta property=\"og:type\" content=\"article\" \/>\n<meta property=\"og:title\" content=\"\u00c0 propos de Biobizz - Biobizz\" \/>\n<meta property=\"og:description\" content=\"[vc_row type=&#8221;full_width_background&#8221; full_screen_row_position=&#8221;middle&#8221; scene_position=&#8221;center&#8221; text_color=&#8221;dark&#8221; text_align=&#8221;left&#8221; overlay_strength=&#8221;0.3&#8243; shape_divider_position=&#8221;bottom&#8221; bg_image_animation=&#8221;none&#8221;][vc_column column_padding=&#8221;no-extra-padding&#8221; column_padding_position=&#8221;all&#8221; background_color_opacity=&#8221;1&#8243; background_hover_color_opacity=&#8221;1&#8243; column_link_target=&#8221;_self&#8221; column_shadow=&#8221;none&#8221; column_border_radius=&#8221;none&#8221; width=&#8221;1\/1&#8243; tablet_width_inherit=&#8221;default&#8221; tablet_text_alignment=&#8221;default&#8221; phone_text_alignment=&#8221;default&#8221; column_border_width=&#8221;none&#8221; column_border_style=&#8221;solid&#8221; bg_image_animation=&#8221;none&#8221;][page_submenu alignment=&#8221;center&#8221; bg_color=&#8221;#322422&#8243; link_color=&#8221;#ffffff&#8221;][page_link link_url=&#8221;#introduccion&#8221; title=&#8221;Introduction&#8221; id=&#8221;1632215223999-0&#8243; tab_id=&#8221;1632215224001-3&#8243;]...\" \/>\n<meta property=\"og:url\" content=\"https:\/\/biobizz.com\/fr\/a-propos-de-biobizz\/\" \/>\n<meta property=\"og:site_name\" content=\"Biobizz\" \/>\n<meta property=\"article:modified_time\" content=\"2021-09-21T09:09:17+00:00\" \/>\n<meta name=\"twitter:card\" content=\"summary_large_image\" \/>\n<meta name=\"twitter:label1\" content=\"Dur\u00e9e de lecture estim\u00e9e\" \/>\n\t<meta name=\"twitter:data1\" content=\"5 minutes\" \/>\n<script type=\"application\/ld+json\" class=\"yoast-schema-graph\">{\"@context\":\"https:\/\/schema.org\",\"@graph\":[{\"@type\":\"WebPage\",\"@id\":\"https:\/\/biobizz.com\/fr\/a-propos-de-biobizz\/\",\"url\":\"https:\/\/biobizz.com\/fr\/a-propos-de-biobizz\/\",\"name\":\"\u00c0 propos de Biobizz - Biobizz\",\"isPartOf\":{\"@id\":\"https:\/\/biobizz.com\/fr\/#website\"},\"datePublished\":\"2019-09-19T09:23:19+00:00\",\"dateModified\":\"2021-09-21T09:09:17+00:00\",\"breadcrumb\":{\"@id\":\"https:\/\/biobizz.com\/fr\/a-propos-de-biobizz\/#breadcrumb\"},\"inLanguage\":\"fr-FR\",\"potentialAction\":[{\"@type\":\"ReadAction\",\"target\":[\"https:\/\/biobizz.com\/fr\/a-propos-de-biobizz\/\"]}]},{\"@type\":\"BreadcrumbList\",\"@id\":\"https:\/\/biobizz.com\/fr\/a-propos-de-biobizz\/#breadcrumb\",\"itemListElement\":[{\"@type\":\"ListItem\",\"position\":1,\"name\":\"Portada\",\"item\":\"https:\/\/biobizz.com\/fr\/\"},{\"@type\":\"ListItem\",\"position\":2,\"name\":\"\u00c0 propos de Biobizz\"}]},{\"@type\":\"WebSite\",\"@id\":\"https:\/\/biobizz.com\/fr\/#website\",\"url\":\"https:\/\/biobizz.com\/fr\/\",\"name\":\"Biobizz\",\"description\":\"World Wide Organics\",\"publisher\":{\"@id\":\"https:\/\/biobizz.com\/fr\/#organization\"},\"potentialAction\":[{\"@type\":\"SearchAction\",\"target\":{\"@type\":\"EntryPoint\",\"urlTemplate\":\"https:\/\/biobizz.com\/fr\/?s={search_term_string}\"},\"query-input\":{\"@type\":\"PropertyValueSpecification\",\"valueRequired\":true,\"valueName\":\"search_term_string\"}}],\"inLanguage\":\"fr-FR\"},{\"@type\":\"Organization\",\"@id\":\"https:\/\/biobizz.com\/fr\/#organization\",\"name\":\"Biobizz\",\"url\":\"https:\/\/biobizz.com\/fr\/\",\"logo\":{\"@type\":\"ImageObject\",\"inLanguage\":\"fr-FR\",\"@id\":\"https:\/\/biobizz.com\/fr\/#\/schema\/logo\/image\/\",\"url\":\"https:\/\/biobizz.com\/wp-content\/uploads\/2019\/09\/biobizz-logo-dark.png\",\"contentUrl\":\"https:\/\/biobizz.com\/wp-content\/uploads\/2019\/09\/biobizz-logo-dark.png\",\"width\":300,\"height\":67,\"caption\":\"Biobizz\"},\"image\":{\"@id\":\"https:\/\/biobizz.com\/fr\/#\/schema\/logo\/image\/\"}}]}<\/script>\n<!-- \/ Yoast SEO plugin. -->","yoast_head_json":{"title":"\u00c0 propos de Biobizz - Biobizz","robots":{"index":"index","follow":"follow","max-snippet":"max-snippet:-1","max-image-preview":"max-image-preview:large","max-video-preview":"max-video-preview:-1"},"canonical":"https:\/\/biobizz.com\/fr\/a-propos-de-biobizz\/","og_locale":"fr_FR","og_type":"article","og_title":"\u00c0 propos de Biobizz - Biobizz","og_description":"[vc_row type=&#8221;full_width_background&#8221; full_screen_row_position=&#8221;middle&#8221; scene_position=&#8221;center&#8221; text_color=&#8221;dark&#8221; text_align=&#8221;left&#8221; overlay_strength=&#8221;0.3&#8243; shape_divider_position=&#8221;bottom&#8221; bg_image_animation=&#8221;none&#8221;][vc_column column_padding=&#8221;no-extra-padding&#8221; column_padding_position=&#8221;all&#8221; background_color_opacity=&#8221;1&#8243; background_hover_color_opacity=&#8221;1&#8243; column_link_target=&#8221;_self&#8221; column_shadow=&#8221;none&#8221; column_border_radius=&#8221;none&#8221; width=&#8221;1\/1&#8243; tablet_width_inherit=&#8221;default&#8221; tablet_text_alignment=&#8221;default&#8221; phone_text_alignment=&#8221;default&#8221; column_border_width=&#8221;none&#8221; column_border_style=&#8221;solid&#8221; bg_image_animation=&#8221;none&#8221;][page_submenu alignment=&#8221;center&#8221; bg_color=&#8221;#322422&#8243; link_color=&#8221;#ffffff&#8221;][page_link link_url=&#8221;#introduccion&#8221; title=&#8221;Introduction&#8221; id=&#8221;1632215223999-0&#8243; tab_id=&#8221;1632215224001-3&#8243;]...","og_url":"https:\/\/biobizz.com\/fr\/a-propos-de-biobizz\/","og_site_name":"Biobizz","article_modified_time":"2021-09-21T09:09:17+00:00","twitter_card":"summary_large_image","twitter_misc":{"Dur\u00e9e de lecture estim\u00e9e":"5 minutes"},"schema":{"@context":"https:\/\/schema.org","@graph":[{"@type":"WebPage","@id":"https:\/\/biobizz.com\/fr\/a-propos-de-biobizz\/","url":"https:\/\/biobizz.com\/fr\/a-propos-de-biobizz\/","name":"\u00c0 propos de Biobizz - Biobizz","isPartOf":{"@id":"https:\/\/biobizz.com\/fr\/#website"},"datePublished":"2019-09-19T09:23:19+00:00","dateModified":"2021-09-21T09:09:17+00:00","breadcrumb":{"@id":"https:\/\/biobizz.com\/fr\/a-propos-de-biobizz\/#breadcrumb"},"inLanguage":"fr-FR","potentialAction":[{"@type":"ReadAction","target":["https:\/\/biobizz.com\/fr\/a-propos-de-biobizz\/"]}]},{"@type":"BreadcrumbList","@id":"https:\/\/biobizz.com\/fr\/a-propos-de-biobizz\/#breadcrumb","itemListElement":[{"@type":"ListItem","position":1,"name":"Portada","item":"https:\/\/biobizz.com\/fr\/"},{"@type":"ListItem","position":2,"name":"\u00c0 propos de Biobizz"}]},{"@type":"WebSite","@id":"https:\/\/biobizz.com\/fr\/#website","url":"https:\/\/biobizz.com\/fr\/","name":"Biobizz","description":"World Wide Organics","publisher":{"@id":"https:\/\/biobizz.com\/fr\/#organization"},"potentialAction":[{"@type":"SearchAction","target":{"@type":"EntryPoint","urlTemplate":"https:\/\/biobizz.com\/fr\/?s={search_term_string}"},"query-input":{"@type":"PropertyValueSpecification","valueRequired":true,"valueName":"search_term_string"}}],"inLanguage":"fr-FR"},{"@type":"Organization","@id":"https:\/\/biobizz.com\/fr\/#organization","name":"Biobizz","url":"https:\/\/biobizz.com\/fr\/","logo":{"@type":"ImageObject","inLanguage":"fr-FR","@id":"https:\/\/biobizz.com\/fr\/#\/schema\/logo\/image\/","url":"https:\/\/biobizz.com\/wp-content\/uploads\/2019\/09\/biobizz-logo-dark.png","contentUrl":"https:\/\/biobizz.com\/wp-content\/uploads\/2019\/09\/biobizz-logo-dark.png","width":300,"height":67,"caption":"Biobizz"},"image":{"@id":"https:\/\/biobizz.com\/fr\/#\/schema\/logo\/image\/"}}]}},"_links":{"self":[{"href":"https:\/\/biobizz.com\/fr\/wp-json\/wp\/v2\/pages\/15254","targetHints":{"allow":["GET"]}}],"collection":[{"href":"https:\/\/biobizz.com\/fr\/wp-json\/wp\/v2\/pages"}],"about":[{"href":"https:\/\/biobizz.com\/fr\/wp-json\/wp\/v2\/types\/page"}],"author":[{"embeddable":true,"href":"https:\/\/biobizz.com\/fr\/wp-json\/wp\/v2\/users\/4"}],"replies":[{"embeddable":true,"href":"https:\/\/biobizz.com\/fr\/wp-json\/wp\/v2\/comments?post=15254"}],"version-history":[{"count":9,"href":"https:\/\/biobizz.com\/fr\/wp-json\/wp\/v2\/pages\/15254\/revisions"}],"predecessor-version":[{"id":46330,"href":"https:\/\/biobizz.com\/fr\/wp-json\/wp\/v2\/pages\/15254\/revisions\/46330"}],"wp:attachment":[{"href":"https:\/\/biobizz.com\/fr\/wp-json\/wp\/v2\/media?parent=15254"}],"curies":[{"name":"wp","href":"https:\/\/api.w.org\/{rel}","templated":true}]}}