{"id":6238,"date":"2019-07-01T13:55:49","date_gmt":"2019-07-01T11:55:49","guid":{"rendered":"http:\/\/www.redefinekeys.com\/desarrollo\/biobizz\/?page_id=6238"},"modified":"2021-09-21T11:09:12","modified_gmt":"2021-09-21T09:09:12","slug":"acerca-de-biobizz","status":"publish","type":"page","link":"https:\/\/biobizz.com\/es\/acerca-de-biobizz\/","title":{"rendered":"Acerca de Biobizz"},"content":{"rendered":"[vc_row type=&#8221;full_width_background&#8221; full_screen_row_position=&#8221;middle&#8221; scene_position=&#8221;center&#8221; text_color=&#8221;dark&#8221; text_align=&#8221;left&#8221; overlay_strength=&#8221;0.3&#8243; shape_divider_position=&#8221;bottom&#8221; bg_image_animation=&#8221;none&#8221;][vc_column column_padding=&#8221;no-extra-padding&#8221; column_padding_position=&#8221;all&#8221; background_color_opacity=&#8221;1&#8243; background_hover_color_opacity=&#8221;1&#8243; column_link_target=&#8221;_self&#8221; column_shadow=&#8221;none&#8221; column_border_radius=&#8221;none&#8221; width=&#8221;1\/1&#8243; tablet_width_inherit=&#8221;default&#8221; tablet_text_alignment=&#8221;default&#8221; phone_text_alignment=&#8221;default&#8221; column_border_width=&#8221;none&#8221; column_border_style=&#8221;solid&#8221; bg_image_animation=&#8221;none&#8221;][page_submenu alignment=&#8221;center&#8221; bg_color=&#8221;#322422&#8243; link_color=&#8221;#ffffff&#8221;][page_link link_url=&#8221;#introduccion&#8221; title=&#8221;Introducci\u00f3n&#8221; id=&#8221;1632215234965-10&#8243; tab_id=&#8221;1632215234966-7&#8243;] [\/page_link][page_link link_url=&#8221;#compromisos&#8221; title=&#8221;Nuestra visi\u00f3n\/misi\u00f3n&#8221; id=&#8221;1632215235116-2&#8243; tab_id=&#8221;1632215235117-10&#8243;] [\/page_link][page_link link_url=&#8221;#personas&#8221; title=&#8221;Nuestro Objetivo&#8221; id=&#8221;1632215235177-4&#8243; tab_id=&#8221;1632215235178-2&#8243;] [\/page_link][\/page_submenu][\/vc_column][\/vc_row][vc_row type=&#8221;full_width_background&#8221; full_screen_row_position=&#8221;middle&#8221; bg_color=&#8221;#ffffff&#8221; scene_position=&#8221;center&#8221; text_color=&#8221;dark&#8221; text_align=&#8221;left&#8221; top_padding=&#8221;5%&#8221; bottom_padding=&#8221;5%&#8221; id=&#8221;introduccion&#8221; enable_gradient=&#8221;true&#8221; color_overlay=&#8221;#bfbfbf&#8221; gradient_direction=&#8221;left_to_right&#8221; overlay_strength=&#8221;0.3&#8243; shape_divider_position=&#8221;bottom&#8221; bg_image_animation=&#8221;none&#8221; shape_type=&#8221;&#8221;][vc_column column_padding=&#8221;padding-2-percent&#8221; column_padding_position=&#8221;all&#8221; background_color_opacity=&#8221;1&#8243; background_hover_color_opacity=&#8221;1&#8243; column_link_target=&#8221;_self&#8221; column_shadow=&#8221;none&#8221; column_border_radius=&#8221;none&#8221; width=&#8221;1\/1&#8243; tablet_width_inherit=&#8221;default&#8221; tablet_text_alignment=&#8221;default&#8221; phone_text_alignment=&#8221;default&#8221; column_border_width=&#8221;none&#8221; column_border_style=&#8221;solid&#8221; bg_image_animation=&#8221;none&#8221;][split_line_heading]\n<h2>Acercamos la agricultura ecol\u00f3gica a todos los rincones del mundo<\/h2>\n[\/split_line_heading][vc_row_inner column_margin=&#8221;default&#8221; top_padding=&#8221;15&#8243; bottom_padding=&#8221;25&#8243; text_align=&#8221;left&#8221;][vc_column_inner column_padding=&#8221;no-extra-padding&#8221; column_padding_position=&#8221;all&#8221; background_color_opacity=&#8221;1&#8243; background_hover_color_opacity=&#8221;1&#8243; column_shadow=&#8221;none&#8221; column_border_radius=&#8221;none&#8221; column_link_target=&#8221;_self&#8221; width=&#8221;1\/1&#8243; tablet_width_inherit=&#8221;default&#8221; column_border_width=&#8221;none&#8221; column_border_style=&#8221;solid&#8221; bg_image_animation=&#8221;none&#8221; enable_animation=&#8221;true&#8221; animation=&#8221;fade-in-from-bottom&#8221;][vc_column_text]Biobizz World Wide Organics se dedica a la producci\u00f3n y exportaci\u00f3n de nutrientes y sustratos 100% org\u00e1nicos certificados, asegur\u00e1ndose de la calidad m\u00e1s alta en todos y cada uno de sus productos, as\u00ed como del resultado que el cultivador obtiene al usarlos.[\/vc_column_text][\/vc_column_inner][\/vc_row_inner][vc_column_text css=&#8221;.vc_custom_1568891181118{margin-bottom: 18px !important;}&#8221;]\n<h5>Nuestra visi\u00f3n: La Tierra<\/h5>\n[\/vc_column_text][vc_column_text css=&#8221;.vc_custom_1568891206999{margin-bottom: 18px !important;}&#8221;]Nuestra filosof\u00eda es muy simple: hacer que la agricultura org\u00e1nica llegue al mayor n\u00famero de personas posible para minimizar el impacto que dejamos en el mundo en el que vivimos.<\/p>\n<p>Desde que comenzamos a fabricar productos org\u00e1nicos en 1992, nos hemos esforzado por crear una agricultura sostenible, fomentar el autoabastecimiento y resaltar la importancia de utilizar productos y m\u00e9todos naturales para obtener todo lo que necesitamos.[\/vc_column_text][divider line_type=&#8221;No Line&#8221; custom_height=&#8221;20&#8243;][vc_column_text css=&#8221;.vc_custom_1568891226000{margin-bottom: 18px !important;}&#8221;]\n<h5>Nuestra misi\u00f3n: Fomentando la agricultura sostenible desde 1992<\/h5>\n[\/vc_column_text][vc_column_text css=&#8221;.vc_custom_1632215344524{margin-bottom: 18px !important;}&#8221;]Biobizz naci\u00f3 en 1992 en Groningen, Holanda. En ese momento se trataba de una peque\u00f1a empresa familiar con una l\u00ednea de productos m\u00e1s reducida, aunque el ADN del producto ya estaba presente.<\/p>\n<p>Desde entonces Biobizz no ha dejado de crecer. Hoy estamos presentes en 70 pa\u00edses, pero todav\u00eda sentimos que pertenecemos a una familia, pues todos los miembros del Equipo se conocen y trabajan juntos para asegurarse de que Biobizz contin\u00fae siendo una compa\u00f1\u00eda l\u00edder en el sector.[\/vc_column_text][\/vc_column][\/vc_row][vc_row type=&#8221;full_width_background&#8221; full_screen_row_position=&#8221;middle&#8221; bg_image=&#8221;15600&#8243; bg_position=&#8221;left top&#8221; bg_repeat=&#8221;no-repeat&#8221; scene_position=&#8221;center&#8221; text_color=&#8221;dark&#8221; text_align=&#8221;left&#8221; top_padding=&#8221;7%&#8221; bottom_padding=&#8221;7%&#8221; id=&#8221;compromisos&#8221; overlay_strength=&#8221;1&#8243; shape_divider_position=&#8221;bottom&#8221; bg_image_animation=&#8221;none&#8221; shape_type=&#8221;&#8221;][vc_column column_padding=&#8221;padding-1-percent&#8221; column_padding_position=&#8221;all&#8221; background_color_opacity=&#8221;1&#8243; background_hover_color_opacity=&#8221;1&#8243; column_link_target=&#8221;_self&#8221; column_shadow=&#8221;none&#8221; column_border_radius=&#8221;none&#8221; width=&#8221;1\/3&#8243; tablet_width_inherit=&#8221;default&#8221; tablet_text_alignment=&#8221;default&#8221; phone_text_alignment=&#8221;default&#8221; column_border_width=&#8221;none&#8221; column_border_style=&#8221;solid&#8221; bg_image_animation=&#8221;none&#8221; enable_animation=&#8221;true&#8221; animation=&#8221;reveal-from-bottom&#8221;][fancy_box box_style=&#8221;default&#8221; icon_family=&#8221;none&#8221; image_url=&#8221;6083&#8243; color=&#8221;accent-color&#8221; min_height=&#8221;400&#8243;]\n<h3>Cuidando de las plantas y de las personas<\/h3>\n<p>En Biobizz creemos que la salud de las plantas y la de las personas son igualmente importantes. Por esta raz\u00f3n nuestros productos no contienen ning\u00fan tipo de aditivos artificiales, pesticidas sint\u00e9ticos o metales pesados da\u00f1inos.<\/p>\n<p>Solo utilizamos ingredientes naturales 100% certificados de origen controlado. Si un producto fue cultivado con Biobizz, no solo es delicioso, sino que tambi\u00e9n es seguro y saludable para cualquier persona que lo consuma.[\/fancy_box][\/vc_column][vc_column column_padding=&#8221;padding-1-percent&#8221; column_padding_position=&#8221;all&#8221; background_color_opacity=&#8221;1&#8243; background_hover_color_opacity=&#8221;1&#8243; column_link_target=&#8221;_self&#8221; column_shadow=&#8221;none&#8221; column_border_radius=&#8221;none&#8221; width=&#8221;1\/3&#8243; tablet_width_inherit=&#8221;default&#8221; tablet_text_alignment=&#8221;default&#8221; phone_text_alignment=&#8221;default&#8221; column_border_width=&#8221;none&#8221; column_border_style=&#8221;solid&#8221; bg_image_animation=&#8221;none&#8221; enable_animation=&#8221;true&#8221; animation=&#8221;reveal-from-bottom&#8221; delay=&#8221;200&#8243;][fancy_box box_style=&#8221;default&#8221; icon_family=&#8221;none&#8221; image_url=&#8221;6082&#8243; color=&#8221;accent-color&#8221; min_height=&#8221;400&#8243;]\n<h3>Sabemos que los productos org\u00e1nicos garantizan los mejores resultados<\/h3>\n<p>Respetar el medio ambiente es una cuesti\u00f3n de vital importancia, pero en Biobizz tambi\u00e9n creemos que no es necesario renunciar a los resultados en favor de la ecolog\u00eda. Es por eso por lo que nuestros productos 100% org\u00e1nicos garantizan una cosecha impresionante, tanto en calidad como en cantidad.<\/p>\n<p>El cultivo org\u00e1nico significa aprovechar al m\u00e1ximo lo que la naturaleza nos ofrece. Eso se traduce en una cosecha abundante, plantas saludables, flores exuberantes y un intenso sabor natural.[\/fancy_box][\/vc_column][vc_column column_padding=&#8221;padding-1-percent&#8221; column_padding_position=&#8221;all&#8221; background_color_opacity=&#8221;1&#8243; background_hover_color_opacity=&#8221;1&#8243; column_link_target=&#8221;_self&#8221; column_shadow=&#8221;none&#8221; column_border_radius=&#8221;none&#8221; width=&#8221;1\/3&#8243; tablet_width_inherit=&#8221;default&#8221; tablet_text_alignment=&#8221;default&#8221; phone_text_alignment=&#8221;default&#8221; column_border_width=&#8221;none&#8221; column_border_style=&#8221;solid&#8221; bg_image_animation=&#8221;none&#8221; enable_animation=&#8221;true&#8221; animation=&#8221;reveal-from-bottom&#8221; delay=&#8221;400&#8243;][fancy_box box_style=&#8221;default&#8221; icon_family=&#8221;none&#8221; image_url=&#8221;6052&#8243; color=&#8221;accent-color&#8221; min_height=&#8221;400&#8243;]\n<h3>Solo los productos 100% certificados son 100% org\u00e1nicos<\/h3>\n<p>Hemos creado una l\u00ednea de tierra de cultivo org\u00e1nico, fertilizantes l\u00edquidos y potenciadores de sustrato para los agricultores m\u00e1s exigentes.<\/p>\n<p>Nuestra empresa tiene m\u00e1s certificados que ninguna otra empresa en el sector para garantizar el origen y el proceso de fabricaci\u00f3n de todos los productos Biobizz. Nos hemos esforzado mucho para superar las pruebas m\u00e1s complicadas y obtener los certificados que nos permiten asegurar nuestros productos son 100% org\u00e1nicos y respetuosos con el medio ambiente.[\/fancy_box][\/vc_column][\/vc_row][vc_row type=&#8221;full_width_background&#8221; full_screen_row_position=&#8221;middle&#8221; bg_color=&#8221;#ffffff&#8221; scene_position=&#8221;center&#8221; text_color=&#8221;dark&#8221; text_align=&#8221;left&#8221; top_padding=&#8221;5%&#8221; bottom_padding=&#8221;5%&#8221; id=&#8221;personas&#8221; overlay_strength=&#8221;0.3&#8243; shape_divider_position=&#8221;bottom&#8221; bg_image_animation=&#8221;none&#8221; shape_type=&#8221;&#8221;][vc_column column_padding=&#8221;padding-2-percent&#8221; column_padding_position=&#8221;all&#8221; background_color_opacity=&#8221;1&#8243; background_hover_color_opacity=&#8221;1&#8243; column_link_target=&#8221;_self&#8221; column_shadow=&#8221;none&#8221; column_border_radius=&#8221;none&#8221; width=&#8221;1\/1&#8243; tablet_width_inherit=&#8221;default&#8221; tablet_text_alignment=&#8221;default&#8221; phone_text_alignment=&#8221;default&#8221; column_border_width=&#8221;none&#8221; column_border_style=&#8221;solid&#8221; bg_image_animation=&#8221;none&#8221;][split_line_heading]\n<h2>Lo mejor para las personas, sin nada perjudicial para la Tierra<\/h2>\n[\/split_line_heading][vc_row_inner column_margin=&#8221;default&#8221; top_padding=&#8221;15&#8243; bottom_padding=&#8221;25&#8243; text_align=&#8221;left&#8221;][vc_column_inner column_padding=&#8221;no-extra-padding&#8221; column_padding_position=&#8221;all&#8221; background_color_opacity=&#8221;1&#8243; background_hover_color_opacity=&#8221;1&#8243; column_shadow=&#8221;none&#8221; column_border_radius=&#8221;none&#8221; column_link_target=&#8221;_self&#8221; width=&#8221;1\/1&#8243; tablet_width_inherit=&#8221;default&#8221; column_border_width=&#8221;none&#8221; column_border_style=&#8221;solid&#8221; bg_image_animation=&#8221;none&#8221; enable_animation=&#8221;true&#8221; animation=&#8221;fade-in-from-bottom&#8221;][vc_column_text]Creemos que es hora de que la agricultura salga del laboratorio y eche ra\u00edces a donde pertenece: la tierra. Cada vez que usa Biobizz puede estar seguro de que ning\u00fan elemento da\u00f1ino terminar\u00e1 contaminando las aguas cercanas o diezmando la vida silvestre en su \u00e1rea mientras disfruta de sus plantas saludables y su abundante COSECHA.[\/vc_column_text][divider line_type=&#8221;No Line&#8221; custom_height=&#8221;20&#8243;][vc_column_text css=&#8221;.vc_custom_1568891569017{margin-bottom: 18px !important;}&#8221;]\n<h5>Vivimos el cultivo org\u00e1nico<\/h5>\n[\/vc_column_text][vc_column_text css=&#8221;.vc_custom_1568891583763{margin-bottom: 18px !important;}&#8221;]Biobizz no solamente crea productos 100% org\u00e1nicos para el cultivo ecol\u00f3gico. Tambi\u00e9n fomentamos las buenas pr\u00e1cticas a la hora de cultivar usando nuestros productos en nuestro propio invernadero ecol\u00f3gico.<\/p>\n<p>Cerca de nuestras instalaciones principales se encuentra un invernadero en el que cultivamos hortalizas y algunas frutas, fomentando el auto cultivo y asegur\u00e1ndonos de que nuestras cosechas siempre sean limpias, 100% org\u00e1nicas y respetuosas con el medio ambiente.<\/p>\n<p>Este invernadero es solo uno de los muchos controles de calidad que pasan nuestros productos. Es una manera de poner en pr\u00e1ctica todos nuestros conocimientos y ver nuestros productos funcionar en todo su esplendor.<\/p>\n<p>Las cosechas que obtenemos son la mejor manera de cerrar el c\u00edrculo, desde los ingredientes de nuestros productos hasta los ingredientes que llegan a nuestros platos.[\/vc_column_text][divider line_type=&#8221;No Line&#8221; custom_height=&#8221;20&#8243;][\/vc_column_inner][\/vc_row_inner][vc_column_text]\n<h5>Nuestro objetivo<\/h5>\n[\/vc_column_text][vc_column_text css=&#8221;.vc_custom_1610010252486{margin-bottom: 18px !important;}&#8221;]El objetivo de Biobizz siempre ha sido impulsar el cultivo org\u00e1nico y ofrecer a los agricultores los mejores resultados a trav\u00e9s de sus productos 100% org\u00e1nicos.<\/p>\n<p>Actualmente la sede de Biobizz se encuentra en Bilbao. En esta localizaci\u00f3n se encuentran la mayor\u00eda de los departamentos administrativos, como Finanzas, Marketing, o Log\u00edstica, as\u00ed como la planta de producci\u00f3n principal de nuestros productos. Adem\u00e1s, contamos con oficinas en Barcelona, Francia, el Reino Unido y los Estados Unidos.<\/p>\n<p>Estas instalaciones, junto con nuestro Departamento de Ventas, nos permiten tener una presencia importante en 64 pa\u00edses diferentes alrededor del mundo. Los productos Biobizz pueden encontrarse en casi todos los pa\u00edses de Europa, Am\u00e9rica del Norte y del Sur, y otros pa\u00edses, como Sud\u00e1frica o Australia.[\/vc_column_text][\/vc_column][\/vc_row][vc_row type=&#8221;full_width_background&#8221; full_screen_row_position=&#8221;middle&#8221; scene_position=&#8221;center&#8221; text_color=&#8221;dark&#8221; text_align=&#8221;left&#8221; id=&#8221;media&#8221; overlay_strength=&#8221;0.3&#8243; shape_divider_position=&#8221;bottom&#8221; bg_image_animation=&#8221;none&#8221; shape_type=&#8221;&#8221;][vc_column column_padding=&#8221;no-extra-padding&#8221; column_padding_position=&#8221;all&#8221; background_color_opacity=&#8221;1&#8243; background_hover_color_opacity=&#8221;1&#8243; column_link_target=&#8221;_self&#8221; column_shadow=&#8221;none&#8221; column_border_radius=&#8221;none&#8221; width=&#8221;1\/1&#8243; tablet_width_inherit=&#8221;default&#8221; tablet_text_alignment=&#8221;default&#8221; phone_text_alignment=&#8221;default&#8221; column_border_width=&#8221;none&#8221; column_border_style=&#8221;solid&#8221; bg_image_animation=&#8221;none&#8221;][vc_gallery type=&#8221;image_grid&#8221; images=&#8221;17158,17165,17172,17179&#8243; layout=&#8221;4&#8243; item_spacing=&#8221;default&#8221; gallery_style=&#8221;7&#8243; load_in_animation=&#8221;none&#8221; img_size=&#8221;500&#215;500&#8243;][divider line_type=&#8221;No Line&#8221; custom_height=&#8221;25&#8243;][\/vc_column][\/vc_row]\n","protected":false},"excerpt":{"rendered":"<p>[vc_row type=&#8221;full_width_background&#8221; full_screen_row_position=&#8221;middle&#8221; scene_position=&#8221;center&#8221; text_color=&#8221;dark&#8221; text_align=&#8221;left&#8221; overlay_strength=&#8221;0.3&#8243; shape_divider_position=&#8221;bottom&#8221; bg_image_animation=&#8221;none&#8221;][vc_column column_padding=&#8221;no-extra-padding&#8221; column_padding_position=&#8221;all&#8221; background_color_opacity=&#8221;1&#8243; background_hover_color_opacity=&#8221;1&#8243; column_link_target=&#8221;_self&#8221; column_shadow=&#8221;none&#8221; column_border_radius=&#8221;none&#8221; width=&#8221;1\/1&#8243; tablet_width_inherit=&#8221;default&#8221; tablet_text_alignment=&#8221;default&#8221; phone_text_alignment=&#8221;default&#8221; column_border_width=&#8221;none&#8221; column_border_style=&#8221;solid&#8221; bg_image_animation=&#8221;none&#8221;][page_submenu alignment=&#8221;center&#8221; bg_color=&#8221;#322422&#8243; link_color=&#8221;#ffffff&#8221;][page_link link_url=&#8221;#introduccion&#8221; title=&#8221;Introducci\u00f3n&#8221; id=&#8221;1632215234965-10&#8243; tab_id=&#8221;1632215234966-7&#8243;]&#8230;<\/p>\n","protected":false},"author":4,"featured_media":0,"parent":0,"menu_order":0,"comment_status":"closed","ping_status":"closed","template":"","meta":{"_acf_changed":false,"_monsterinsights_skip_tracking":false,"_monsterinsights_sitenote_active":false,"_monsterinsights_sitenote_note":"","_monsterinsights_sitenote_category":0,"footnotes":""},"class_list":["post-6238","page","type-page","status-publish"],"acf":[],"yoast_head":"<!-- This site is optimized with the Yoast SEO plugin v27.2 - https:\/\/yoast.com\/product\/yoast-seo-wordpress\/ -->\n<title>Acerca de Biobizz - Biobizz<\/title>\n<meta name=\"robots\" content=\"index, follow, max-snippet:-1, max-image-preview:large, max-video-preview:-1\" \/>\n<link rel=\"canonical\" href=\"https:\/\/biobizz.com\/es\/acerca-de-biobizz\/\" \/>\n<meta property=\"og:locale\" content=\"es_ES\" \/>\n<meta property=\"og:type\" content=\"article\" \/>\n<meta property=\"og:title\" content=\"Acerca de Biobizz - Biobizz\" \/>\n<meta property=\"og:description\" content=\"[vc_row type=&#8221;full_width_background&#8221; full_screen_row_position=&#8221;middle&#8221; scene_position=&#8221;center&#8221; text_color=&#8221;dark&#8221; text_align=&#8221;left&#8221; overlay_strength=&#8221;0.3&#8243; shape_divider_position=&#8221;bottom&#8221; bg_image_animation=&#8221;none&#8221;][vc_column column_padding=&#8221;no-extra-padding&#8221; column_padding_position=&#8221;all&#8221; background_color_opacity=&#8221;1&#8243; background_hover_color_opacity=&#8221;1&#8243; column_link_target=&#8221;_self&#8221; column_shadow=&#8221;none&#8221; column_border_radius=&#8221;none&#8221; width=&#8221;1\/1&#8243; tablet_width_inherit=&#8221;default&#8221; tablet_text_alignment=&#8221;default&#8221; phone_text_alignment=&#8221;default&#8221; column_border_width=&#8221;none&#8221; column_border_style=&#8221;solid&#8221; bg_image_animation=&#8221;none&#8221;][page_submenu alignment=&#8221;center&#8221; bg_color=&#8221;#322422&#8243; link_color=&#8221;#ffffff&#8221;][page_link link_url=&#8221;#introduccion&#8221; title=&#8221;Introducci\u00f3n&#8221; id=&#8221;1632215234965-10&#8243; tab_id=&#8221;1632215234966-7&#8243;]...\" \/>\n<meta property=\"og:url\" content=\"https:\/\/biobizz.com\/es\/acerca-de-biobizz\/\" \/>\n<meta property=\"og:site_name\" content=\"Biobizz\" \/>\n<meta property=\"article:modified_time\" content=\"2021-09-21T09:09:12+00:00\" \/>\n<meta name=\"twitter:card\" content=\"summary_large_image\" \/>\n<meta name=\"twitter:label1\" content=\"Tiempo de lectura\" \/>\n\t<meta name=\"twitter:data1\" content=\"5 minutos\" \/>\n<script type=\"application\/ld+json\" class=\"yoast-schema-graph\">{\"@context\":\"https:\/\/schema.org\",\"@graph\":[{\"@type\":\"WebPage\",\"@id\":\"https:\/\/biobizz.com\/es\/acerca-de-biobizz\/\",\"url\":\"https:\/\/biobizz.com\/es\/acerca-de-biobizz\/\",\"name\":\"Acerca de Biobizz - Biobizz\",\"isPartOf\":{\"@id\":\"https:\/\/biobizz.com\/es\/#website\"},\"datePublished\":\"2019-07-01T11:55:49+00:00\",\"dateModified\":\"2021-09-21T09:09:12+00:00\",\"breadcrumb\":{\"@id\":\"https:\/\/biobizz.com\/es\/acerca-de-biobizz\/#breadcrumb\"},\"inLanguage\":\"es\",\"potentialAction\":[{\"@type\":\"ReadAction\",\"target\":[\"https:\/\/biobizz.com\/es\/acerca-de-biobizz\/\"]}]},{\"@type\":\"BreadcrumbList\",\"@id\":\"https:\/\/biobizz.com\/es\/acerca-de-biobizz\/#breadcrumb\",\"itemListElement\":[{\"@type\":\"ListItem\",\"position\":1,\"name\":\"Portada\",\"item\":\"https:\/\/biobizz.com\/es\/\"},{\"@type\":\"ListItem\",\"position\":2,\"name\":\"Acerca de Biobizz\"}]},{\"@type\":\"WebSite\",\"@id\":\"https:\/\/biobizz.com\/es\/#website\",\"url\":\"https:\/\/biobizz.com\/es\/\",\"name\":\"Biobizz\",\"description\":\"World Wide Organics\",\"publisher\":{\"@id\":\"https:\/\/biobizz.com\/es\/#organization\"},\"potentialAction\":[{\"@type\":\"SearchAction\",\"target\":{\"@type\":\"EntryPoint\",\"urlTemplate\":\"https:\/\/biobizz.com\/es\/?s={search_term_string}\"},\"query-input\":{\"@type\":\"PropertyValueSpecification\",\"valueRequired\":true,\"valueName\":\"search_term_string\"}}],\"inLanguage\":\"es\"},{\"@type\":\"Organization\",\"@id\":\"https:\/\/biobizz.com\/es\/#organization\",\"name\":\"Biobizz\",\"url\":\"https:\/\/biobizz.com\/es\/\",\"logo\":{\"@type\":\"ImageObject\",\"inLanguage\":\"es\",\"@id\":\"https:\/\/biobizz.com\/es\/#\/schema\/logo\/image\/\",\"url\":\"https:\/\/biobizz.com\/wp-content\/uploads\/2019\/09\/biobizz-logo-dark.png\",\"contentUrl\":\"https:\/\/biobizz.com\/wp-content\/uploads\/2019\/09\/biobizz-logo-dark.png\",\"width\":300,\"height\":67,\"caption\":\"Biobizz\"},\"image\":{\"@id\":\"https:\/\/biobizz.com\/es\/#\/schema\/logo\/image\/\"}}]}<\/script>\n<!-- \/ Yoast SEO plugin. -->","yoast_head_json":{"title":"Acerca de Biobizz - Biobizz","robots":{"index":"index","follow":"follow","max-snippet":"max-snippet:-1","max-image-preview":"max-image-preview:large","max-video-preview":"max-video-preview:-1"},"canonical":"https:\/\/biobizz.com\/es\/acerca-de-biobizz\/","og_locale":"es_ES","og_type":"article","og_title":"Acerca de Biobizz - Biobizz","og_description":"[vc_row type=&#8221;full_width_background&#8221; full_screen_row_position=&#8221;middle&#8221; scene_position=&#8221;center&#8221; text_color=&#8221;dark&#8221; text_align=&#8221;left&#8221; overlay_strength=&#8221;0.3&#8243; shape_divider_position=&#8221;bottom&#8221; bg_image_animation=&#8221;none&#8221;][vc_column column_padding=&#8221;no-extra-padding&#8221; column_padding_position=&#8221;all&#8221; background_color_opacity=&#8221;1&#8243; background_hover_color_opacity=&#8221;1&#8243; column_link_target=&#8221;_self&#8221; column_shadow=&#8221;none&#8221; column_border_radius=&#8221;none&#8221; width=&#8221;1\/1&#8243; tablet_width_inherit=&#8221;default&#8221; tablet_text_alignment=&#8221;default&#8221; phone_text_alignment=&#8221;default&#8221; column_border_width=&#8221;none&#8221; column_border_style=&#8221;solid&#8221; bg_image_animation=&#8221;none&#8221;][page_submenu alignment=&#8221;center&#8221; bg_color=&#8221;#322422&#8243; link_color=&#8221;#ffffff&#8221;][page_link link_url=&#8221;#introduccion&#8221; title=&#8221;Introducci\u00f3n&#8221; id=&#8221;1632215234965-10&#8243; tab_id=&#8221;1632215234966-7&#8243;]...","og_url":"https:\/\/biobizz.com\/es\/acerca-de-biobizz\/","og_site_name":"Biobizz","article_modified_time":"2021-09-21T09:09:12+00:00","twitter_card":"summary_large_image","twitter_misc":{"Tiempo de lectura":"5 minutos"},"schema":{"@context":"https:\/\/schema.org","@graph":[{"@type":"WebPage","@id":"https:\/\/biobizz.com\/es\/acerca-de-biobizz\/","url":"https:\/\/biobizz.com\/es\/acerca-de-biobizz\/","name":"Acerca de Biobizz - Biobizz","isPartOf":{"@id":"https:\/\/biobizz.com\/es\/#website"},"datePublished":"2019-07-01T11:55:49+00:00","dateModified":"2021-09-21T09:09:12+00:00","breadcrumb":{"@id":"https:\/\/biobizz.com\/es\/acerca-de-biobizz\/#breadcrumb"},"inLanguage":"es","potentialAction":[{"@type":"ReadAction","target":["https:\/\/biobizz.com\/es\/acerca-de-biobizz\/"]}]},{"@type":"BreadcrumbList","@id":"https:\/\/biobizz.com\/es\/acerca-de-biobizz\/#breadcrumb","itemListElement":[{"@type":"ListItem","position":1,"name":"Portada","item":"https:\/\/biobizz.com\/es\/"},{"@type":"ListItem","position":2,"name":"Acerca de Biobizz"}]},{"@type":"WebSite","@id":"https:\/\/biobizz.com\/es\/#website","url":"https:\/\/biobizz.com\/es\/","name":"Biobizz","description":"World Wide Organics","publisher":{"@id":"https:\/\/biobizz.com\/es\/#organization"},"potentialAction":[{"@type":"SearchAction","target":{"@type":"EntryPoint","urlTemplate":"https:\/\/biobizz.com\/es\/?s={search_term_string}"},"query-input":{"@type":"PropertyValueSpecification","valueRequired":true,"valueName":"search_term_string"}}],"inLanguage":"es"},{"@type":"Organization","@id":"https:\/\/biobizz.com\/es\/#organization","name":"Biobizz","url":"https:\/\/biobizz.com\/es\/","logo":{"@type":"ImageObject","inLanguage":"es","@id":"https:\/\/biobizz.com\/es\/#\/schema\/logo\/image\/","url":"https:\/\/biobizz.com\/wp-content\/uploads\/2019\/09\/biobizz-logo-dark.png","contentUrl":"https:\/\/biobizz.com\/wp-content\/uploads\/2019\/09\/biobizz-logo-dark.png","width":300,"height":67,"caption":"Biobizz"},"image":{"@id":"https:\/\/biobizz.com\/es\/#\/schema\/logo\/image\/"}}]}},"_links":{"self":[{"href":"https:\/\/biobizz.com\/es\/wp-json\/wp\/v2\/pages\/6238","targetHints":{"allow":["GET"]}}],"collection":[{"href":"https:\/\/biobizz.com\/es\/wp-json\/wp\/v2\/pages"}],"about":[{"href":"https:\/\/biobizz.com\/es\/wp-json\/wp\/v2\/types\/page"}],"author":[{"embeddable":true,"href":"https:\/\/biobizz.com\/es\/wp-json\/wp\/v2\/users\/4"}],"replies":[{"embeddable":true,"href":"https:\/\/biobizz.com\/es\/wp-json\/wp\/v2\/comments?post=6238"}],"version-history":[{"count":10,"href":"https:\/\/biobizz.com\/es\/wp-json\/wp\/v2\/pages\/6238\/revisions"}],"predecessor-version":[{"id":46326,"href":"https:\/\/biobizz.com\/es\/wp-json\/wp\/v2\/pages\/6238\/revisions\/46326"}],"wp:attachment":[{"href":"https:\/\/biobizz.com\/es\/wp-json\/wp\/v2\/media?parent=6238"}],"curies":[{"name":"wp","href":"https:\/\/api.w.org\/{rel}","templated":true}]}}