{"id":44173,"date":"2021-04-08T16:48:04","date_gmt":"2021-04-08T14:48:04","guid":{"rendered":"https:\/\/biobizz.com\/proyectos\/stepping-up-organics\/"},"modified":"2021-04-09T09:08:50","modified_gmt":"2021-04-09T07:08:50","slug":"stepping-up-organics","status":"publish","type":"page","link":"https:\/\/biobizz.com\/es\/proyectos\/stepping-up-organics\/","title":{"rendered":"Stepping Up Organics"},"content":{"rendered":"[vc_row type=&#8221;full_width_background&#8221; full_screen_row_position=&#8221;middle&#8221; bg_color=&#8221;#322422&#8243; scene_position=&#8221;center&#8221; text_color=&#8221;dark&#8221; text_align=&#8221;left&#8221; overlay_strength=&#8221;0.3&#8243; shape_divider_position=&#8221;bottom&#8221; bg_image_animation=&#8221;none&#8221; shape_type=&#8221;&#8221;][vc_column column_padding=&#8221;no-extra-padding&#8221; column_padding_position=&#8221;all&#8221; background_color_opacity=&#8221;1&#8243; background_hover_color_opacity=&#8221;1&#8243; column_link_target=&#8221;_self&#8221; column_shadow=&#8221;none&#8221; column_border_radius=&#8221;none&#8221; width=&#8221;1\/1&#8243; tablet_width_inherit=&#8221;default&#8221; tablet_text_alignment=&#8221;default&#8221; phone_text_alignment=&#8221;default&#8221; column_border_width=&#8221;none&#8221; column_border_style=&#8221;solid&#8221; bg_image_animation=&#8221;none&#8221;][page_submenu alignment=&#8221;center&#8221; bg_color=&#8221;#322422&#8243; link_color=&#8221;#322422&#8243;][page_link link_url=&#8221;#&#8221; title=&#8221;Link&#8221; id=&#8221;1617951826140-6&#8243; tab_id=&#8221;1617951826141-3&#8243;][vc_column_text][\/vc_column_text][\/page_link][page_link link_url=&#8221;#&#8221; title=&#8221;Link&#8221; id=&#8221;1617951826176-8&#8243; tab_id=&#8221;1617951826177-5&#8243;][vc_column_text][\/vc_column_text][\/page_link][\/page_submenu][\/vc_column][\/vc_row][vc_row type=&#8221;full_width_background&#8221; full_screen_row_position=&#8221;middle&#8221; bg_color=&#8221;#ffffff&#8221; scene_position=&#8221;center&#8221; text_color=&#8221;dark&#8221; text_align=&#8221;left&#8221; top_padding=&#8221;1%&#8221; bottom_padding=&#8221;5%&#8221; id=&#8221;greenhouse&#8221; color_overlay=&#8221;#ffffff&#8221; overlay_strength=&#8221;0.3&#8243; shape_divider_position=&#8221;bottom&#8221; bg_image_animation=&#8221;none&#8221; shape_type=&#8221;&#8221;][vc_column column_padding=&#8221;no-extra-padding&#8221; column_padding_position=&#8221;all&#8221; background_color_opacity=&#8221;1&#8243; background_hover_color_opacity=&#8221;1&#8243; column_link_target=&#8221;_self&#8221; column_shadow=&#8221;none&#8221; column_border_radius=&#8221;none&#8221; width=&#8221;3\/5&#8243; tablet_width_inherit=&#8221;default&#8221; tablet_text_alignment=&#8221;default&#8221; phone_text_alignment=&#8221;default&#8221; column_border_width=&#8221;none&#8221; column_border_style=&#8221;solid&#8221; bg_image_animation=&#8221;none&#8221;][divider line_type=&#8221;No Line&#8221; custom_height=&#8221;10&#8243;][split_line_heading]\n<h2 class=\"Estilo1\" align=\"left\"><span lang=\"EN-US\">\u00a1Ven a surfear con Natxo Gonz\u00e1lez, Kepa Acero, Eva D\u00edez, Xabi S\u00e1nchez y Biobizz!<\/span><\/h2>\n[\/split_line_heading][divider line_type=&#8221;No Line&#8221;][vc_column_text]\u00a1Durante una semana recorremos el norte de Espa\u00f1a con nuestra furgoneta solidaria por una buena causa!<\/p>\n<p>Buscamos surferos que quieran colaborar con nosotros para recoger material de surf para el Pueblo Kogui en Colombia.[\/vc_column_text][divider line_type=&#8221;No Line&#8221;][divider line_type=&#8221;No Line&#8221;][split_line_heading]\n<h3 class=\"Estilo1\" align=\"left\"><strong><span lang=\"EN-US\">La Comunidad Kogui<\/span><\/strong><\/h3>\n[\/split_line_heading][vc_column_text]El Pueblo Kogui es originario de la Sierra Nevada de Santa Marta en Colombia.<\/p>\n<p>Es una comunidad nativa de esta zona de Colombia que a d\u00eda de hoy vive de una manera ancestral en sinton\u00eda con la Naturaleza, en comuni\u00f3n con la monta\u00f1a que es su hogar y en la sencillez de una cultura tradicional.<\/p>\n<p>Los Kogui desean reconectar con el mar y nosotros queremos ayudarles a hacerlo a trav\u00e9s del surf, una actividad de conexi\u00f3n con el entorno y con nosotros mismos.<\/p>\n<p>Natxo, Kepa, Eva, Xabi y Biobizz les visitar\u00e1n en septiembre para hacerles llegar todo el material donado y traernos de vuelta su conocimiento, su sabidur\u00eda y su filosof\u00eda de vida.<\/p>\n<p><strong>\u00a1Ap\u00fantate a esta jornada solidaria, divi\u00e9rtete con algunos de los mejores surferos del mundo y colabora con material usado o nuevo para esta causa!<\/strong>[\/vc_column_text][\/vc_column][vc_column column_padding=&#8221;padding-2-percent&#8221; column_padding_position=&#8221;all&#8221; background_color=&#8221;#ffffff&#8221; background_color_opacity=&#8221;1&#8243; background_hover_color_opacity=&#8221;1&#8243; column_link_target=&#8221;_self&#8221; column_shadow=&#8221;none&#8221; column_border_radius=&#8221;none&#8221; width=&#8221;2\/5&#8243; tablet_width_inherit=&#8221;default&#8221; tablet_text_alignment=&#8221;default&#8221; phone_text_alignment=&#8221;default&#8221; column_border_width=&#8221;none&#8221; column_border_style=&#8221;solid&#8221; bg_image_animation=&#8221;none&#8221;][image_with_animation image_url=&#8221;44128&#8243; alignment=&#8221;center&#8221; animation=&#8221;Fade In&#8221; border_radius=&#8221;none&#8221; box_shadow=&#8221;none&#8221; max_width=&#8221;100%&#8221;][divider line_type=&#8221;No Line&#8221;][divider line_type=&#8221;No Line&#8221;][divider line_type=&#8221;No Line&#8221;][vc_column_text]\n<h5><em>Nuestra furgoneta solidaria visitar\u00e1 los siguientes surf camps y escuelas:<\/em><\/h5>\n<ul>\n<li>12\/04: Surf Eskola Sopelana (Bizkaia)<\/li>\n<li>13\/04: Escuela C\u00e1ntabra de Surf (Somo, Cantabria)<\/li>\n<li>14\/04: Siroko Surf Center (Gij\u00f3n, Asturias)<\/li>\n<li>15\/04: El Pez Escorpi\u00f3n (Salinas, Asturias)<\/li>\n<li>16\/04: The Camp Do\u00f1inos (Ferrol, Galicia)<\/li>\n<\/ul>\n[\/vc_column_text][\/vc_column][\/vc_row]\n","protected":false},"excerpt":{"rendered":"<p>[vc_row type=&#8221;full_width_background&#8221; full_screen_row_position=&#8221;middle&#8221; bg_color=&#8221;#322422&#8243; scene_position=&#8221;center&#8221; text_color=&#8221;dark&#8221; text_align=&#8221;left&#8221; overlay_strength=&#8221;0.3&#8243; shape_divider_position=&#8221;bottom&#8221; bg_image_animation=&#8221;none&#8221; shape_type=&#8221;&#8221;][vc_column column_padding=&#8221;no-extra-padding&#8221; column_padding_position=&#8221;all&#8221; background_color_opacity=&#8221;1&#8243; background_hover_color_opacity=&#8221;1&#8243; column_link_target=&#8221;_self&#8221; column_shadow=&#8221;none&#8221; column_border_radius=&#8221;none&#8221; width=&#8221;1\/1&#8243; tablet_width_inherit=&#8221;default&#8221; tablet_text_alignment=&#8221;default&#8221; phone_text_alignment=&#8221;default&#8221; column_border_width=&#8221;none&#8221; column_border_style=&#8221;solid&#8221; bg_image_animation=&#8221;none&#8221;][page_submenu alignment=&#8221;center&#8221; bg_color=&#8221;#322422&#8243; link_color=&#8221;#322422&#8243;][page_link link_url=&#8221;#&#8221; title=&#8221;Link&#8221;&#8230;<\/p>\n","protected":false},"author":4,"featured_media":0,"parent":9077,"menu_order":0,"comment_status":"closed","ping_status":"closed","template":"","meta":{"_acf_changed":false,"_monsterinsights_skip_tracking":false,"_monsterinsights_sitenote_active":false,"_monsterinsights_sitenote_note":"","_monsterinsights_sitenote_category":0,"footnotes":""},"class_list":["post-44173","page","type-page","status-publish"],"acf":[],"yoast_head":"<!-- This site is optimized with the Yoast SEO plugin v27.2 - https:\/\/yoast.com\/product\/yoast-seo-wordpress\/ -->\n<title>Stepping Up Organics - Biobizz<\/title>\n<meta name=\"robots\" content=\"index, follow, max-snippet:-1, max-image-preview:large, max-video-preview:-1\" \/>\n<link rel=\"canonical\" href=\"https:\/\/biobizz.com\/es\/proyectos\/stepping-up-organics\/\" \/>\n<meta property=\"og:locale\" content=\"es_ES\" \/>\n<meta property=\"og:type\" content=\"article\" \/>\n<meta property=\"og:title\" content=\"Stepping Up Organics - Biobizz\" \/>\n<meta property=\"og:description\" content=\"[vc_row type=&#8221;full_width_background&#8221; full_screen_row_position=&#8221;middle&#8221; bg_color=&#8221;#322422&#8243; scene_position=&#8221;center&#8221; text_color=&#8221;dark&#8221; text_align=&#8221;left&#8221; overlay_strength=&#8221;0.3&#8243; shape_divider_position=&#8221;bottom&#8221; bg_image_animation=&#8221;none&#8221; shape_type=&#8221;&#8221;][vc_column column_padding=&#8221;no-extra-padding&#8221; column_padding_position=&#8221;all&#8221; background_color_opacity=&#8221;1&#8243; background_hover_color_opacity=&#8221;1&#8243; column_link_target=&#8221;_self&#8221; column_shadow=&#8221;none&#8221; column_border_radius=&#8221;none&#8221; width=&#8221;1\/1&#8243; tablet_width_inherit=&#8221;default&#8221; tablet_text_alignment=&#8221;default&#8221; phone_text_alignment=&#8221;default&#8221; column_border_width=&#8221;none&#8221; column_border_style=&#8221;solid&#8221; bg_image_animation=&#8221;none&#8221;][page_submenu alignment=&#8221;center&#8221; bg_color=&#8221;#322422&#8243; link_color=&#8221;#322422&#8243;][page_link link_url=&#8221;#&#8221; title=&#8221;Link&#8221;...\" \/>\n<meta property=\"og:url\" content=\"https:\/\/biobizz.com\/es\/proyectos\/stepping-up-organics\/\" \/>\n<meta property=\"og:site_name\" content=\"Biobizz\" \/>\n<meta property=\"article:modified_time\" content=\"2021-04-09T07:08:50+00:00\" \/>\n<meta name=\"twitter:card\" content=\"summary_large_image\" \/>\n<meta name=\"twitter:label1\" content=\"Tiempo de lectura\" \/>\n\t<meta name=\"twitter:data1\" content=\"3 minutos\" \/>\n<script type=\"application\/ld+json\" class=\"yoast-schema-graph\">{\"@context\":\"https:\/\/schema.org\",\"@graph\":[{\"@type\":\"WebPage\",\"@id\":\"https:\/\/biobizz.com\/es\/proyectos\/stepping-up-organics\/\",\"url\":\"https:\/\/biobizz.com\/es\/proyectos\/stepping-up-organics\/\",\"name\":\"Stepping Up Organics - Biobizz\",\"isPartOf\":{\"@id\":\"https:\/\/biobizz.com\/es\/#website\"},\"datePublished\":\"2021-04-08T14:48:04+00:00\",\"dateModified\":\"2021-04-09T07:08:50+00:00\",\"breadcrumb\":{\"@id\":\"https:\/\/biobizz.com\/es\/proyectos\/stepping-up-organics\/#breadcrumb\"},\"inLanguage\":\"es\",\"potentialAction\":[{\"@type\":\"ReadAction\",\"target\":[\"https:\/\/biobizz.com\/es\/proyectos\/stepping-up-organics\/\"]}]},{\"@type\":\"BreadcrumbList\",\"@id\":\"https:\/\/biobizz.com\/es\/proyectos\/stepping-up-organics\/#breadcrumb\",\"itemListElement\":[{\"@type\":\"ListItem\",\"position\":1,\"name\":\"Portada\",\"item\":\"https:\/\/biobizz.com\/es\/\"},{\"@type\":\"ListItem\",\"position\":2,\"name\":\"Proyectos Biobizz\",\"item\":\"https:\/\/biobizz.com\/es\/proyectos\/\"},{\"@type\":\"ListItem\",\"position\":3,\"name\":\"Stepping Up Organics\"}]},{\"@type\":\"WebSite\",\"@id\":\"https:\/\/biobizz.com\/es\/#website\",\"url\":\"https:\/\/biobizz.com\/es\/\",\"name\":\"Biobizz\",\"description\":\"World Wide Organics\",\"publisher\":{\"@id\":\"https:\/\/biobizz.com\/es\/#organization\"},\"potentialAction\":[{\"@type\":\"SearchAction\",\"target\":{\"@type\":\"EntryPoint\",\"urlTemplate\":\"https:\/\/biobizz.com\/es\/?s={search_term_string}\"},\"query-input\":{\"@type\":\"PropertyValueSpecification\",\"valueRequired\":true,\"valueName\":\"search_term_string\"}}],\"inLanguage\":\"es\"},{\"@type\":\"Organization\",\"@id\":\"https:\/\/biobizz.com\/es\/#organization\",\"name\":\"Biobizz\",\"url\":\"https:\/\/biobizz.com\/es\/\",\"logo\":{\"@type\":\"ImageObject\",\"inLanguage\":\"es\",\"@id\":\"https:\/\/biobizz.com\/es\/#\/schema\/logo\/image\/\",\"url\":\"https:\/\/biobizz.com\/wp-content\/uploads\/2019\/09\/biobizz-logo-dark.png\",\"contentUrl\":\"https:\/\/biobizz.com\/wp-content\/uploads\/2019\/09\/biobizz-logo-dark.png\",\"width\":300,\"height\":67,\"caption\":\"Biobizz\"},\"image\":{\"@id\":\"https:\/\/biobizz.com\/es\/#\/schema\/logo\/image\/\"}}]}<\/script>\n<!-- \/ Yoast SEO plugin. -->","yoast_head_json":{"title":"Stepping Up Organics - Biobizz","robots":{"index":"index","follow":"follow","max-snippet":"max-snippet:-1","max-image-preview":"max-image-preview:large","max-video-preview":"max-video-preview:-1"},"canonical":"https:\/\/biobizz.com\/es\/proyectos\/stepping-up-organics\/","og_locale":"es_ES","og_type":"article","og_title":"Stepping Up Organics - Biobizz","og_description":"[vc_row type=&#8221;full_width_background&#8221; full_screen_row_position=&#8221;middle&#8221; bg_color=&#8221;#322422&#8243; scene_position=&#8221;center&#8221; text_color=&#8221;dark&#8221; text_align=&#8221;left&#8221; overlay_strength=&#8221;0.3&#8243; shape_divider_position=&#8221;bottom&#8221; bg_image_animation=&#8221;none&#8221; shape_type=&#8221;&#8221;][vc_column column_padding=&#8221;no-extra-padding&#8221; column_padding_position=&#8221;all&#8221; background_color_opacity=&#8221;1&#8243; background_hover_color_opacity=&#8221;1&#8243; column_link_target=&#8221;_self&#8221; column_shadow=&#8221;none&#8221; column_border_radius=&#8221;none&#8221; width=&#8221;1\/1&#8243; tablet_width_inherit=&#8221;default&#8221; tablet_text_alignment=&#8221;default&#8221; phone_text_alignment=&#8221;default&#8221; column_border_width=&#8221;none&#8221; column_border_style=&#8221;solid&#8221; bg_image_animation=&#8221;none&#8221;][page_submenu alignment=&#8221;center&#8221; bg_color=&#8221;#322422&#8243; link_color=&#8221;#322422&#8243;][page_link link_url=&#8221;#&#8221; title=&#8221;Link&#8221;...","og_url":"https:\/\/biobizz.com\/es\/proyectos\/stepping-up-organics\/","og_site_name":"Biobizz","article_modified_time":"2021-04-09T07:08:50+00:00","twitter_card":"summary_large_image","twitter_misc":{"Tiempo de lectura":"3 minutos"},"schema":{"@context":"https:\/\/schema.org","@graph":[{"@type":"WebPage","@id":"https:\/\/biobizz.com\/es\/proyectos\/stepping-up-organics\/","url":"https:\/\/biobizz.com\/es\/proyectos\/stepping-up-organics\/","name":"Stepping Up Organics - Biobizz","isPartOf":{"@id":"https:\/\/biobizz.com\/es\/#website"},"datePublished":"2021-04-08T14:48:04+00:00","dateModified":"2021-04-09T07:08:50+00:00","breadcrumb":{"@id":"https:\/\/biobizz.com\/es\/proyectos\/stepping-up-organics\/#breadcrumb"},"inLanguage":"es","potentialAction":[{"@type":"ReadAction","target":["https:\/\/biobizz.com\/es\/proyectos\/stepping-up-organics\/"]}]},{"@type":"BreadcrumbList","@id":"https:\/\/biobizz.com\/es\/proyectos\/stepping-up-organics\/#breadcrumb","itemListElement":[{"@type":"ListItem","position":1,"name":"Portada","item":"https:\/\/biobizz.com\/es\/"},{"@type":"ListItem","position":2,"name":"Proyectos Biobizz","item":"https:\/\/biobizz.com\/es\/proyectos\/"},{"@type":"ListItem","position":3,"name":"Stepping Up Organics"}]},{"@type":"WebSite","@id":"https:\/\/biobizz.com\/es\/#website","url":"https:\/\/biobizz.com\/es\/","name":"Biobizz","description":"World Wide Organics","publisher":{"@id":"https:\/\/biobizz.com\/es\/#organization"},"potentialAction":[{"@type":"SearchAction","target":{"@type":"EntryPoint","urlTemplate":"https:\/\/biobizz.com\/es\/?s={search_term_string}"},"query-input":{"@type":"PropertyValueSpecification","valueRequired":true,"valueName":"search_term_string"}}],"inLanguage":"es"},{"@type":"Organization","@id":"https:\/\/biobizz.com\/es\/#organization","name":"Biobizz","url":"https:\/\/biobizz.com\/es\/","logo":{"@type":"ImageObject","inLanguage":"es","@id":"https:\/\/biobizz.com\/es\/#\/schema\/logo\/image\/","url":"https:\/\/biobizz.com\/wp-content\/uploads\/2019\/09\/biobizz-logo-dark.png","contentUrl":"https:\/\/biobizz.com\/wp-content\/uploads\/2019\/09\/biobizz-logo-dark.png","width":300,"height":67,"caption":"Biobizz"},"image":{"@id":"https:\/\/biobizz.com\/es\/#\/schema\/logo\/image\/"}}]}},"_links":{"self":[{"href":"https:\/\/biobizz.com\/es\/wp-json\/wp\/v2\/pages\/44173","targetHints":{"allow":["GET"]}}],"collection":[{"href":"https:\/\/biobizz.com\/es\/wp-json\/wp\/v2\/pages"}],"about":[{"href":"https:\/\/biobizz.com\/es\/wp-json\/wp\/v2\/types\/page"}],"author":[{"embeddable":true,"href":"https:\/\/biobizz.com\/es\/wp-json\/wp\/v2\/users\/4"}],"replies":[{"embeddable":true,"href":"https:\/\/biobizz.com\/es\/wp-json\/wp\/v2\/comments?post=44173"}],"version-history":[{"count":2,"href":"https:\/\/biobizz.com\/es\/wp-json\/wp\/v2\/pages\/44173\/revisions"}],"predecessor-version":[{"id":44175,"href":"https:\/\/biobizz.com\/es\/wp-json\/wp\/v2\/pages\/44173\/revisions\/44175"}],"up":[{"embeddable":true,"href":"https:\/\/biobizz.com\/es\/wp-json\/wp\/v2\/pages\/9077"}],"wp:attachment":[{"href":"https:\/\/biobizz.com\/es\/wp-json\/wp\/v2\/media?parent=44173"}],"curies":[{"name":"wp","href":"https:\/\/api.w.org\/{rel}","templated":true}]}}