{"id":36270,"date":"2020-07-14T11:54:29","date_gmt":"2020-07-14T09:54:29","guid":{"rendered":"https:\/\/biobizz.com\/agenda\/neiker\/"},"modified":"2021-02-12T16:46:32","modified_gmt":"2021-02-12T15:46:32","slug":"neiker","status":"publish","type":"page","link":"https:\/\/biobizz.com\/es\/proyectos\/neiker\/","title":{"rendered":"Colaboraci\u00f3n t\u00e9cnica con el Instituto Vasco de Investigaciones Agrarias NEIKER"},"content":{"rendered":"[vc_row type=&#8221;full_width_background&#8221; full_screen_row_position=&#8221;middle&#8221; bg_color=&#8221;#322422&#8243; scene_position=&#8221;center&#8221; text_color=&#8221;dark&#8221; text_align=&#8221;left&#8221; overlay_strength=&#8221;0.3&#8243; shape_divider_position=&#8221;bottom&#8221; bg_image_animation=&#8221;none&#8221; shape_type=&#8221;&#8221;][vc_column column_padding=&#8221;no-extra-padding&#8221; column_padding_position=&#8221;all&#8221; background_color_opacity=&#8221;1&#8243; background_hover_color_opacity=&#8221;1&#8243; column_link_target=&#8221;_self&#8221; column_shadow=&#8221;none&#8221; column_border_radius=&#8221;none&#8221; width=&#8221;1\/1&#8243; tablet_width_inherit=&#8221;default&#8221; tablet_text_alignment=&#8221;default&#8221; phone_text_alignment=&#8221;default&#8221; column_border_width=&#8221;none&#8221; column_border_style=&#8221;solid&#8221; bg_image_animation=&#8221;none&#8221;][page_submenu alignment=&#8221;center&#8221; bg_color=&#8221;#322422&#8243; link_color=&#8221;#322422&#8243;][page_link link_url=&#8221;#&#8221; title=&#8221;Link&#8221; id=&#8221;1613144737839-3&#8243; tab_id=&#8221;1613144737840-9&#8243;][vc_column_text][\/vc_column_text][\/page_link][page_link link_url=&#8221;#&#8221; title=&#8221;Link&#8221; id=&#8221;1613144737903-5&#8243; tab_id=&#8221;1613144737903-0&#8243;][vc_column_text][\/vc_column_text][\/page_link][\/page_submenu][\/vc_column][\/vc_row][vc_row type=&#8221;full_width_background&#8221; full_screen_row_position=&#8221;middle&#8221; bg_color=&#8221;#ffffff&#8221; scene_position=&#8221;center&#8221; text_color=&#8221;dark&#8221; text_align=&#8221;left&#8221; top_padding=&#8221;1%&#8221; bottom_padding=&#8221;5%&#8221; id=&#8221;greenhouse&#8221; color_overlay=&#8221;#ffffff&#8221; overlay_strength=&#8221;0.3&#8243; shape_divider_position=&#8221;bottom&#8221; bg_image_animation=&#8221;none&#8221; shape_type=&#8221;&#8221;][vc_column column_padding=&#8221;padding-2-percent&#8221; column_padding_position=&#8221;all&#8221; background_color=&#8221;#ffffff&#8221; background_color_opacity=&#8221;1&#8243; background_hover_color_opacity=&#8221;1&#8243; column_link_target=&#8221;_self&#8221; column_shadow=&#8221;none&#8221; column_border_radius=&#8221;none&#8221; width=&#8221;2\/3&#8243; tablet_width_inherit=&#8221;default&#8221; tablet_text_alignment=&#8221;default&#8221; phone_text_alignment=&#8221;default&#8221; column_border_width=&#8221;none&#8221; column_border_style=&#8221;solid&#8221; bg_image_animation=&#8221;none&#8221;][divider line_type=&#8221;No Line&#8221; custom_height=&#8221;10&#8243;][split_line_heading]\n<h3 class=\"Estilo1\" align=\"left\">BIOBIZZ firma una colaboraci\u00f3n t\u00e9cnica con el Instituto Vasco de Investigaciones Agrarias NEIKER.<\/h3>\n[\/split_line_heading][vc_column_text]\n<h4><em>BIOBIZZ y NEIKER firman una colaboraci\u00f3n de dos a\u00f1os para continuar innovando en I+D en el sector de la agricultura ecol\u00f3gica. <\/em><\/h4>\n[\/vc_column_text][divider line_type=&#8221;No Line&#8221;][image_with_animation image_url=&#8221;42418&#8243; alignment=&#8221;&#8221; animation=&#8221;Fade In&#8221; border_radius=&#8221;none&#8221; box_shadow=&#8221;none&#8221; max_width=&#8221;100%&#8221;][divider line_type=&#8221;No Line&#8221;][vc_column_text]<strong>Bilbao, 15 de julio de 2020<\/strong><\/p>\n<p>&nbsp;<\/p>\n<p>Biobizz World Wide Organics se al\u00eda con el Instituto Vasco de Investigaciones Agrarias Neiker para continuar trabajando en la innovaci\u00f3n dentro del sector de la agricultura ecol\u00f3gica, la creaci\u00f3n de nuevos productos y el desarrollo de nuevas t\u00e9cnicas de cultivo.<\/p>\n<p>Neiker es un centro de investigaci\u00f3n agraria dependiente del Gobierno Vasco que desde 1851 se encarga de continuar avanzando en los \u00e1mbitos de la protecci\u00f3n de especies amenazadas, el control de la industria agr\u00edcola y ganadera y el fomento de la competitividad en el sector.<\/p>\n<p>Biobizz es una empresa l\u00edder en el sector de la nutrici\u00f3n natural para plantas que ha elegido a Neiker como partner en este ambicioso proyecto. De esta manera, Biobizz pone el acento en la inversi\u00f3n en la Investigaci\u00f3n y el Desarrollo de nuevos productos, control de calidad e innovaci\u00f3n en el sector de los fertilizantes 100% org\u00e1nicos.<\/p>\n<p>Algunos de los \u00e1mbitos en que esta colaboraci\u00f3n t\u00e9cnica se centrar\u00e1 son:<\/p>\n<ul>\n<li>Desarrollo en I+D<\/li>\n<li>An\u00e1lisis, resultados y estudios comparativos<\/li>\n<li>Estudio de los fertilizantes org\u00e1nicos vs convencionales<\/li>\n<li>Estudio de rendimiento en diferentes medios de cultivo<\/li>\n<li>Fomento de la agricultura org\u00e1nica y sostenible<\/li>\n<li>Desarrollo de nuevos productos y soluciones para el cultivador org\u00e1nico<\/li>\n<li>Control de la calidad tanto en productos como en procesos y t\u00e9cnicas<\/li>\n<\/ul>\n<p>&nbsp;<\/p>\n<p>Esta colaboraci\u00f3n comienza el 15 de julio de 2020 y tendr\u00e1 una duraci\u00f3n inicial de dos a\u00f1os, que podr\u00eda ampliarse al t\u00e9rmino de este periodo.<\/p>\n<p>Gracias al apoyo de este organismo oficial, Biobizz continuar\u00e1 desarrollando novedosas soluciones para los cultivadores profesionales que busquen conseguir el m\u00e1ximo rendimiento y calidad en su cultivo sin perder la esencia org\u00e1nica y el cuidado por el medio ambiente.[\/vc_column_text][divider line_type=&#8221;No Line&#8221;][\/vc_column][vc_column column_padding=&#8221;no-extra-padding&#8221; column_padding_position=&#8221;all&#8221; background_color_opacity=&#8221;1&#8243; background_hover_color_opacity=&#8221;1&#8243; column_link_target=&#8221;_self&#8221; column_shadow=&#8221;none&#8221; column_border_radius=&#8221;none&#8221; width=&#8221;1\/3&#8243; tablet_width_inherit=&#8221;default&#8221; tablet_text_alignment=&#8221;default&#8221; phone_text_alignment=&#8221;default&#8221; column_border_width=&#8221;none&#8221; column_border_style=&#8221;solid&#8221; bg_image_animation=&#8221;none&#8221;][divider line_type=&#8221;No Line&#8221;][image_with_animation image_url=&#8221;36224&#8243; alignment=&#8221;&#8221; animation=&#8221;Fade In&#8221; img_link_target=&#8221;_blank&#8221; border_radius=&#8221;none&#8221; box_shadow=&#8221;none&#8221; max_width=&#8221;100%&#8221; img_link=&#8221;biobizz.com&#8221;][image_with_animation image_url=&#8221;36217&#8243; alignment=&#8221;&#8221; animation=&#8221;Fade In&#8221; img_link_target=&#8221;_blank&#8221; border_radius=&#8221;none&#8221; box_shadow=&#8221;none&#8221; max_width=&#8221;100%&#8221; img_link=&#8221;www.neiker.eus&#8221;][nectar_btn size=&#8221;large&#8221; button_style=&#8221;see-through-2&#8243; hover_text_color_override=&#8221;#ffffff&#8221; icon_family=&#8221;none&#8221; text=&#8221;Descargar Nota de Prensa&#8221; url=&#8221;https:\/\/biobizz.com\/wp-content\/uploads\/2020\/07\/Neiker_ES.pdf&#8221;][\/vc_column][\/vc_row]\n","protected":false},"excerpt":{"rendered":"<p>[vc_row type=&#8221;full_width_background&#8221; full_screen_row_position=&#8221;middle&#8221; bg_color=&#8221;#322422&#8243; scene_position=&#8221;center&#8221; text_color=&#8221;dark&#8221; text_align=&#8221;left&#8221; overlay_strength=&#8221;0.3&#8243; shape_divider_position=&#8221;bottom&#8221; bg_image_animation=&#8221;none&#8221; shape_type=&#8221;&#8221;][vc_column column_padding=&#8221;no-extra-padding&#8221; column_padding_position=&#8221;all&#8221; background_color_opacity=&#8221;1&#8243; background_hover_color_opacity=&#8221;1&#8243; column_link_target=&#8221;_self&#8221; column_shadow=&#8221;none&#8221; column_border_radius=&#8221;none&#8221; width=&#8221;1\/1&#8243; tablet_width_inherit=&#8221;default&#8221; tablet_text_alignment=&#8221;default&#8221; phone_text_alignment=&#8221;default&#8221; column_border_width=&#8221;none&#8221; column_border_style=&#8221;solid&#8221; bg_image_animation=&#8221;none&#8221;][page_submenu alignment=&#8221;center&#8221; bg_color=&#8221;#322422&#8243; link_color=&#8221;#322422&#8243;][page_link link_url=&#8221;#&#8221; title=&#8221;Link&#8221;&#8230;<\/p>\n","protected":false},"author":2,"featured_media":0,"parent":9077,"menu_order":0,"comment_status":"closed","ping_status":"closed","template":"","meta":{"_acf_changed":false,"_monsterinsights_skip_tracking":false,"_monsterinsights_sitenote_active":false,"_monsterinsights_sitenote_note":"","_monsterinsights_sitenote_category":0,"footnotes":""},"class_list":["post-36270","page","type-page","status-publish"],"acf":[],"yoast_head":"<!-- This site is optimized with the Yoast SEO plugin v27.2 - https:\/\/yoast.com\/product\/yoast-seo-wordpress\/ -->\n<title>Colaboraci\u00f3n t\u00e9cnica con el Instituto Vasco de Investigaciones Agrarias NEIKER - Biobizz<\/title>\n<meta name=\"robots\" content=\"index, follow, max-snippet:-1, max-image-preview:large, max-video-preview:-1\" \/>\n<link rel=\"canonical\" href=\"https:\/\/biobizz.com\/es\/proyectos\/neiker\/\" \/>\n<meta property=\"og:locale\" content=\"es_ES\" \/>\n<meta property=\"og:type\" content=\"article\" \/>\n<meta property=\"og:title\" content=\"Colaboraci\u00f3n t\u00e9cnica con el Instituto Vasco de Investigaciones Agrarias NEIKER - Biobizz\" \/>\n<meta property=\"og:description\" content=\"[vc_row type=&#8221;full_width_background&#8221; full_screen_row_position=&#8221;middle&#8221; bg_color=&#8221;#322422&#8243; scene_position=&#8221;center&#8221; text_color=&#8221;dark&#8221; text_align=&#8221;left&#8221; overlay_strength=&#8221;0.3&#8243; shape_divider_position=&#8221;bottom&#8221; bg_image_animation=&#8221;none&#8221; shape_type=&#8221;&#8221;][vc_column column_padding=&#8221;no-extra-padding&#8221; column_padding_position=&#8221;all&#8221; background_color_opacity=&#8221;1&#8243; background_hover_color_opacity=&#8221;1&#8243; column_link_target=&#8221;_self&#8221; column_shadow=&#8221;none&#8221; column_border_radius=&#8221;none&#8221; width=&#8221;1\/1&#8243; tablet_width_inherit=&#8221;default&#8221; tablet_text_alignment=&#8221;default&#8221; phone_text_alignment=&#8221;default&#8221; column_border_width=&#8221;none&#8221; column_border_style=&#8221;solid&#8221; bg_image_animation=&#8221;none&#8221;][page_submenu alignment=&#8221;center&#8221; bg_color=&#8221;#322422&#8243; link_color=&#8221;#322422&#8243;][page_link link_url=&#8221;#&#8221; title=&#8221;Link&#8221;...\" \/>\n<meta property=\"og:url\" content=\"https:\/\/biobizz.com\/es\/proyectos\/neiker\/\" \/>\n<meta property=\"og:site_name\" content=\"Biobizz\" \/>\n<meta property=\"article:modified_time\" content=\"2021-02-12T15:46:32+00:00\" \/>\n<meta name=\"twitter:card\" content=\"summary_large_image\" \/>\n<meta name=\"twitter:label1\" content=\"Tiempo de lectura\" \/>\n\t<meta name=\"twitter:data1\" content=\"4 minutos\" \/>\n<script type=\"application\/ld+json\" class=\"yoast-schema-graph\">{\"@context\":\"https:\/\/schema.org\",\"@graph\":[{\"@type\":\"WebPage\",\"@id\":\"https:\/\/biobizz.com\/es\/proyectos\/neiker\/\",\"url\":\"https:\/\/biobizz.com\/es\/proyectos\/neiker\/\",\"name\":\"Colaboraci\u00f3n t\u00e9cnica con el Instituto Vasco de Investigaciones Agrarias NEIKER - Biobizz\",\"isPartOf\":{\"@id\":\"https:\/\/biobizz.com\/es\/#website\"},\"datePublished\":\"2020-07-14T09:54:29+00:00\",\"dateModified\":\"2021-02-12T15:46:32+00:00\",\"breadcrumb\":{\"@id\":\"https:\/\/biobizz.com\/es\/proyectos\/neiker\/#breadcrumb\"},\"inLanguage\":\"es\",\"potentialAction\":[{\"@type\":\"ReadAction\",\"target\":[\"https:\/\/biobizz.com\/es\/proyectos\/neiker\/\"]}]},{\"@type\":\"BreadcrumbList\",\"@id\":\"https:\/\/biobizz.com\/es\/proyectos\/neiker\/#breadcrumb\",\"itemListElement\":[{\"@type\":\"ListItem\",\"position\":1,\"name\":\"Portada\",\"item\":\"https:\/\/biobizz.com\/es\/\"},{\"@type\":\"ListItem\",\"position\":2,\"name\":\"Proyectos Biobizz\",\"item\":\"https:\/\/biobizz.com\/es\/proyectos\/\"},{\"@type\":\"ListItem\",\"position\":3,\"name\":\"Colaboraci\u00f3n t\u00e9cnica con el Instituto Vasco de Investigaciones Agrarias NEIKER\"}]},{\"@type\":\"WebSite\",\"@id\":\"https:\/\/biobizz.com\/es\/#website\",\"url\":\"https:\/\/biobizz.com\/es\/\",\"name\":\"Biobizz\",\"description\":\"World Wide Organics\",\"publisher\":{\"@id\":\"https:\/\/biobizz.com\/es\/#organization\"},\"potentialAction\":[{\"@type\":\"SearchAction\",\"target\":{\"@type\":\"EntryPoint\",\"urlTemplate\":\"https:\/\/biobizz.com\/es\/?s={search_term_string}\"},\"query-input\":{\"@type\":\"PropertyValueSpecification\",\"valueRequired\":true,\"valueName\":\"search_term_string\"}}],\"inLanguage\":\"es\"},{\"@type\":\"Organization\",\"@id\":\"https:\/\/biobizz.com\/es\/#organization\",\"name\":\"Biobizz\",\"url\":\"https:\/\/biobizz.com\/es\/\",\"logo\":{\"@type\":\"ImageObject\",\"inLanguage\":\"es\",\"@id\":\"https:\/\/biobizz.com\/es\/#\/schema\/logo\/image\/\",\"url\":\"https:\/\/biobizz.com\/wp-content\/uploads\/2019\/09\/biobizz-logo-dark.png\",\"contentUrl\":\"https:\/\/biobizz.com\/wp-content\/uploads\/2019\/09\/biobizz-logo-dark.png\",\"width\":300,\"height\":67,\"caption\":\"Biobizz\"},\"image\":{\"@id\":\"https:\/\/biobizz.com\/es\/#\/schema\/logo\/image\/\"}}]}<\/script>\n<!-- \/ Yoast SEO plugin. -->","yoast_head_json":{"title":"Colaboraci\u00f3n t\u00e9cnica con el Instituto Vasco de Investigaciones Agrarias NEIKER - Biobizz","robots":{"index":"index","follow":"follow","max-snippet":"max-snippet:-1","max-image-preview":"max-image-preview:large","max-video-preview":"max-video-preview:-1"},"canonical":"https:\/\/biobizz.com\/es\/proyectos\/neiker\/","og_locale":"es_ES","og_type":"article","og_title":"Colaboraci\u00f3n t\u00e9cnica con el Instituto Vasco de Investigaciones Agrarias NEIKER - Biobizz","og_description":"[vc_row type=&#8221;full_width_background&#8221; full_screen_row_position=&#8221;middle&#8221; bg_color=&#8221;#322422&#8243; scene_position=&#8221;center&#8221; text_color=&#8221;dark&#8221; text_align=&#8221;left&#8221; overlay_strength=&#8221;0.3&#8243; shape_divider_position=&#8221;bottom&#8221; bg_image_animation=&#8221;none&#8221; shape_type=&#8221;&#8221;][vc_column column_padding=&#8221;no-extra-padding&#8221; column_padding_position=&#8221;all&#8221; background_color_opacity=&#8221;1&#8243; background_hover_color_opacity=&#8221;1&#8243; column_link_target=&#8221;_self&#8221; column_shadow=&#8221;none&#8221; column_border_radius=&#8221;none&#8221; width=&#8221;1\/1&#8243; tablet_width_inherit=&#8221;default&#8221; tablet_text_alignment=&#8221;default&#8221; phone_text_alignment=&#8221;default&#8221; column_border_width=&#8221;none&#8221; column_border_style=&#8221;solid&#8221; bg_image_animation=&#8221;none&#8221;][page_submenu alignment=&#8221;center&#8221; bg_color=&#8221;#322422&#8243; link_color=&#8221;#322422&#8243;][page_link link_url=&#8221;#&#8221; title=&#8221;Link&#8221;...","og_url":"https:\/\/biobizz.com\/es\/proyectos\/neiker\/","og_site_name":"Biobizz","article_modified_time":"2021-02-12T15:46:32+00:00","twitter_card":"summary_large_image","twitter_misc":{"Tiempo de lectura":"4 minutos"},"schema":{"@context":"https:\/\/schema.org","@graph":[{"@type":"WebPage","@id":"https:\/\/biobizz.com\/es\/proyectos\/neiker\/","url":"https:\/\/biobizz.com\/es\/proyectos\/neiker\/","name":"Colaboraci\u00f3n t\u00e9cnica con el Instituto Vasco de Investigaciones Agrarias NEIKER - Biobizz","isPartOf":{"@id":"https:\/\/biobizz.com\/es\/#website"},"datePublished":"2020-07-14T09:54:29+00:00","dateModified":"2021-02-12T15:46:32+00:00","breadcrumb":{"@id":"https:\/\/biobizz.com\/es\/proyectos\/neiker\/#breadcrumb"},"inLanguage":"es","potentialAction":[{"@type":"ReadAction","target":["https:\/\/biobizz.com\/es\/proyectos\/neiker\/"]}]},{"@type":"BreadcrumbList","@id":"https:\/\/biobizz.com\/es\/proyectos\/neiker\/#breadcrumb","itemListElement":[{"@type":"ListItem","position":1,"name":"Portada","item":"https:\/\/biobizz.com\/es\/"},{"@type":"ListItem","position":2,"name":"Proyectos Biobizz","item":"https:\/\/biobizz.com\/es\/proyectos\/"},{"@type":"ListItem","position":3,"name":"Colaboraci\u00f3n t\u00e9cnica con el Instituto Vasco de Investigaciones Agrarias NEIKER"}]},{"@type":"WebSite","@id":"https:\/\/biobizz.com\/es\/#website","url":"https:\/\/biobizz.com\/es\/","name":"Biobizz","description":"World Wide Organics","publisher":{"@id":"https:\/\/biobizz.com\/es\/#organization"},"potentialAction":[{"@type":"SearchAction","target":{"@type":"EntryPoint","urlTemplate":"https:\/\/biobizz.com\/es\/?s={search_term_string}"},"query-input":{"@type":"PropertyValueSpecification","valueRequired":true,"valueName":"search_term_string"}}],"inLanguage":"es"},{"@type":"Organization","@id":"https:\/\/biobizz.com\/es\/#organization","name":"Biobizz","url":"https:\/\/biobizz.com\/es\/","logo":{"@type":"ImageObject","inLanguage":"es","@id":"https:\/\/biobizz.com\/es\/#\/schema\/logo\/image\/","url":"https:\/\/biobizz.com\/wp-content\/uploads\/2019\/09\/biobizz-logo-dark.png","contentUrl":"https:\/\/biobizz.com\/wp-content\/uploads\/2019\/09\/biobizz-logo-dark.png","width":300,"height":67,"caption":"Biobizz"},"image":{"@id":"https:\/\/biobizz.com\/es\/#\/schema\/logo\/image\/"}}]}},"_links":{"self":[{"href":"https:\/\/biobizz.com\/es\/wp-json\/wp\/v2\/pages\/36270","targetHints":{"allow":["GET"]}}],"collection":[{"href":"https:\/\/biobizz.com\/es\/wp-json\/wp\/v2\/pages"}],"about":[{"href":"https:\/\/biobizz.com\/es\/wp-json\/wp\/v2\/types\/page"}],"author":[{"embeddable":true,"href":"https:\/\/biobizz.com\/es\/wp-json\/wp\/v2\/users\/2"}],"replies":[{"embeddable":true,"href":"https:\/\/biobizz.com\/es\/wp-json\/wp\/v2\/comments?post=36270"}],"version-history":[{"count":6,"href":"https:\/\/biobizz.com\/es\/wp-json\/wp\/v2\/pages\/36270\/revisions"}],"predecessor-version":[{"id":42459,"href":"https:\/\/biobizz.com\/es\/wp-json\/wp\/v2\/pages\/36270\/revisions\/42459"}],"up":[{"embeddable":true,"href":"https:\/\/biobizz.com\/es\/wp-json\/wp\/v2\/pages\/9077"}],"wp:attachment":[{"href":"https:\/\/biobizz.com\/es\/wp-json\/wp\/v2\/media?parent=36270"}],"curies":[{"name":"wp","href":"https:\/\/api.w.org\/{rel}","templated":true}]}}