{"id":33818,"date":"2020-04-06T15:30:26","date_gmt":"2020-04-06T13:30:26","guid":{"rendered":"https:\/\/biobizz.com\/?page_id=33818"},"modified":"2023-09-26T09:52:24","modified_gmt":"2023-09-26T07:52:24","slug":"cookies-policy","status":"publish","type":"page","link":"https:\/\/biobizz.com\/es\/cookies-policy\/","title":{"rendered":"Cookies Policy"},"content":{"rendered":"[vc_row type=&#8221;in_container&#8221; full_screen_row_position=&#8221;middle&#8221; scene_position=&#8221;center&#8221; text_color=&#8221;dark&#8221; text_align=&#8221;left&#8221; overlay_strength=&#8221;0.3&#8243; shape_divider_position=&#8221;bottom&#8221; bg_image_animation=&#8221;none&#8221;][vc_column column_padding=&#8221;no-extra-padding&#8221; column_padding_position=&#8221;all&#8221; background_color_opacity=&#8221;1&#8243; background_hover_color_opacity=&#8221;1&#8243; column_link_target=&#8221;_self&#8221; column_shadow=&#8221;none&#8221; column_border_radius=&#8221;none&#8221; width=&#8221;1\/1&#8243; tablet_width_inherit=&#8221;default&#8221; tablet_text_alignment=&#8221;default&#8221; phone_text_alignment=&#8221;default&#8221; column_border_width=&#8221;none&#8221; column_border_style=&#8221;solid&#8221; bg_image_animation=&#8221;none&#8221;][vc_column_text]\n<h2><strong>INFORMACI\u00d3N SOBRE LAS COOKIES<\/strong><\/h2>\n<h2><strong>POL\u00cdTICA DE COOKIES<\/strong><\/h2>\n<p><strong>\u00a0<\/strong><\/p>\n<p><strong>\u00bfQu\u00e9 es una cookie? <\/strong><\/p>\n<p>Una cookie es un peque\u00f1o fichero de texto que un sitio web coloca en su PC, tel\u00e9fono o cualquier otro dispositivo, con informaci\u00f3n sobre su navegaci\u00f3n en dicho sitio. Las cookies son necesarias para facilitar la navegaci\u00f3n y hacerla m\u00e1s amigable, y no da\u00f1an su ordenador. Si bien en la presente pol\u00edtica se utiliza el t\u00e9rmino general de cookie pues es el principal m\u00e9todo de almacenamiento de informaci\u00f3n que utiliza esta web, tambi\u00e9n es utilizado el espacio de &#8220;Almacenamiento local&#8221; del navegador para los mismos prop\u00f3sitos que las cookies. En este sentido, toda la informaci\u00f3n incluida en esta secci\u00f3n es aplicable igualmente a este &#8220;Almacenamiento local&#8221;.<\/p>\n<p><strong>\u00bfPara qu\u00e9 se utilizan las cookies en esta web? <\/strong><\/p>\n<p>Las cookies son una parte esencial de c\u00f3mo funciona nuestro sitio web. El objetivo principal de nuestras cookies es mejorar su experiencia en la navegaci\u00f3n. Por ejemplo, a recordar sus preferencias (idioma, pa\u00eds, etc.) durante la navegaci\u00f3n y en futuras visitas. La informaci\u00f3n recogida en las cookies nos permite adem\u00e1s mejorar la web, mediante estimaciones sobre n\u00fameros y patrones de uso, la adaptaci\u00f3n del sitio web a los intereses individuales de los usuarios, la aceleraci\u00f3n de las b\u00fasquedas, etc.<\/p>\n<p><strong>\u00bfPara qu\u00e9 NO se utilizan las cookies en esta web? <\/strong><\/p>\n<p>Nosotros no almacenamos informaci\u00f3n sensible de identificaci\u00f3n personal como su direcci\u00f3n, su contrase\u00f1a, etc., en las cookies que utilizamos. Tampoco utilizamos las cookies para orientar la publicidad a nuestros usuarios en funci\u00f3n de su navegaci\u00f3n ni para otros fines publicitarios, ni propios ni de terceros.<\/p>\n<p><strong>\u00bfQui\u00e9n utiliza la informaci\u00f3n almacenada en las cookies? <\/strong><\/p>\n<p>La informaci\u00f3n almacenada en las cookies de nuestro sitio web es utilizada exclusivamente por nosotros, a excepci\u00f3n de las de Google Analytics, que son utilizadas y gestionadas por Google y por nosotros con fines estad\u00edsticos, y de la cookie An\u00e1lisis de operaciones de pago, que es generada exclusivamente cuando se realiza una compra, y es analizada por una empresa externa con el objetivo de ofrecer garant\u00edas suficientes sobre las operaciones de pago realizadas.<\/p>\n<p><strong>\u00bfQu\u00e9 cookies concretas utiliza este sitio web y para qu\u00e9 finalidades? <\/strong><\/p>\n<p>A continuaci\u00f3n, se incluye un cuadro con las cookies utilizadas por este sitio web junto con la finalidad de cada una de ellas.<\/p>\n<p>Estas cookies obtienen informaci\u00f3n gen\u00e9rica sobre los accesos de los usuarios a la p\u00e1gina web de BIOBIZZ WORLDWIDE, S.L.U. (no al contenido del mismo) para proporcionarnos posteriormente informaci\u00f3n agregada de dichos accesos con fines estad\u00edsticos.<\/p>\n<table>\n<tbody>\n<tr>\n<td width=\"283\"><strong>Tipo de Cookies<\/strong><\/td>\n<td width=\"283\"><strong>Descripci\u00f3n<\/strong><\/td>\n<td width=\"283\"><strong>Terceros<\/strong><\/td>\n<\/tr>\n<tr>\n<td width=\"283\"><strong><em>Estrictamente necesarias<\/em><\/strong><\/td>\n<td width=\"283\">Sesi\u00f3n, registro, datos del carrito decompra, datos para distinguir los servicios gratuitos de los servicios de pago. Se utilizan para identificar la misma sesi\u00f3n temporal de un usuario o sesi\u00f3n de navegaci\u00f3n, midiendo as\u00ed, por ejemplo, la frecuencia.<\/td>\n<td width=\"283\"><strong><em>No<\/em><\/strong><\/td>\n<\/tr>\n<tr>\n<td width=\"283\"><strong><em>Anal\u00edticas<\/em><\/strong><\/td>\n<td width=\"283\">Estas cookies permiten analizar y medir las propiedades y funcionalidades de este Sitio Web y proceder a su medici\u00f3n con finalidades de mejora. Las cookies que se instalan son cookies de terceros.<\/p>\n<p>Por ejemplo, Google Analytics es la herramienta de anal\u00edtica que ayuda a los sitios web a entender el modo en que sus visitantes interact\u00faan con sus propiedades. Puede utilizar un conjunto de cookies para recopilar informaci\u00f3n e informar de las estad\u00edsticas de uso de los sitios web sin identificar personalmente a los visitantes de Google.<\/td>\n<td width=\"283\">\u00b7\u00a0\u00a0\u00a0\u00a0\u00a0\u00a0 <strong><em>Google <\/em><\/strong><strong><em>Analytics<\/em><\/strong><\/td>\n<\/tr>\n<tr>\n<td width=\"283\"><strong><em>Publicidad<\/em><\/strong><\/td>\n<td width=\"283\">Estas cookies tienen una finalidad publicitaria. Permiten almacenar informaci\u00f3n sobre la navegaci\u00f3n de los usuarios a trav\u00e9s de sesiones de navegaci\u00f3n, presentando publicidades relacionadas directamente con sus intereses o sus b\u00fasquedas anteriores. Suelen ser cookies que provienen de plataformas de compra program\u00e1tica, adexchanges, DSP, SSP, DMP y otras tecnolog\u00edas de compraventa automatizada publicitaria.<\/td>\n<td width=\"283\">\u00b7\u00a0\u00a0\u00a0\u00a0\u00a0\u00a0 <strong><em>Doubleclick<\/em><\/strong><strong><em> (Google, Inc.)<\/em><\/strong><\/p>\n<p>\u00b7\u00a0\u00a0\u00a0\u00a0\u00a0\u00a0 <strong><em>DoubleClick Ad Exchange-Buyer<\/em><\/strong><\/p>\n<p>\u00b7\u00a0\u00a0\u00a0\u00a0\u00a0\u00a0 <strong><em>Google Dynamic Remarketing<\/em><\/strong><strong><em> (Adwords) <\/em><\/strong><\/td>\n<\/tr>\n<\/tbody>\n<\/table>\n<p>&nbsp;<\/p>\n<p><strong>Gesti\u00f3n de las cookies<\/strong><\/p>\n<p>Como garant\u00eda complementaria a las anteriormente descritas, el registro de las cookies podr\u00e1 estar sujeto a su aceptaci\u00f3n durante la instalaci\u00f3n o puesta al d\u00eda del navegador usado, y esta aceptaci\u00f3n puede en todo momento ser revocada mediante las opciones de configuraci\u00f3n de contenidos y privacidad disponibles.<\/p>\n<p>Muchos navegadores permiten activar un modo privado mediante el cual las cookies se borran siempre despu\u00e9s de su visita. Dependiendo de cada navegador este modo privado, puede tener diferentes nombres. A continuaci\u00f3n, encontrar\u00e1 una lista de los navegadores m\u00e1s comunes y los diferentes nombres de este \u201cmodo privado\u201d:<\/p>\n<ul>\n<li><strong>Internet Explorer 8<\/strong>\u00a0y superior; InPrivate<\/li>\n<li><strong>Opera 10.5<\/strong>\u00a0y superior; Navegaci\u00f3n Privada<\/li>\n<li><strong>Google Chrome 10<\/strong>\u00a0y superior; Inc\u00f3gnito<\/li>\n<li><strong>Safari 2<\/strong>\u00a0y superior; Navegaci\u00f3n Privada<\/li>\n<li><strong>FireFox 3.5<\/strong>\u00a0y superior; Navegaci\u00f3n Privada<\/li>\n<\/ul>\n<p><strong>Importante:<\/strong>\u00a0Por favor, lea atentamente la secci\u00f3n de ayuda de su navegador para conocer m\u00e1s acerca de c\u00f3mo activar el \u201cmodo privado\u201d. Podr\u00e1 seguir visitando nuestras webs aunque su navegador est\u00e9 en \u201cmodo privado\u201d,\u00a0<strong>si bien, su navegaci\u00f3n por nuestra web puede no ser \u00f3ptima y algunas utilidades pueden no funcionar correctamente.<\/strong><\/p>\n<p><strong>Como deshabilitar las Cookies en los principales navegadores<\/strong><\/p>\n<p>Normalmente es posible dejar de aceptar las Cookies del navegador, o dejar de aceptar las Cookies de un Servicio en particular.<\/p>\n<p>Todos los navegadores modernos permiten cambiar la configuraci\u00f3n de Cookies. Estos ajustes normalmente se encuentran en las \u2018opciones\u2019 o \u2018Preferencias\u2019 del men\u00fa de su navegador. Asimismo, puede configurar su navegador o su gestor de correo electr\u00f3nico, as\u00ed como instalar complementos gratuitos para evitar que se descarguen los Web Bugs al abrir un email.<\/p>\n<p>La p\u00e1gina Web del Prestador ofrece orientaci\u00f3n al Usuario sobre los pasos para acceder al men\u00fa de configuraci\u00f3n de las cookies y, en su caso, de la navegaci\u00f3n privada en cada uno de los navegadores principales:<\/p>\n<ul>\n<li><strong>Internet Explorer:<\/strong>\u00a0Herramientas -&gt; Opciones de Internet -&gt; Privacidad -&gt; Configuraci\u00f3n.<\/li>\n<li><strong>Firefox:<\/strong>\u00a0Herramientas -&gt; Opciones -&gt; Privacidad -&gt; Historial -&gt; Configuraci\u00f3n Personalizada.<\/li>\n<li><strong>Chrome:<\/strong>\u00a0Configuraci\u00f3n -&gt; Mostrar opciones avanzadas -&gt; Privacidad -&gt; Configuraci\u00f3n de contenido.<\/li>\n<li><strong>Safari:<\/strong>\u00a0Preferencias -&gt; Seguridad.<\/li>\n<\/ul>\n[\/vc_column_text][\/vc_column][\/vc_row]\n","protected":false},"excerpt":{"rendered":"<p>[vc_row type=&#8221;in_container&#8221; full_screen_row_position=&#8221;middle&#8221; scene_position=&#8221;center&#8221; text_color=&#8221;dark&#8221; text_align=&#8221;left&#8221; overlay_strength=&#8221;0.3&#8243; shape_divider_position=&#8221;bottom&#8221; bg_image_animation=&#8221;none&#8221;][vc_column column_padding=&#8221;no-extra-padding&#8221; column_padding_position=&#8221;all&#8221; background_color_opacity=&#8221;1&#8243; background_hover_color_opacity=&#8221;1&#8243; column_link_target=&#8221;_self&#8221; column_shadow=&#8221;none&#8221; column_border_radius=&#8221;none&#8221; width=&#8221;1\/1&#8243; tablet_width_inherit=&#8221;default&#8221; tablet_text_alignment=&#8221;default&#8221; phone_text_alignment=&#8221;default&#8221; column_border_width=&#8221;none&#8221; column_border_style=&#8221;solid&#8221; bg_image_animation=&#8221;none&#8221;][vc_column_text] INFORMACI\u00d3N SOBRE LAS COOKIES POL\u00cdTICA DE COOKIES&#8230;<\/p>\n","protected":false},"author":2,"featured_media":0,"parent":0,"menu_order":0,"comment_status":"closed","ping_status":"closed","template":"","meta":{"_acf_changed":false,"_monsterinsights_skip_tracking":false,"_monsterinsights_sitenote_active":false,"_monsterinsights_sitenote_note":"","_monsterinsights_sitenote_category":0,"footnotes":""},"class_list":["post-33818","page","type-page","status-publish"],"acf":[],"yoast_head":"<!-- This site is optimized with the Yoast SEO plugin v27.2 - https:\/\/yoast.com\/product\/yoast-seo-wordpress\/ -->\n<title>Cookies Policy - Biobizz<\/title>\n<meta name=\"robots\" content=\"noindex, nofollow\" \/>\n<meta property=\"og:locale\" content=\"es_ES\" \/>\n<meta property=\"og:type\" content=\"article\" \/>\n<meta property=\"og:title\" content=\"Cookies Policy - Biobizz\" \/>\n<meta property=\"og:description\" content=\"[vc_row type=&#8221;in_container&#8221; full_screen_row_position=&#8221;middle&#8221; scene_position=&#8221;center&#8221; text_color=&#8221;dark&#8221; text_align=&#8221;left&#8221; overlay_strength=&#8221;0.3&#8243; shape_divider_position=&#8221;bottom&#8221; bg_image_animation=&#8221;none&#8221;][vc_column column_padding=&#8221;no-extra-padding&#8221; column_padding_position=&#8221;all&#8221; background_color_opacity=&#8221;1&#8243; background_hover_color_opacity=&#8221;1&#8243; column_link_target=&#8221;_self&#8221; column_shadow=&#8221;none&#8221; column_border_radius=&#8221;none&#8221; width=&#8221;1\/1&#8243; tablet_width_inherit=&#8221;default&#8221; tablet_text_alignment=&#8221;default&#8221; phone_text_alignment=&#8221;default&#8221; column_border_width=&#8221;none&#8221; column_border_style=&#8221;solid&#8221; bg_image_animation=&#8221;none&#8221;][vc_column_text] INFORMACI\u00d3N SOBRE LAS COOKIES POL\u00cdTICA DE COOKIES...\" \/>\n<meta property=\"og:url\" content=\"https:\/\/biobizz.com\/es\/cookies-policy\/\" \/>\n<meta property=\"og:site_name\" content=\"Biobizz\" \/>\n<meta property=\"article:modified_time\" content=\"2023-09-26T07:52:24+00:00\" \/>\n<meta name=\"twitter:card\" content=\"summary_large_image\" \/>\n<meta name=\"twitter:label1\" content=\"Tiempo de lectura\" \/>\n\t<meta name=\"twitter:data1\" content=\"5 minutos\" \/>\n<script type=\"application\/ld+json\" class=\"yoast-schema-graph\">{\"@context\":\"https:\/\/schema.org\",\"@graph\":[{\"@type\":\"WebPage\",\"@id\":\"https:\/\/biobizz.com\/es\/cookies-policy\/\",\"url\":\"https:\/\/biobizz.com\/es\/cookies-policy\/\",\"name\":\"Cookies Policy - Biobizz\",\"isPartOf\":{\"@id\":\"https:\/\/biobizz.com\/es\/#website\"},\"datePublished\":\"2020-04-06T13:30:26+00:00\",\"dateModified\":\"2023-09-26T07:52:24+00:00\",\"breadcrumb\":{\"@id\":\"https:\/\/biobizz.com\/es\/cookies-policy\/#breadcrumb\"},\"inLanguage\":\"es\",\"potentialAction\":[{\"@type\":\"ReadAction\",\"target\":[\"https:\/\/biobizz.com\/es\/cookies-policy\/\"]}]},{\"@type\":\"BreadcrumbList\",\"@id\":\"https:\/\/biobizz.com\/es\/cookies-policy\/#breadcrumb\",\"itemListElement\":[{\"@type\":\"ListItem\",\"position\":1,\"name\":\"Portada\",\"item\":\"https:\/\/biobizz.com\/es\/\"},{\"@type\":\"ListItem\",\"position\":2,\"name\":\"Cookies Policy\"}]},{\"@type\":\"WebSite\",\"@id\":\"https:\/\/biobizz.com\/es\/#website\",\"url\":\"https:\/\/biobizz.com\/es\/\",\"name\":\"Biobizz\",\"description\":\"World Wide Organics\",\"publisher\":{\"@id\":\"https:\/\/biobizz.com\/es\/#organization\"},\"potentialAction\":[{\"@type\":\"SearchAction\",\"target\":{\"@type\":\"EntryPoint\",\"urlTemplate\":\"https:\/\/biobizz.com\/es\/?s={search_term_string}\"},\"query-input\":{\"@type\":\"PropertyValueSpecification\",\"valueRequired\":true,\"valueName\":\"search_term_string\"}}],\"inLanguage\":\"es\"},{\"@type\":\"Organization\",\"@id\":\"https:\/\/biobizz.com\/es\/#organization\",\"name\":\"Biobizz\",\"url\":\"https:\/\/biobizz.com\/es\/\",\"logo\":{\"@type\":\"ImageObject\",\"inLanguage\":\"es\",\"@id\":\"https:\/\/biobizz.com\/es\/#\/schema\/logo\/image\/\",\"url\":\"https:\/\/biobizz.com\/wp-content\/uploads\/2019\/09\/biobizz-logo-dark.png\",\"contentUrl\":\"https:\/\/biobizz.com\/wp-content\/uploads\/2019\/09\/biobizz-logo-dark.png\",\"width\":300,\"height\":67,\"caption\":\"Biobizz\"},\"image\":{\"@id\":\"https:\/\/biobizz.com\/es\/#\/schema\/logo\/image\/\"}}]}<\/script>\n<!-- \/ Yoast SEO plugin. -->","yoast_head_json":{"title":"Cookies Policy - Biobizz","robots":{"index":"noindex","follow":"nofollow"},"og_locale":"es_ES","og_type":"article","og_title":"Cookies Policy - Biobizz","og_description":"[vc_row type=&#8221;in_container&#8221; full_screen_row_position=&#8221;middle&#8221; scene_position=&#8221;center&#8221; text_color=&#8221;dark&#8221; text_align=&#8221;left&#8221; overlay_strength=&#8221;0.3&#8243; shape_divider_position=&#8221;bottom&#8221; bg_image_animation=&#8221;none&#8221;][vc_column column_padding=&#8221;no-extra-padding&#8221; column_padding_position=&#8221;all&#8221; background_color_opacity=&#8221;1&#8243; background_hover_color_opacity=&#8221;1&#8243; column_link_target=&#8221;_self&#8221; column_shadow=&#8221;none&#8221; column_border_radius=&#8221;none&#8221; width=&#8221;1\/1&#8243; tablet_width_inherit=&#8221;default&#8221; tablet_text_alignment=&#8221;default&#8221; phone_text_alignment=&#8221;default&#8221; column_border_width=&#8221;none&#8221; column_border_style=&#8221;solid&#8221; bg_image_animation=&#8221;none&#8221;][vc_column_text] INFORMACI\u00d3N SOBRE LAS COOKIES POL\u00cdTICA DE COOKIES...","og_url":"https:\/\/biobizz.com\/es\/cookies-policy\/","og_site_name":"Biobizz","article_modified_time":"2023-09-26T07:52:24+00:00","twitter_card":"summary_large_image","twitter_misc":{"Tiempo de lectura":"5 minutos"},"schema":{"@context":"https:\/\/schema.org","@graph":[{"@type":"WebPage","@id":"https:\/\/biobizz.com\/es\/cookies-policy\/","url":"https:\/\/biobizz.com\/es\/cookies-policy\/","name":"Cookies Policy - Biobizz","isPartOf":{"@id":"https:\/\/biobizz.com\/es\/#website"},"datePublished":"2020-04-06T13:30:26+00:00","dateModified":"2023-09-26T07:52:24+00:00","breadcrumb":{"@id":"https:\/\/biobizz.com\/es\/cookies-policy\/#breadcrumb"},"inLanguage":"es","potentialAction":[{"@type":"ReadAction","target":["https:\/\/biobizz.com\/es\/cookies-policy\/"]}]},{"@type":"BreadcrumbList","@id":"https:\/\/biobizz.com\/es\/cookies-policy\/#breadcrumb","itemListElement":[{"@type":"ListItem","position":1,"name":"Portada","item":"https:\/\/biobizz.com\/es\/"},{"@type":"ListItem","position":2,"name":"Cookies Policy"}]},{"@type":"WebSite","@id":"https:\/\/biobizz.com\/es\/#website","url":"https:\/\/biobizz.com\/es\/","name":"Biobizz","description":"World Wide Organics","publisher":{"@id":"https:\/\/biobizz.com\/es\/#organization"},"potentialAction":[{"@type":"SearchAction","target":{"@type":"EntryPoint","urlTemplate":"https:\/\/biobizz.com\/es\/?s={search_term_string}"},"query-input":{"@type":"PropertyValueSpecification","valueRequired":true,"valueName":"search_term_string"}}],"inLanguage":"es"},{"@type":"Organization","@id":"https:\/\/biobizz.com\/es\/#organization","name":"Biobizz","url":"https:\/\/biobizz.com\/es\/","logo":{"@type":"ImageObject","inLanguage":"es","@id":"https:\/\/biobizz.com\/es\/#\/schema\/logo\/image\/","url":"https:\/\/biobizz.com\/wp-content\/uploads\/2019\/09\/biobizz-logo-dark.png","contentUrl":"https:\/\/biobizz.com\/wp-content\/uploads\/2019\/09\/biobizz-logo-dark.png","width":300,"height":67,"caption":"Biobizz"},"image":{"@id":"https:\/\/biobizz.com\/es\/#\/schema\/logo\/image\/"}}]}},"_links":{"self":[{"href":"https:\/\/biobizz.com\/es\/wp-json\/wp\/v2\/pages\/33818","targetHints":{"allow":["GET"]}}],"collection":[{"href":"https:\/\/biobizz.com\/es\/wp-json\/wp\/v2\/pages"}],"about":[{"href":"https:\/\/biobizz.com\/es\/wp-json\/wp\/v2\/types\/page"}],"author":[{"embeddable":true,"href":"https:\/\/biobizz.com\/es\/wp-json\/wp\/v2\/users\/2"}],"replies":[{"embeddable":true,"href":"https:\/\/biobizz.com\/es\/wp-json\/wp\/v2\/comments?post=33818"}],"version-history":[{"count":3,"href":"https:\/\/biobizz.com\/es\/wp-json\/wp\/v2\/pages\/33818\/revisions"}],"predecessor-version":[{"id":33821,"href":"https:\/\/biobizz.com\/es\/wp-json\/wp\/v2\/pages\/33818\/revisions\/33821"}],"wp:attachment":[{"href":"https:\/\/biobizz.com\/es\/wp-json\/wp\/v2\/media?parent=33818"}],"curies":[{"name":"wp","href":"https:\/\/api.w.org\/{rel}","templated":true}]}}