{"id":3,"date":"2019-06-20T09:51:13","date_gmt":"2019-06-20T07:51:13","guid":{"rendered":"https:\/\/biobizz.com\/?page_id=3"},"modified":"2023-09-26T09:50:37","modified_gmt":"2023-09-26T07:50:37","slug":"politica-privacidad","status":"publish","type":"page","link":"https:\/\/biobizz.com\/es\/politica-privacidad\/","title":{"rendered":"Pol\u00edtica de privacidad"},"content":{"rendered":"[vc_row type=&#8221;in_container&#8221; full_screen_row_position=&#8221;middle&#8221; scene_position=&#8221;center&#8221; text_color=&#8221;dark&#8221; text_align=&#8221;left&#8221; overlay_strength=&#8221;0.3&#8243; shape_divider_position=&#8221;bottom&#8221; bg_image_animation=&#8221;none&#8221;][vc_column column_padding=&#8221;no-extra-padding&#8221; column_padding_position=&#8221;all&#8221; background_color_opacity=&#8221;1&#8243; background_hover_color_opacity=&#8221;1&#8243; column_link_target=&#8221;_self&#8221; column_shadow=&#8221;none&#8221; column_border_radius=&#8221;none&#8221; width=&#8221;1\/1&#8243; tablet_width_inherit=&#8221;default&#8221; tablet_text_alignment=&#8221;default&#8221; phone_text_alignment=&#8221;default&#8221; column_border_width=&#8221;none&#8221; column_border_style=&#8221;solid&#8221; bg_image_animation=&#8221;none&#8221;][vc_column_text]\n<h2><strong>POL\u00cdTICA DE PRIVACIDAD <\/strong><\/h2>\n<p><strong>\u00a0<\/strong><\/p>\n<p>La presente POL\u00cdTICA DE PRIVACIDAD es parte integrante del AVISO LEGAL del Sitio Web: <a href=\"https:\/\/biobizz.com\/es\">www.biobizz.com\/es<\/a> (en adelante, el \u201c<strong>Sitio Web<\/strong>\u201d).<\/p>\n<p>La presente Pol\u00edtica de Privacidad, podr\u00e1 ser modificada en cualquier momento por razones legales o normativas, por motivos t\u00e9cnicos o por cambios en la prestaci\u00f3n de los servicios del Sitio Web. Cuando esto ocurra y con el objetivo de avisarle, lo publicaremos en el propio Sitio Web y\/o le informaremos a trav\u00e9s de su direcci\u00f3n de correo electr\u00f3nico. Si contin\u00faa utilizando los servicios del Sitio Web, entenderemos que ha aceptado las modificaciones introducidas.<\/p>\n<ul>\n<li><strong>\u00bfQui\u00e9n es el responsable del tratamiento de sus datos de car\u00e1cter personal?<\/strong><\/li>\n<\/ul>\n<table>\n<tbody>\n<tr>\n<td width=\"104\">Responsable<\/td>\n<td width=\"283\">BIOBIZZ WORLDWIDE, S.L. (en adelante, \u201c<strong>BIOBIZZ<\/strong>\u201d)<\/td>\n<\/tr>\n<tr>\n<td width=\"104\">C.I.F<\/td>\n<td width=\"283\">B-98076631<\/td>\n<\/tr>\n<tr>\n<td width=\"104\">Domicilio social<\/td>\n<td width=\"283\">Pol\u00edgono Industrial Lezama-Leguizam\u00f3n, C\/ Gorbeia n\u00ba 11, (48450) Etxebarri \u2013 Bizkaia.<\/td>\n<\/tr>\n<tr>\n<td width=\"104\">E-mail<\/td>\n<td width=\"283\"><u>info@biobizz.com<\/u><\/td>\n<\/tr>\n<tr>\n<td width=\"104\">Tel\u00e9fono<\/td>\n<td width=\"283\">+34 944 657 951<\/td>\n<\/tr>\n<\/tbody>\n<\/table>\n<p>&nbsp;<\/p>\n<ul>\n<li><strong>\u00bfCon qu\u00e9 finalidad<\/strong><strong> tratamos sus datos?<\/strong><\/li>\n<\/ul>\n<p>En cumplimiento de la normativa aplicable en materia de protecci\u00f3n de datos personales, le informamos que BIOBIZZ tratar\u00e1 sus datos personales principalmente con la finalidad de gestionar la relaci\u00f3n mantenida con los usuarios del Sitio Web.<\/p>\n<p>Igualmente, BIOBIZZ tratar\u00e1 los datos personales facilitados para gestionar las consultas que reciba a trav\u00e9s del Sitio Web por parte de los usuarios de la misma, as\u00ed como, en aquellos casos que expresamente se consienta, para remitirle informaci\u00f3n promocional y\/o publicitaria sobre actividades, productos y servicios de BIOBIZZ, por diferentes medios (inclusive los electr\u00f3nicos como por ejemplo SMS o correo electr\u00f3nico), y documentaci\u00f3n de diversa naturaleza que pueda resultar de inter\u00e9s o utilidad al Usuario.<\/p>\n<p>En caso de completar sus datos de contacto en el formulario habilitado en el Sitio Web, sus datos personales ser\u00e1n tratados con la finalidad de ampliar informaci\u00f3n o establecer alg\u00fan tipo de colaboraci\u00f3n con nosotros.<\/p>\n<p>Al respecto, consideramos que si no se opone al tratamiento de sus datos y\/o no los cancela expresamente, contin\u00faa interesado en seguir incorporado a nuestros tratamientos hasta que BIOBIZZ lo considere oportuno y mientras sea adecuado a la finalidad para la que se obtuvieron.<\/p>\n<ul>\n<li><strong>\u00bfPor cu\u00e1nto tiempo conservaremos los datos?<\/strong><\/li>\n<\/ul>\n<p>Sus datos, ser\u00e1n conservados el tiempo m\u00ednimo necesario para satisfacer la finalidad para la cual los facilit\u00f3 as\u00ed como para atender las responsabilidades que se pudieran derivar de los datos suministrados y de cualquier otra exigencia legal.<\/p>\n<p>Al respecto, consideramos que si no se opone al tratamiento de sus datos y\/o no los cancela expresamente, contin\u00faa interesado en seguir incorporado a nuestros tratamientos hasta que BIOBIZZ lo considere oportuno y mientras sea adecuado a la finalidad para la que se obtuvieron.<\/p>\n<ul>\n<li><strong>\u00bfCu\u00e1l es la legitimaci\u00f3n para el tratamiento de sus datos?<\/strong><\/li>\n<\/ul>\n<p>La base legal para el tratamiento de sus datos personales es el consentimiento que presta al aceptar esta Pol\u00edtica de Privacidad antes de enviarnos o facilitarnos sus datos.<\/p>\n<p>Los datos que le solicitamos son adecuados, pertinentes y estrictamente necesarios y en ning\u00fan caso est\u00e1 obligado a facilit\u00e1rnoslos, pero su no comunicaci\u00f3n podr\u00e1 afectar a la finalidad del servicio o la imposibilidad de prestarlo.<\/p>\n<ul>\n<li><strong>\u00bfA qu\u00e9 destinatarios comunicaremos sus datos?<\/strong><\/li>\n<\/ul>\n<p>BIOBIZZ no comunicar\u00e1 sus datos a ning\u00fan tercero, salvo que se le informe de ello expresamente o exista obligaci\u00f3n legal.<\/p>\n<ul>\n<li><strong>\u00bfCu\u00e1les son sus derechos? <\/strong><\/li>\n<\/ul>\n<p>BIOBIZZ le informa que los derechos de protecci\u00f3n de datos de los que dispone como titular o interesado son:<\/p>\n<ul>\n<li>Derecho a solicitar el acceso a los datos personales relativos al interesado<\/li>\n<li>Derecho de rectificaci\u00f3n<\/li>\n<li>Derecho de supresi\u00f3n<\/li>\n<li>Derecho de oposici\u00f3n<\/li>\n<li>Derecho a solicitar la limitaci\u00f3n de su tratamiento<\/li>\n<li>Derecho a la portabilidad de los datos<\/li>\n<\/ul>\n<p>Podr\u00e1 ejercer sus derechos de protecci\u00f3n de datos personales dirigiendo una comunicaci\u00f3n por escrito al domicilio social de BIOBIZZ o al correo electr\u00f3nico habilitado a tal efecto, <u>info@biobizz.com<\/u>, incluyendo en ambos casos fotocopia de su DNI u otro documento de identificaci\u00f3n equivalente.<\/p>\n<p>Adem\u00e1s, le informamos que Ud. Dispone de los correspondientes modelos, formularios y m\u00e1s informaci\u00f3n sobre sus derechos en la p\u00e1gina web de la autoridad de control nacional, Agencia Espa\u00f1ola de Protecci\u00f3n de Datos (<a href=\"http:\/\/www.agpd.es\/\">www.agpd.es<\/a>).<\/p>\n<ul>\n<li><strong>Utilizaci\u00f3n del formulario del Sitio Web<\/strong><\/li>\n<\/ul>\n<p>BIOBIZZ le informa que la utilizaci\u00f3n del formulario que comporta el env\u00edo de informaci\u00f3n personal, no est\u00e1 permitido a los menores de 14 a\u00f1os, por tanto, al aceptar esta pol\u00edtica de privacidad, garantiza que al llevar a cabo el env\u00edo de informaci\u00f3n tiene al menos 14 a\u00f1os de edad y se responsabiliza enteramente de esta declaraci\u00f3n.<\/p>\n<p>Cuando utilice el formulario de env\u00edo de informaci\u00f3n publicado en el Sitio Web, le agradecemos que los datos personales que nos remita sean veraces, completos, exactos y en todo caso, que est\u00e9n actualizados.<\/p>\n<ul>\n<li><strong>\u00bfQu\u00e9 medidas de seguridad adopta BIOBIZZ? <\/strong><\/li>\n<\/ul>\n<p>Con el objetivo de salvaguardar la seguridad de sus datos personales, le informamos que BIOBIZZ ha adoptado todas las medidas de \u00edndole t\u00e9cnica y organizativa necesarias para garantizar la seguridad de los datos personales suministrados. Todo ello para evitar su alteraci\u00f3n, p\u00e9rdida, y\/o tratamientos o accesos no autorizados, tal como exige la normativa, si bien la seguridad absoluta no existe.<\/p>\n<p>Igualmente, BIOBIZZ le informa que todo nuestro personal, cualquiera que sea la fase del tratamiento en la que intervenga, ha adoptado el compromiso de tratar sus datos con el m\u00e1ximo celo y confidencialidad. Le recordamos que ni BIOBIZZ, ni cualquiera de sus empleados, ceder\u00e1 o comunicar\u00e1 sus datos a terceros, excepto en los casos legalmente previstos, o salvo que usted lo autorice expresamente.[\/vc_column_text][\/vc_column][\/vc_row]\n","protected":false},"excerpt":{"rendered":"<p>[vc_row type=&#8221;in_container&#8221; full_screen_row_position=&#8221;middle&#8221; scene_position=&#8221;center&#8221; text_color=&#8221;dark&#8221; text_align=&#8221;left&#8221; overlay_strength=&#8221;0.3&#8243; shape_divider_position=&#8221;bottom&#8221; bg_image_animation=&#8221;none&#8221;][vc_column column_padding=&#8221;no-extra-padding&#8221; column_padding_position=&#8221;all&#8221; background_color_opacity=&#8221;1&#8243; background_hover_color_opacity=&#8221;1&#8243; column_link_target=&#8221;_self&#8221; column_shadow=&#8221;none&#8221; column_border_radius=&#8221;none&#8221; width=&#8221;1\/1&#8243; tablet_width_inherit=&#8221;default&#8221; tablet_text_alignment=&#8221;default&#8221; phone_text_alignment=&#8221;default&#8221; column_border_width=&#8221;none&#8221; column_border_style=&#8221;solid&#8221; bg_image_animation=&#8221;none&#8221;][vc_column_text] POL\u00cdTICA DE PRIVACIDAD \u00a0 La presente POL\u00cdTICA&#8230;<\/p>\n","protected":false},"author":4,"featured_media":0,"parent":0,"menu_order":0,"comment_status":"closed","ping_status":"closed","template":"","meta":{"_acf_changed":false,"_monsterinsights_skip_tracking":false,"_monsterinsights_sitenote_active":false,"_monsterinsights_sitenote_note":"","_monsterinsights_sitenote_category":0,"footnotes":""},"class_list":["post-3","page","type-page","status-publish"],"acf":[],"yoast_head":"<!-- This site is optimized with the Yoast SEO plugin v27.2 - https:\/\/yoast.com\/product\/yoast-seo-wordpress\/ -->\n<title>Pol\u00edtica de privacidad - Biobizz<\/title>\n<meta name=\"robots\" content=\"noindex, nofollow\" \/>\n<meta property=\"og:locale\" content=\"es_ES\" \/>\n<meta property=\"og:type\" content=\"article\" \/>\n<meta property=\"og:title\" content=\"Pol\u00edtica de privacidad - Biobizz\" \/>\n<meta property=\"og:description\" content=\"[vc_row type=&#8221;in_container&#8221; full_screen_row_position=&#8221;middle&#8221; scene_position=&#8221;center&#8221; text_color=&#8221;dark&#8221; text_align=&#8221;left&#8221; overlay_strength=&#8221;0.3&#8243; shape_divider_position=&#8221;bottom&#8221; bg_image_animation=&#8221;none&#8221;][vc_column column_padding=&#8221;no-extra-padding&#8221; column_padding_position=&#8221;all&#8221; background_color_opacity=&#8221;1&#8243; background_hover_color_opacity=&#8221;1&#8243; column_link_target=&#8221;_self&#8221; column_shadow=&#8221;none&#8221; column_border_radius=&#8221;none&#8221; width=&#8221;1\/1&#8243; tablet_width_inherit=&#8221;default&#8221; tablet_text_alignment=&#8221;default&#8221; phone_text_alignment=&#8221;default&#8221; column_border_width=&#8221;none&#8221; column_border_style=&#8221;solid&#8221; bg_image_animation=&#8221;none&#8221;][vc_column_text] POL\u00cdTICA DE PRIVACIDAD \u00a0 La presente POL\u00cdTICA...\" \/>\n<meta property=\"og:url\" content=\"https:\/\/biobizz.com\/es\/politica-privacidad\/\" \/>\n<meta property=\"og:site_name\" content=\"Biobizz\" \/>\n<meta property=\"article:modified_time\" content=\"2023-09-26T07:50:37+00:00\" \/>\n<meta name=\"twitter:card\" content=\"summary_large_image\" \/>\n<meta name=\"twitter:label1\" content=\"Tiempo de lectura\" \/>\n\t<meta name=\"twitter:data1\" content=\"4 minutos\" \/>\n<script type=\"application\/ld+json\" class=\"yoast-schema-graph\">{\"@context\":\"https:\/\/schema.org\",\"@graph\":[{\"@type\":\"WebPage\",\"@id\":\"https:\/\/biobizz.com\/es\/politica-privacidad\/\",\"url\":\"https:\/\/biobizz.com\/es\/politica-privacidad\/\",\"name\":\"Pol\u00edtica de privacidad - Biobizz\",\"isPartOf\":{\"@id\":\"https:\/\/biobizz.com\/es\/#website\"},\"datePublished\":\"2019-06-20T07:51:13+00:00\",\"dateModified\":\"2023-09-26T07:50:37+00:00\",\"breadcrumb\":{\"@id\":\"https:\/\/biobizz.com\/es\/politica-privacidad\/#breadcrumb\"},\"inLanguage\":\"es\",\"potentialAction\":[{\"@type\":\"ReadAction\",\"target\":[\"https:\/\/biobizz.com\/es\/politica-privacidad\/\"]}]},{\"@type\":\"BreadcrumbList\",\"@id\":\"https:\/\/biobizz.com\/es\/politica-privacidad\/#breadcrumb\",\"itemListElement\":[{\"@type\":\"ListItem\",\"position\":1,\"name\":\"Portada\",\"item\":\"https:\/\/biobizz.com\/es\/\"},{\"@type\":\"ListItem\",\"position\":2,\"name\":\"Pol\u00edtica de privacidad\"}]},{\"@type\":\"WebSite\",\"@id\":\"https:\/\/biobizz.com\/es\/#website\",\"url\":\"https:\/\/biobizz.com\/es\/\",\"name\":\"Biobizz\",\"description\":\"World Wide Organics\",\"publisher\":{\"@id\":\"https:\/\/biobizz.com\/es\/#organization\"},\"potentialAction\":[{\"@type\":\"SearchAction\",\"target\":{\"@type\":\"EntryPoint\",\"urlTemplate\":\"https:\/\/biobizz.com\/es\/?s={search_term_string}\"},\"query-input\":{\"@type\":\"PropertyValueSpecification\",\"valueRequired\":true,\"valueName\":\"search_term_string\"}}],\"inLanguage\":\"es\"},{\"@type\":\"Organization\",\"@id\":\"https:\/\/biobizz.com\/es\/#organization\",\"name\":\"Biobizz\",\"url\":\"https:\/\/biobizz.com\/es\/\",\"logo\":{\"@type\":\"ImageObject\",\"inLanguage\":\"es\",\"@id\":\"https:\/\/biobizz.com\/es\/#\/schema\/logo\/image\/\",\"url\":\"https:\/\/biobizz.com\/wp-content\/uploads\/2019\/09\/biobizz-logo-dark.png\",\"contentUrl\":\"https:\/\/biobizz.com\/wp-content\/uploads\/2019\/09\/biobizz-logo-dark.png\",\"width\":300,\"height\":67,\"caption\":\"Biobizz\"},\"image\":{\"@id\":\"https:\/\/biobizz.com\/es\/#\/schema\/logo\/image\/\"}}]}<\/script>\n<!-- \/ Yoast SEO plugin. -->","yoast_head_json":{"title":"Pol\u00edtica de privacidad - Biobizz","robots":{"index":"noindex","follow":"nofollow"},"og_locale":"es_ES","og_type":"article","og_title":"Pol\u00edtica de privacidad - Biobizz","og_description":"[vc_row type=&#8221;in_container&#8221; full_screen_row_position=&#8221;middle&#8221; scene_position=&#8221;center&#8221; text_color=&#8221;dark&#8221; text_align=&#8221;left&#8221; overlay_strength=&#8221;0.3&#8243; shape_divider_position=&#8221;bottom&#8221; bg_image_animation=&#8221;none&#8221;][vc_column column_padding=&#8221;no-extra-padding&#8221; column_padding_position=&#8221;all&#8221; background_color_opacity=&#8221;1&#8243; background_hover_color_opacity=&#8221;1&#8243; column_link_target=&#8221;_self&#8221; column_shadow=&#8221;none&#8221; column_border_radius=&#8221;none&#8221; width=&#8221;1\/1&#8243; tablet_width_inherit=&#8221;default&#8221; tablet_text_alignment=&#8221;default&#8221; phone_text_alignment=&#8221;default&#8221; column_border_width=&#8221;none&#8221; column_border_style=&#8221;solid&#8221; bg_image_animation=&#8221;none&#8221;][vc_column_text] POL\u00cdTICA DE PRIVACIDAD \u00a0 La presente POL\u00cdTICA...","og_url":"https:\/\/biobizz.com\/es\/politica-privacidad\/","og_site_name":"Biobizz","article_modified_time":"2023-09-26T07:50:37+00:00","twitter_card":"summary_large_image","twitter_misc":{"Tiempo de lectura":"4 minutos"},"schema":{"@context":"https:\/\/schema.org","@graph":[{"@type":"WebPage","@id":"https:\/\/biobizz.com\/es\/politica-privacidad\/","url":"https:\/\/biobizz.com\/es\/politica-privacidad\/","name":"Pol\u00edtica de privacidad - Biobizz","isPartOf":{"@id":"https:\/\/biobizz.com\/es\/#website"},"datePublished":"2019-06-20T07:51:13+00:00","dateModified":"2023-09-26T07:50:37+00:00","breadcrumb":{"@id":"https:\/\/biobizz.com\/es\/politica-privacidad\/#breadcrumb"},"inLanguage":"es","potentialAction":[{"@type":"ReadAction","target":["https:\/\/biobizz.com\/es\/politica-privacidad\/"]}]},{"@type":"BreadcrumbList","@id":"https:\/\/biobizz.com\/es\/politica-privacidad\/#breadcrumb","itemListElement":[{"@type":"ListItem","position":1,"name":"Portada","item":"https:\/\/biobizz.com\/es\/"},{"@type":"ListItem","position":2,"name":"Pol\u00edtica de privacidad"}]},{"@type":"WebSite","@id":"https:\/\/biobizz.com\/es\/#website","url":"https:\/\/biobizz.com\/es\/","name":"Biobizz","description":"World Wide Organics","publisher":{"@id":"https:\/\/biobizz.com\/es\/#organization"},"potentialAction":[{"@type":"SearchAction","target":{"@type":"EntryPoint","urlTemplate":"https:\/\/biobizz.com\/es\/?s={search_term_string}"},"query-input":{"@type":"PropertyValueSpecification","valueRequired":true,"valueName":"search_term_string"}}],"inLanguage":"es"},{"@type":"Organization","@id":"https:\/\/biobizz.com\/es\/#organization","name":"Biobizz","url":"https:\/\/biobizz.com\/es\/","logo":{"@type":"ImageObject","inLanguage":"es","@id":"https:\/\/biobizz.com\/es\/#\/schema\/logo\/image\/","url":"https:\/\/biobizz.com\/wp-content\/uploads\/2019\/09\/biobizz-logo-dark.png","contentUrl":"https:\/\/biobizz.com\/wp-content\/uploads\/2019\/09\/biobizz-logo-dark.png","width":300,"height":67,"caption":"Biobizz"},"image":{"@id":"https:\/\/biobizz.com\/es\/#\/schema\/logo\/image\/"}}]}},"_links":{"self":[{"href":"https:\/\/biobizz.com\/es\/wp-json\/wp\/v2\/pages\/3","targetHints":{"allow":["GET"]}}],"collection":[{"href":"https:\/\/biobizz.com\/es\/wp-json\/wp\/v2\/pages"}],"about":[{"href":"https:\/\/biobizz.com\/es\/wp-json\/wp\/v2\/types\/page"}],"author":[{"embeddable":true,"href":"https:\/\/biobizz.com\/es\/wp-json\/wp\/v2\/users\/4"}],"replies":[{"embeddable":true,"href":"https:\/\/biobizz.com\/es\/wp-json\/wp\/v2\/comments?post=3"}],"version-history":[{"count":7,"href":"https:\/\/biobizz.com\/es\/wp-json\/wp\/v2\/pages\/3\/revisions"}],"predecessor-version":[{"id":34820,"href":"https:\/\/biobizz.com\/es\/wp-json\/wp\/v2\/pages\/3\/revisions\/34820"}],"wp:attachment":[{"href":"https:\/\/biobizz.com\/es\/wp-json\/wp\/v2\/media?parent=3"}],"curies":[{"name":"wp","href":"https:\/\/api.w.org\/{rel}","templated":true}]}}