{"id":33815,"date":"2020-04-06T15:01:47","date_gmt":"2020-04-06T13:01:47","guid":{"rendered":"https:\/\/biobizz.com\/cookies-policy\/"},"modified":"2023-09-26T09:52:08","modified_gmt":"2023-09-26T07:52:08","slug":"cookies-policy","status":"publish","type":"page","link":"https:\/\/biobizz.com\/de\/cookies-policy\/","title":{"rendered":"Cookies Policy"},"content":{"rendered":"[vc_row type=&#8221;in_container&#8221; full_screen_row_position=&#8221;middle&#8221; scene_position=&#8221;center&#8221; text_color=&#8221;dark&#8221; text_align=&#8221;left&#8221; overlay_strength=&#8221;0.3&#8243; shape_divider_position=&#8221;bottom&#8221; bg_image_animation=&#8221;none&#8221;][vc_column column_padding=&#8221;no-extra-padding&#8221; column_padding_position=&#8221;all&#8221; background_color_opacity=&#8221;1&#8243; background_hover_color_opacity=&#8221;1&#8243; column_link_target=&#8221;_self&#8221; column_shadow=&#8221;none&#8221; column_border_radius=&#8221;none&#8221; width=&#8221;1\/1&#8243; tablet_width_inherit=&#8221;default&#8221; tablet_text_alignment=&#8221;default&#8221; phone_text_alignment=&#8221;default&#8221; column_border_width=&#8221;none&#8221; column_border_style=&#8221;solid&#8221; bg_image_animation=&#8221;none&#8221;][vc_column_text]\n<h2><strong>AUSKUNFT \u00dcBER COOKIES<\/strong><\/h2>\n<h2><strong>MANAGEMENT DER COOKIES<\/strong><\/h2>\n<p><strong>\u00a0<\/strong><\/p>\n<p><strong>Was ist das eigentlich, ein Cookie? <\/strong><\/p>\n<p>Ein Cookie ist eine kleine Textdatei, die von einer Webseite auf Ihrem PC, Telefon oder einem anderen Ger\u00e4t mit Informationen \u00fcber Ihre Navigation auf o.g. Webseite gespeichert wird. Cookies sind notwendig. um Ihre Navigation zu erleichtern und sie freundlicher zu machen: sie stellen f\u00fcr Ihren PC keinen Schaden dar. Obwohl vom allgemeinen Begriff &#8220;Cookie&#8221; in dieser Richtlinie die Rede ist, da dies die Hauptmethode f\u00fcr die Speicherung von Informationen auf dieser Website darstellt, wird der Bereich &#8220;Lokaler Speicher&#8221; des Browsers auch f\u00fcr die gleichen Zwecke wie Cookies verwendet. In solch einer Hinsicht ist die gesamte Information dieses Abschnitts in bezug auf den o.g. &#8220;Lokalen Speicher&#8221; anwendbar.<\/p>\n<p><strong>Wozu werden Cookies in dieser Webseite gebraucht? <\/strong><\/p>\n<p>Cookies sind ein wesentlicher Bestandteil der Funktionalit\u00e4t unserer Website. Hauptziel unserer Cookies ist, Ihre Navigationserfahrung zu verbessern. Zum Beispiel: Ihre Einstellungen (Sprache, Land, usw.) w\u00e4hrend der Navigation sowie f\u00fcr zuk\u00fcnftige Besuche zu erhalten. Die in Cookies gesammelten Informationen erm\u00f6glichen uns auch, unsere Website zu verbessern, indem wir Zahlen und Nutzungsmuster sch\u00e4tzen, die Website den individuellen Interessen des Anwenders anpassen, Suchanfragen beschleunigen usw.<\/p>\n<p><strong>Wozu werden Cookies in dieser Webseite NICHT gebraucht? <\/strong><\/p>\n<p>Die von uns eingesetzten Cookies speichern keine sensiblen personenbezogenen Identifikationsmerkmale wie Ihre Adresse, Ihr Passwort usw. Unsere Cookies dienen auch nicht zur Weiterleitung von Werbung an unsere Nutzer, basierend auf ihrer Navigation, und auch f\u00fcr keine anderen Werbezwecke, weder f\u00fcr unsere eigenen noch f\u00fcr die von Dritten.<\/p>\n<p><strong>Von wem werden die von den Cookies gesammelten Informationen gebraucht? <\/strong><strong>\u00a0<\/strong><\/p>\n<p>Die in den Cookies unserer Website gespeicherten Informationen werden ausschlie\u00dflich von uns verwendet, mit Ausnahme der Cookies von Google Analytics, die von Google und von uns f\u00fcr statistische Zwecke verwendet und verwaltet werden, sowie das Cookie zur Analyse des Zahlungsvorgangs. Diese wird ausschlie\u00dflich beim Kaufvorgang erzogen und von einem externen Dienstleister bewertet, n\u00e4mlich mit der Zielsetzung, ausreichende Garantien f\u00fcr den get\u00e4tigten Zahlungsvorg\u00e4nge anzubieten.<\/p>\n<p><strong>Welche Cookies werden konkret von dieser Website und mit welchem Zweck eingesetzt? <\/strong><\/p>\n<p>Im folgenden wird eine Tabelle mit den Cookies, die von unserer Site eingesetzt werden, zusammen mit den entsprechenden Zwecken dargestellt.<\/p>\n<p>Diese Cookies \u00fcbertragen Informationen mit allgemeinem Charakter bez\u00fcglich Zugriffe von Benutzern auf die Webseite der BIOBIZZ WORLDWIDE, S.L.U. (nicht auf den Inhalt derselben), um uns im Nachhinein eine Zusammenfassung dieser Information \u00fcber Zugriffe f\u00fcr statistische Zwecke zur Verf\u00fcgung zu stellen.<\/p>\n<table>\n<tbody>\n<tr>\n<td width=\"283\"><strong>Art von Cookies<\/strong><\/td>\n<td width=\"283\"><strong>Beschreibung<\/strong><\/td>\n<td width=\"283\"><strong>Drittpersonen<\/strong><\/td>\n<\/tr>\n<tr>\n<td width=\"283\"><strong><em>Unbedingt n\u00f6tig<\/em><\/strong><\/td>\n<td width=\"283\">Session (Sitzung), Registervorgang, Daten des Warenkorbs, Ausk\u00fcnfte zur Differenzierung zwischen kostenfreien und zahlungspflichtigen Dienstleistungen. Sie kommen zum Einsatz, um eine tempor\u00e4re Sitzung des Benutzers bzw. einer Browsersitzung auszuweisen, was zum Beispiel die Durchf\u00fchrung von Berechnungen zur H\u00e4ufigkeit erlaubt.<\/td>\n<td width=\"283\"><strong><em>Nein<\/em><\/strong><\/td>\n<\/tr>\n<tr>\n<td width=\"283\"><strong><em>Analytische Cookies<\/em><\/strong><\/td>\n<td width=\"283\">Diese Cookies erm\u00f6glichen, Eigenschaften und Funktionalit\u00e4t unserer Website zu verbessern mit der Zielsetzung, Verbesserungen einzuf\u00fchren. Bez\u00fcglich der eingesetzten Cookies handelt es sich um Cookies von Dritten.<\/p>\n<p>Am Beispiel von Google Analytics handelt es sich um ein Analyse-Werkzeug, mit dem Websites die Interaktion ihrer Besucher mit ihren Eigenschaften besser verstehen k\u00f6nnen. Sie kann eine Reihe von Cookies verwenden, um Informationen zu sammeln und Nutzungsstatistiken auf Websites zu melden, ohne dass sich Google-Besucher pers\u00f6nlich ausweisen m\u00fcssen.<\/td>\n<td width=\"283\">\u00b7\u00a0\u00a0\u00a0\u00a0\u00a0\u00a0 <strong><em>Google Analytics<\/em><\/strong><\/td>\n<\/tr>\n<tr>\n<td width=\"283\"><strong><em>Werbung<\/em><\/strong><\/td>\n<td width=\"283\">Diese Cookies haben ein Werbungszweck. Sie erm\u00f6glichen, Informationen zum Browsen des Benutzers durch Browsing-Sitzungen zu speichern, wobei eine Werbung gezeigt wird, die direkt mit Ihren Interessen oder Ihren fr\u00fcheren Suchen in Verbindung stehen. Generell handelt es sich um Cookies, die aus programmatischen Einkaufsplattformen, Adexwechslern, DSP, SSP, DMP und anderen Technologien des automatisierten Anzeigenverkaufs stammen.<\/td>\n<td width=\"283\">\u00b7\u00a0\u00a0\u00a0\u00a0\u00a0\u00a0 <strong><em>Doubleclick (Google, Inc.)<\/em><\/strong><\/p>\n<p>\u00b7\u00a0\u00a0\u00a0\u00a0\u00a0\u00a0 <strong><em>DoubleClick Ad Exchange-Buyer<\/em><\/strong><\/p>\n<p>\u00b7\u00a0\u00a0\u00a0\u00a0\u00a0\u00a0 <strong><em>Google Dynamic Remarketing (Adwords) <\/em><\/strong><\/td>\n<\/tr>\n<\/tbody>\n<\/table>\n<p>&nbsp;<\/p>\n<p><strong>Verwaltung von Cookies<\/strong><\/p>\n<p>Zus\u00e4tzlich zu den o.g. Sicherheiten kann der Registervorgang von Cookies eine vorhergehende Annahme derselben w\u00e4hrend der Installation oder Aktualisierung des verwendeten Browsers voraussetzen &#8211; diese Annahme kann jederzeit durch die verf\u00fcgbaren Einstellungen zur Inhalts- und Datenschutzkonfigurierung widerrufen werden.<\/p>\n<p>Zahlreiche Browser erlauben einen Privatmodus zum automatischen L\u00f6schen der Cookies nach Beendigung des Anwenderbesuchs. Dieser Privatmodus erh\u00e4lt verschiedene Bezeichnungen abh\u00e4ngig vom jeweiligen Browser. Folgend wird eine Aufz\u00e4hlung herk\u00f6mmlicher Internet-Browser mit den jeweiligen Bezeichnungen f\u00fcr den o.g. Privatmodus.<\/p>\n<ul>\n<li><strong>Internet Explorer 8<\/strong>\u00a0und h\u00f6here Versionen; InPrivate<\/li>\n<li><strong>Opera 10.5<\/strong>\u00a0und h\u00f6here Versionen; Private Navegation<\/li>\n<li><strong>Google Chrome 10<\/strong>\u00a0und h\u00f6here Versionen; Incognito<\/li>\n<li><strong>Safari 2<\/strong>\u00a0und h\u00f6here Versionen; Private Navegation<\/li>\n<li><strong>FireFox 3.5<\/strong>\u00a0und h\u00f6here Versionen; Private Navegation<\/li>\n<\/ul>\n<p><strong>Wichtige Bemerkung:<\/strong>\u00a0Bitte lesen Sie den Hilfebereich Ihres Browsers mit Aufmerksamkeit, um mehr zur Einstellung des o.g. &#8220;Privatmodus&#8221; zu erfahren. Sie k\u00f6nnen unsere Websites weiterhin auch mit Ihrem Browser im &#8220;privaten Modus&#8221; besuchen; <strong>aber in solch einem Fall w\u00e4re das Durchsuchen unserer Website nicht optimal, und eventuell k\u00f6nnten einige Hilfsprogramme nicht mehr richtig funktionieren.<\/strong><\/p>\n<p><strong>Abschaltung der Cookie-Funktion auf den herk\u00f6mmlichen Browsern<\/strong><\/p>\n<p>Generell ist es m\u00f6glich, die automatische Annahme von Browser-Cookies zu sperren oder die Annahme von Cookies einer bestimmten Dienstleistung zu blockieren.<\/p>\n<p>Alle modernen Browser erm\u00f6glichen ihre Cookie-Politik einstellen. Diese Einstellungen sind in der Regel unter den &#8220;Optionen&#8221; oder &#8220;Einstellungen&#8221; im Browsermen\u00fc zu finden. Au\u00dferdem k\u00f6nnen Sie Ihren Browser oder Ihren E-Mail-Client konfigurieren sowie kostenlose Zusatzfunktionen installieren, um das Herunterladen von Web-Bugs beim \u00d6ffnen eines E-Mails zu verhindern.<\/p>\n<p>Die Webseite des Anbieters bietet dem Benutzer eine Anleitung \u00fcber den Zugriff auf das Konfigurationsmen\u00fc der Cookies und gegebenenfalls zum privaten Surfen in jedem der folgenden herk\u00f6mmlichen Browser an:<\/p>\n<ul>\n<li><strong>Internet Explorer:<\/strong>\u00a0Werkzeuge -&gt; Internetoptionen -&gt; Vertraulichkeit -&gt; Einstellungen<\/li>\n<li><strong>Firefox:<\/strong>\u00a0Werkzeuge -&gt; Optionen -&gt; Vertraulichkeit -&gt; Browsing-Geschichte -&gt; Individualisierte Einstellungen<\/li>\n<li><strong>Chrome:<\/strong>\u00a0Werkzeuge -&gt; Fortgeschrittene Optionen -&gt; Vertraulichkeit -&gt; Inhaltseinstellungen<\/li>\n<li><strong>Safari:<\/strong>\u00a0Einstellungen -&gt; Sicherheit<\/li>\n<\/ul>\n[\/vc_column_text][\/vc_column][\/vc_row]\n","protected":false},"excerpt":{"rendered":"<p>[vc_row type=&#8221;in_container&#8221; full_screen_row_position=&#8221;middle&#8221; scene_position=&#8221;center&#8221; text_color=&#8221;dark&#8221; text_align=&#8221;left&#8221; overlay_strength=&#8221;0.3&#8243; shape_divider_position=&#8221;bottom&#8221; bg_image_animation=&#8221;none&#8221;][vc_column column_padding=&#8221;no-extra-padding&#8221; column_padding_position=&#8221;all&#8221; background_color_opacity=&#8221;1&#8243; background_hover_color_opacity=&#8221;1&#8243; column_link_target=&#8221;_self&#8221; column_shadow=&#8221;none&#8221; column_border_radius=&#8221;none&#8221; width=&#8221;1\/1&#8243; tablet_width_inherit=&#8221;default&#8221; tablet_text_alignment=&#8221;default&#8221; phone_text_alignment=&#8221;default&#8221; column_border_width=&#8221;none&#8221; column_border_style=&#8221;solid&#8221; bg_image_animation=&#8221;none&#8221;][vc_column_text] AUSKUNFT \u00dcBER COOKIES MANAGEMENT DER COOKIES \u00a0&#8230;<\/p>\n","protected":false},"author":2,"featured_media":0,"parent":0,"menu_order":0,"comment_status":"closed","ping_status":"closed","template":"","meta":{"_acf_changed":false,"_monsterinsights_skip_tracking":false,"_monsterinsights_sitenote_active":false,"_monsterinsights_sitenote_note":"","_monsterinsights_sitenote_category":0,"footnotes":""},"class_list":["post-33815","page","type-page","status-publish"],"acf":[],"yoast_head":"<!-- This site is optimized with the Yoast SEO plugin v27.2 - https:\/\/yoast.com\/product\/yoast-seo-wordpress\/ -->\n<title>Cookies Policy - Biobizz<\/title>\n<meta name=\"robots\" content=\"noindex, nofollow\" \/>\n<meta property=\"og:locale\" content=\"de_DE\" \/>\n<meta property=\"og:type\" content=\"article\" \/>\n<meta property=\"og:title\" content=\"Cookies Policy - Biobizz\" \/>\n<meta property=\"og:description\" content=\"[vc_row type=&#8221;in_container&#8221; full_screen_row_position=&#8221;middle&#8221; scene_position=&#8221;center&#8221; text_color=&#8221;dark&#8221; text_align=&#8221;left&#8221; overlay_strength=&#8221;0.3&#8243; shape_divider_position=&#8221;bottom&#8221; bg_image_animation=&#8221;none&#8221;][vc_column column_padding=&#8221;no-extra-padding&#8221; column_padding_position=&#8221;all&#8221; background_color_opacity=&#8221;1&#8243; background_hover_color_opacity=&#8221;1&#8243; column_link_target=&#8221;_self&#8221; column_shadow=&#8221;none&#8221; column_border_radius=&#8221;none&#8221; width=&#8221;1\/1&#8243; tablet_width_inherit=&#8221;default&#8221; tablet_text_alignment=&#8221;default&#8221; phone_text_alignment=&#8221;default&#8221; column_border_width=&#8221;none&#8221; column_border_style=&#8221;solid&#8221; bg_image_animation=&#8221;none&#8221;][vc_column_text] AUSKUNFT \u00dcBER COOKIES MANAGEMENT DER COOKIES \u00a0...\" \/>\n<meta property=\"og:url\" content=\"https:\/\/biobizz.com\/de\/cookies-policy\/\" \/>\n<meta property=\"og:site_name\" content=\"Biobizz\" \/>\n<meta property=\"article:modified_time\" content=\"2023-09-26T07:52:08+00:00\" \/>\n<meta name=\"twitter:card\" content=\"summary_large_image\" \/>\n<meta name=\"twitter:label1\" content=\"Gesch\u00e4tzte Lesezeit\" \/>\n\t<meta name=\"twitter:data1\" content=\"4\u00a0Minuten\" \/>\n<script type=\"application\/ld+json\" class=\"yoast-schema-graph\">{\"@context\":\"https:\/\/schema.org\",\"@graph\":[{\"@type\":\"WebPage\",\"@id\":\"https:\/\/biobizz.com\/de\/cookies-policy\/\",\"url\":\"https:\/\/biobizz.com\/de\/cookies-policy\/\",\"name\":\"Cookies Policy - Biobizz\",\"isPartOf\":{\"@id\":\"https:\/\/biobizz.com\/de\/#website\"},\"datePublished\":\"2020-04-06T13:01:47+00:00\",\"dateModified\":\"2023-09-26T07:52:08+00:00\",\"breadcrumb\":{\"@id\":\"https:\/\/biobizz.com\/de\/cookies-policy\/#breadcrumb\"},\"inLanguage\":\"de\",\"potentialAction\":[{\"@type\":\"ReadAction\",\"target\":[\"https:\/\/biobizz.com\/de\/cookies-policy\/\"]}]},{\"@type\":\"BreadcrumbList\",\"@id\":\"https:\/\/biobizz.com\/de\/cookies-policy\/#breadcrumb\",\"itemListElement\":[{\"@type\":\"ListItem\",\"position\":1,\"name\":\"Portada\",\"item\":\"https:\/\/biobizz.com\/de\/\"},{\"@type\":\"ListItem\",\"position\":2,\"name\":\"Cookies Policy\"}]},{\"@type\":\"WebSite\",\"@id\":\"https:\/\/biobizz.com\/de\/#website\",\"url\":\"https:\/\/biobizz.com\/de\/\",\"name\":\"Biobizz\",\"description\":\"World Wide Organics\",\"publisher\":{\"@id\":\"https:\/\/biobizz.com\/de\/#organization\"},\"potentialAction\":[{\"@type\":\"SearchAction\",\"target\":{\"@type\":\"EntryPoint\",\"urlTemplate\":\"https:\/\/biobizz.com\/de\/?s={search_term_string}\"},\"query-input\":{\"@type\":\"PropertyValueSpecification\",\"valueRequired\":true,\"valueName\":\"search_term_string\"}}],\"inLanguage\":\"de\"},{\"@type\":\"Organization\",\"@id\":\"https:\/\/biobizz.com\/de\/#organization\",\"name\":\"Biobizz\",\"url\":\"https:\/\/biobizz.com\/de\/\",\"logo\":{\"@type\":\"ImageObject\",\"inLanguage\":\"de\",\"@id\":\"https:\/\/biobizz.com\/de\/#\/schema\/logo\/image\/\",\"url\":\"https:\/\/biobizz.com\/wp-content\/uploads\/2019\/09\/biobizz-logo-dark.png\",\"contentUrl\":\"https:\/\/biobizz.com\/wp-content\/uploads\/2019\/09\/biobizz-logo-dark.png\",\"width\":300,\"height\":67,\"caption\":\"Biobizz\"},\"image\":{\"@id\":\"https:\/\/biobizz.com\/de\/#\/schema\/logo\/image\/\"}}]}<\/script>\n<!-- \/ Yoast SEO plugin. -->","yoast_head_json":{"title":"Cookies Policy - Biobizz","robots":{"index":"noindex","follow":"nofollow"},"og_locale":"de_DE","og_type":"article","og_title":"Cookies Policy - Biobizz","og_description":"[vc_row type=&#8221;in_container&#8221; full_screen_row_position=&#8221;middle&#8221; scene_position=&#8221;center&#8221; text_color=&#8221;dark&#8221; text_align=&#8221;left&#8221; overlay_strength=&#8221;0.3&#8243; shape_divider_position=&#8221;bottom&#8221; bg_image_animation=&#8221;none&#8221;][vc_column column_padding=&#8221;no-extra-padding&#8221; column_padding_position=&#8221;all&#8221; background_color_opacity=&#8221;1&#8243; background_hover_color_opacity=&#8221;1&#8243; column_link_target=&#8221;_self&#8221; column_shadow=&#8221;none&#8221; column_border_radius=&#8221;none&#8221; width=&#8221;1\/1&#8243; tablet_width_inherit=&#8221;default&#8221; tablet_text_alignment=&#8221;default&#8221; phone_text_alignment=&#8221;default&#8221; column_border_width=&#8221;none&#8221; column_border_style=&#8221;solid&#8221; bg_image_animation=&#8221;none&#8221;][vc_column_text] AUSKUNFT \u00dcBER COOKIES MANAGEMENT DER COOKIES \u00a0...","og_url":"https:\/\/biobizz.com\/de\/cookies-policy\/","og_site_name":"Biobizz","article_modified_time":"2023-09-26T07:52:08+00:00","twitter_card":"summary_large_image","twitter_misc":{"Gesch\u00e4tzte Lesezeit":"4\u00a0Minuten"},"schema":{"@context":"https:\/\/schema.org","@graph":[{"@type":"WebPage","@id":"https:\/\/biobizz.com\/de\/cookies-policy\/","url":"https:\/\/biobizz.com\/de\/cookies-policy\/","name":"Cookies Policy - Biobizz","isPartOf":{"@id":"https:\/\/biobizz.com\/de\/#website"},"datePublished":"2020-04-06T13:01:47+00:00","dateModified":"2023-09-26T07:52:08+00:00","breadcrumb":{"@id":"https:\/\/biobizz.com\/de\/cookies-policy\/#breadcrumb"},"inLanguage":"de","potentialAction":[{"@type":"ReadAction","target":["https:\/\/biobizz.com\/de\/cookies-policy\/"]}]},{"@type":"BreadcrumbList","@id":"https:\/\/biobizz.com\/de\/cookies-policy\/#breadcrumb","itemListElement":[{"@type":"ListItem","position":1,"name":"Portada","item":"https:\/\/biobizz.com\/de\/"},{"@type":"ListItem","position":2,"name":"Cookies Policy"}]},{"@type":"WebSite","@id":"https:\/\/biobizz.com\/de\/#website","url":"https:\/\/biobizz.com\/de\/","name":"Biobizz","description":"World Wide Organics","publisher":{"@id":"https:\/\/biobizz.com\/de\/#organization"},"potentialAction":[{"@type":"SearchAction","target":{"@type":"EntryPoint","urlTemplate":"https:\/\/biobizz.com\/de\/?s={search_term_string}"},"query-input":{"@type":"PropertyValueSpecification","valueRequired":true,"valueName":"search_term_string"}}],"inLanguage":"de"},{"@type":"Organization","@id":"https:\/\/biobizz.com\/de\/#organization","name":"Biobizz","url":"https:\/\/biobizz.com\/de\/","logo":{"@type":"ImageObject","inLanguage":"de","@id":"https:\/\/biobizz.com\/de\/#\/schema\/logo\/image\/","url":"https:\/\/biobizz.com\/wp-content\/uploads\/2019\/09\/biobizz-logo-dark.png","contentUrl":"https:\/\/biobizz.com\/wp-content\/uploads\/2019\/09\/biobizz-logo-dark.png","width":300,"height":67,"caption":"Biobizz"},"image":{"@id":"https:\/\/biobizz.com\/de\/#\/schema\/logo\/image\/"}}]}},"_links":{"self":[{"href":"https:\/\/biobizz.com\/de\/wp-json\/wp\/v2\/pages\/33815","targetHints":{"allow":["GET"]}}],"collection":[{"href":"https:\/\/biobizz.com\/de\/wp-json\/wp\/v2\/pages"}],"about":[{"href":"https:\/\/biobizz.com\/de\/wp-json\/wp\/v2\/types\/page"}],"author":[{"embeddable":true,"href":"https:\/\/biobizz.com\/de\/wp-json\/wp\/v2\/users\/2"}],"replies":[{"embeddable":true,"href":"https:\/\/biobizz.com\/de\/wp-json\/wp\/v2\/comments?post=33815"}],"version-history":[{"count":2,"href":"https:\/\/biobizz.com\/de\/wp-json\/wp\/v2\/pages\/33815\/revisions"}],"predecessor-version":[{"id":33817,"href":"https:\/\/biobizz.com\/de\/wp-json\/wp\/v2\/pages\/33815\/revisions\/33817"}],"wp:attachment":[{"href":"https:\/\/biobizz.com\/de\/wp-json\/wp\/v2\/media?parent=33815"}],"curies":[{"name":"wp","href":"https:\/\/api.w.org\/{rel}","templated":true}]}}