{"id":33768,"date":"2019-06-20T09:51:13","date_gmt":"2019-06-20T07:51:13","guid":{"rendered":"https:\/\/biobizz.com\/privacy-policy\/"},"modified":"2023-09-26T09:50:21","modified_gmt":"2023-09-26T07:50:21","slug":"privacy-policy","status":"publish","type":"page","link":"https:\/\/biobizz.com\/de\/privacy-policy\/","title":{"rendered":"Privacy Policy"},"content":{"rendered":"[vc_row type=&#8221;in_container&#8221; full_screen_row_position=&#8221;middle&#8221; scene_position=&#8221;center&#8221; text_color=&#8221;dark&#8221; text_align=&#8221;left&#8221; overlay_strength=&#8221;0.3&#8243; shape_divider_position=&#8221;bottom&#8221; bg_image_animation=&#8221;none&#8221;][vc_column column_padding=&#8221;no-extra-padding&#8221; column_padding_position=&#8221;all&#8221; background_color_opacity=&#8221;1&#8243; background_hover_color_opacity=&#8221;1&#8243; column_link_target=&#8221;_self&#8221; column_shadow=&#8221;none&#8221; column_border_radius=&#8221;none&#8221; width=&#8221;1\/1&#8243; tablet_width_inherit=&#8221;default&#8221; tablet_text_alignment=&#8221;default&#8221; phone_text_alignment=&#8221;default&#8221; column_border_width=&#8221;none&#8221; column_border_style=&#8221;solid&#8221; bg_image_animation=&#8221;none&#8221;][vc_column_text]\n<h2><strong>DATENSCHUTZPOLITIK<\/strong><\/h2>\n<p><strong>\u00a0<\/strong><\/p>\n<p>Diese DATENSCHUTZPOLITIK ist Bestandteil des rechtlichen Hinweises vom Website: <a href=\"https:\/\/biobizz.com\/es\">www.biobizz.com\/es<\/a> (fortan \u201c<strong>Website<\/strong>\u201d).<\/p>\n<p>Diese Datenschutzpolitik kann jederzeit aus rechtlichen bzw. regulatorischen Gr\u00fcnden, auch aus einem technischen Grund oder wegen \u00c4nderungen an der Dienstleistungserbringung des Websites ge\u00e4ndert werden. Sollte dies der Fall sein, werden Sie durch Ver\u00f6ffentlichung im Website bzw. durch eine Meldung an Ihre elektronische Mailadresse informiert. Wenn Sie die Dienste der Website weiterhin nutzen, ist zu verstehen, dass die vorgenommenen \u00c4nderungen von Ihnen akzeptiert worden sind.<\/p>\n<ul>\n<li><strong>Wer ist f\u00fcr die Verarbeitung Ihrer personenbezogenen Daten verantwortlich?<\/strong><\/li>\n<\/ul>\n<table>\n<tbody>\n<tr>\n<td width=\"104\">Verantwortlicher Ansprechpartner:<\/td>\n<td width=\"283\">BIOBIZZ WORLDWIDE, S.L. (fortan \u201c<strong>BIOBIZZ<\/strong>\u201d)<\/td>\n<\/tr>\n<tr>\n<td width=\"104\">MWSt.-Id.-Nr.<\/td>\n<td width=\"283\">B-98076631<\/td>\n<\/tr>\n<tr>\n<td width=\"104\">Sitz<\/td>\n<td width=\"283\">Pol\u00edgono Industrial Lezama-Leguizam\u00f3n (Industriegebiet), C\/ Gorbeian\u00ba 11, (48450) Etxebarri \u2013 Bizkaia.<\/td>\n<\/tr>\n<tr>\n<td width=\"104\">E-mail<\/td>\n<td width=\"283\"><u>info@biobizz.com<\/u><\/td>\n<\/tr>\n<tr>\n<td width=\"104\">Telefon<\/td>\n<td width=\"283\">+34 944 657 951<\/td>\n<\/tr>\n<\/tbody>\n<\/table>\n<p>&nbsp;<\/p>\n<ul>\n<li><strong>Wozu werden Ihre personenbezogenen Daten eigentlich verarbeitet?<\/strong><\/li>\n<\/ul>\n<p>In Erf\u00fcllung der geltenden Vorschriften auf dem Bereich des Schutzes von personenbezogenen Daten teilen wir Ihnen mit, dass diese personenbezogenen Daten von BIOBIZZ nur mit dem Zweck eines ordnungsgem\u00e4\u00dfen Managements der zwischen diesem Website und seinen Anwendern bestehenden Beziehung verarbeitet werden.<\/p>\n<p>In gleicher Weise behandelt BIOBIZZ personenbezogene Daten, die zur Verwaltung der Anfragen von den Anwendern dieses Websites zur Verf\u00fcgung gestellt werden, sowie, in jenen F\u00e4llen, wo ausdr\u00fccklich damit einverstanden wird, Werbe- und \/ oder Werbeinformationen zu Verf\u00fcgung zu stellen in Verbindung mit der T\u00e4tigkeit, mit Produkten bzw. Dienstleistungen von BIOBIZZ, durch verschiedene Wege (einschlie\u00dflich SMS oder E-Mail) und Unterlagen verschiedenartiger Natur, die f\u00fcr den Benutzer interessant oder von Nutzen sein k\u00f6nnen.<\/p>\n<p>H\u00e4tten Sie das Formular des Websites vollst\u00e4ndig ausgef\u00fcllt haben, werden diese personbezogenen Daten mit dem Zweck verarbeitet, Informationen zu erweitern oder eine Art von Zusammenarbeit mit uns m\u00f6glich zu machen.<\/p>\n<p>In dieser Hinsicht wird von uns angenommen, dass wenn Sie sich nicht der Verarbeitung Ihrer Daten widersetzen oder sie ausdr\u00fccklich l\u00f6schen, dann sind Sie an eine Fortsetzung der Verarbeitung interessiert, solange BIOBIZZ dies im Rahmen einer verwendungszweckabh\u00e4ngigen Behandlung der Daten f\u00fcr angemessen h\u00e4lt.<\/p>\n<ul>\n<li><strong>Wie lange bleiben die Daten gespeichert?<\/strong><\/li>\n<\/ul>\n<p>Ihre personenbezogenen Daten bleiben solange gespeichert, wie es zum Erreichen des Verwendungszweckes notwendig w\u00e4re, sowie um eventuelle Verpflichtungen in Verbindung mit den vom Anwender eingebenen Daten oder sonstige gesetzlichen Vorschriften zu erf\u00fcllen.<\/p>\n<p>In dieser Hinsicht wird von uns angenommen, dass wenn Sie sich nicht der Verarbeitung Ihrer Daten widersetzen oder sie ausdr\u00fccklich l\u00f6schen, dann sind Sie an eine Fortsetzung der Verarbeitung interessiert, solange BIOBIZZ dies im Rahmen einer verwendungszweckabh\u00e4ngigen Behandlung der Daten f\u00fcr angemessen h\u00e4lt.<\/p>\n<ul>\n<li><strong>Welche Legitimierung gibt es zur Behandlung Ihrer Daten?<\/strong><\/li>\n<\/ul>\n<p>Rechtliche Grundlage zur Behandlung Ihrer personenbezogenen Daten ist die Zustimmung, die Sie bei der Annahme vorstehender Datenschutzpolitik vor Eingabe oder Zurverf\u00fcgungstellung der o.g. Daten erteilt haben.<\/p>\n<p>Die angeforderten Daten sind zweckm\u00e4\u00dfig, dienlich und unbedingt n\u00f6tig &#8211; Keinesfalls sind Sie verpflichtet, uns diese zur Verf\u00fcgung zu stellen, aber durch eine Nichtmitteilung kann der Zweck der Dienstleistung beeintr\u00e4chtigt werden, oder eine Erbringung derselben gar unm\u00f6glich sein.<\/p>\n<ul>\n<li><strong>An welche Empf\u00e4nger werden Ihre Daten mitgeteilt?<\/strong><\/li>\n<\/ul>\n<p>BIOBIZZ stellt Ihre Daten keinem Dritten zu Verf\u00fcgung, es sei denn, dass eine vorherige Information erfolgt worden ist oder eine gesetzliche Pflicht dazu gibt.<\/p>\n<ul>\n<li><strong>Welche Rechte haben Sie? <\/strong><\/li>\n<\/ul>\n<p>BIOBIZZ informiert Sie, dass Ihnen im Rahmen des Gesetzes zum Schutz von personenbezogenen Daten folgende Rechte als Eigent\u00fcmer bzw. interessierte Partei entsprechen:<\/p>\n<ul>\n<li>Recht auf Zugang an personenbezogene Daten der interessierten Partei<\/li>\n<li>Recht auf Berichtigung<\/li>\n<li>Recht auf L\u00f6schung<\/li>\n<li>Recht auf Widerspruch<\/li>\n<li>Recht auf Verlangen einer beschr\u00e4nkten Verarbeitung<\/li>\n<li>Recht auf Datenportabilit\u00e4t<\/li>\n<\/ul>\n<p>Sie k\u00f6nnen Ihre Rechte auf Schutz von personenbezogenen Daten durch schriftliche Mitteilung an den Sitz der BIOBIZZ oder an die zu diesem Zweck habilitierte Email-Adresse, info@biobizz.com, aus\u00fcben &#8211; in beiden F\u00e4llen ist eine Ablichtung Ihres Personenausweises oder gleichwertiges Ausweisdokument beizuf\u00fcgen.<\/p>\n<p>Dazu informieren wir Sie \u00fcber folgendes: Sie Verf\u00fcgen auf die entsprechenden Formulare, Modelle, Drucksachen usw. sowie zus\u00e4tzliche Information \u00fcber Ihre Rechte beim Website der f\u00fcr das spanische Staatsgebiet zust\u00e4ndigen Beh\u00f6rde, der Spanischen Agentur zum Schutz von Personenbezogenen Daten (<a href=\"http:\/\/www.agpd.es\/\">www.agpd.es<\/a>).<\/p>\n<ul>\n<li><strong>Verwendung des Webformulars <\/strong><\/li>\n<\/ul>\n<p><strong>\u00a0<\/strong>BIOBIZZ informiert Sie, dass die Verwendung unseres Formulars zur Eingabe personenbezogener Daten keiner Person unter dem Alter von 14 Jahre gestattet ist; durch Annahme dieser Datenschutzpolitik erkl\u00e4ren Sie, dass Sie bei der \u00dcbertragung der Informationen \u00e4lter als 14 Jahre sind und f\u00fcr den Inhalt jeder abgegebenen Erkl\u00e4rung voll und ganz verantwortlich sind.<\/p>\n<p>Sollten Sie das Formular dieses Webs zur \u00dcbertragung von Informationen benutzen, bitten wir um Eingabe von wahrhaftigen, vollst\u00e4ndigen, genauen und jedenfalls auf den neuesten Stand gebrachten Informationen.<\/p>\n<ul>\n<li><strong>Welche Sicherheitsma\u00dfnahmen sind von BIOBIZZ eingeleitet worden? <\/strong><\/li>\n<\/ul>\n<p>Mit dem Zweck, Ihre personenbezogene Daten sicher zu speichern, informieren wir Sie, dass BIOBIZZ alle notwendigen technischen und organisatorischen Ma\u00dfnahmen trifft, um die Sicherheit der zur Verf\u00fcgung gestellten personenbezogenen Daten zu gew\u00e4hrleisten. All dies um Ver\u00e4nderungen, Verluste bzw. unsachgem\u00e4\u00dfe Behandlung sowie unberechtigte Zugriffe auszuschlie\u00dfen, im Einklang mit den geltenden Vorschriften &#8211; Trotzdem ist zu betonen, dass absolute Sicherheitsverh\u00e4ltnisse nicht existieren.<\/p>\n<p>Ebenso teilt BIOBIZZ Ihnen, dass alle Mitarbeiter dieses Hauses, unabh\u00e4ngig von der Stufe der Datenverarbeitung, in die der Anwender eingreift, den Kompromi\u00df eingehen, Ihre Daten mit gr\u00f6\u00dfter Sorgfalt und streng vertraulich zu behandeln. Wir erinnern Sie daran, dass weder BIOBIZZ noch ihre Mitarbeiter Ihre Daten an Dritte \u00fcbertragen werden, mit Ausnahme jener F\u00e4lle, wo dies aus gesetzlichen Gr\u00fcnden erforderlich w\u00e4re oder bei Vorhandensein einer ausdr\u00fccklichen Zustimmung Ihrerseits.[\/vc_column_text][\/vc_column][\/vc_row]\n","protected":false},"excerpt":{"rendered":"<p>[vc_row type=&#8221;in_container&#8221; full_screen_row_position=&#8221;middle&#8221; scene_position=&#8221;center&#8221; text_color=&#8221;dark&#8221; text_align=&#8221;left&#8221; overlay_strength=&#8221;0.3&#8243; shape_divider_position=&#8221;bottom&#8221; bg_image_animation=&#8221;none&#8221;][vc_column column_padding=&#8221;no-extra-padding&#8221; column_padding_position=&#8221;all&#8221; background_color_opacity=&#8221;1&#8243; background_hover_color_opacity=&#8221;1&#8243; column_link_target=&#8221;_self&#8221; column_shadow=&#8221;none&#8221; column_border_radius=&#8221;none&#8221; width=&#8221;1\/1&#8243; tablet_width_inherit=&#8221;default&#8221; tablet_text_alignment=&#8221;default&#8221; phone_text_alignment=&#8221;default&#8221; column_border_width=&#8221;none&#8221; column_border_style=&#8221;solid&#8221; bg_image_animation=&#8221;none&#8221;][vc_column_text] DATENSCHUTZPOLITIK \u00a0 Diese DATENSCHUTZPOLITIK ist Bestandteil des&#8230;<\/p>\n","protected":false},"author":4,"featured_media":0,"parent":0,"menu_order":0,"comment_status":"closed","ping_status":"closed","template":"","meta":{"_acf_changed":false,"_monsterinsights_skip_tracking":false,"_monsterinsights_sitenote_active":false,"_monsterinsights_sitenote_note":"","_monsterinsights_sitenote_category":0,"footnotes":""},"class_list":["post-33768","page","type-page","status-publish"],"acf":[],"yoast_head":"<!-- This site is optimized with the Yoast SEO plugin v27.2 - https:\/\/yoast.com\/product\/yoast-seo-wordpress\/ -->\n<title>Privacy Policy - Biobizz<\/title>\n<meta name=\"robots\" content=\"noindex, nofollow\" \/>\n<meta property=\"og:locale\" content=\"de_DE\" \/>\n<meta property=\"og:type\" content=\"article\" \/>\n<meta property=\"og:title\" content=\"Privacy Policy - Biobizz\" \/>\n<meta property=\"og:description\" content=\"[vc_row type=&#8221;in_container&#8221; full_screen_row_position=&#8221;middle&#8221; scene_position=&#8221;center&#8221; text_color=&#8221;dark&#8221; text_align=&#8221;left&#8221; overlay_strength=&#8221;0.3&#8243; shape_divider_position=&#8221;bottom&#8221; bg_image_animation=&#8221;none&#8221;][vc_column column_padding=&#8221;no-extra-padding&#8221; column_padding_position=&#8221;all&#8221; background_color_opacity=&#8221;1&#8243; background_hover_color_opacity=&#8221;1&#8243; column_link_target=&#8221;_self&#8221; column_shadow=&#8221;none&#8221; column_border_radius=&#8221;none&#8221; width=&#8221;1\/1&#8243; tablet_width_inherit=&#8221;default&#8221; tablet_text_alignment=&#8221;default&#8221; phone_text_alignment=&#8221;default&#8221; column_border_width=&#8221;none&#8221; column_border_style=&#8221;solid&#8221; bg_image_animation=&#8221;none&#8221;][vc_column_text] DATENSCHUTZPOLITIK \u00a0 Diese DATENSCHUTZPOLITIK ist Bestandteil des...\" \/>\n<meta property=\"og:url\" content=\"https:\/\/biobizz.com\/de\/privacy-policy\/\" \/>\n<meta property=\"og:site_name\" content=\"Biobizz\" \/>\n<meta property=\"article:modified_time\" content=\"2023-09-26T07:50:21+00:00\" \/>\n<meta name=\"twitter:card\" content=\"summary_large_image\" \/>\n<meta name=\"twitter:label1\" content=\"Gesch\u00e4tzte Lesezeit\" \/>\n\t<meta name=\"twitter:data1\" content=\"4\u00a0Minuten\" \/>\n<script type=\"application\/ld+json\" class=\"yoast-schema-graph\">{\"@context\":\"https:\/\/schema.org\",\"@graph\":[{\"@type\":\"WebPage\",\"@id\":\"https:\/\/biobizz.com\/de\/privacy-policy\/\",\"url\":\"https:\/\/biobizz.com\/de\/privacy-policy\/\",\"name\":\"Privacy Policy - Biobizz\",\"isPartOf\":{\"@id\":\"https:\/\/biobizz.com\/de\/#website\"},\"datePublished\":\"2019-06-20T07:51:13+00:00\",\"dateModified\":\"2023-09-26T07:50:21+00:00\",\"breadcrumb\":{\"@id\":\"https:\/\/biobizz.com\/de\/privacy-policy\/#breadcrumb\"},\"inLanguage\":\"de\",\"potentialAction\":[{\"@type\":\"ReadAction\",\"target\":[\"https:\/\/biobizz.com\/de\/privacy-policy\/\"]}]},{\"@type\":\"BreadcrumbList\",\"@id\":\"https:\/\/biobizz.com\/de\/privacy-policy\/#breadcrumb\",\"itemListElement\":[{\"@type\":\"ListItem\",\"position\":1,\"name\":\"Portada\",\"item\":\"https:\/\/biobizz.com\/de\/\"},{\"@type\":\"ListItem\",\"position\":2,\"name\":\"Privacy Policy\"}]},{\"@type\":\"WebSite\",\"@id\":\"https:\/\/biobizz.com\/de\/#website\",\"url\":\"https:\/\/biobizz.com\/de\/\",\"name\":\"Biobizz\",\"description\":\"World Wide Organics\",\"publisher\":{\"@id\":\"https:\/\/biobizz.com\/de\/#organization\"},\"potentialAction\":[{\"@type\":\"SearchAction\",\"target\":{\"@type\":\"EntryPoint\",\"urlTemplate\":\"https:\/\/biobizz.com\/de\/?s={search_term_string}\"},\"query-input\":{\"@type\":\"PropertyValueSpecification\",\"valueRequired\":true,\"valueName\":\"search_term_string\"}}],\"inLanguage\":\"de\"},{\"@type\":\"Organization\",\"@id\":\"https:\/\/biobizz.com\/de\/#organization\",\"name\":\"Biobizz\",\"url\":\"https:\/\/biobizz.com\/de\/\",\"logo\":{\"@type\":\"ImageObject\",\"inLanguage\":\"de\",\"@id\":\"https:\/\/biobizz.com\/de\/#\/schema\/logo\/image\/\",\"url\":\"https:\/\/biobizz.com\/wp-content\/uploads\/2019\/09\/biobizz-logo-dark.png\",\"contentUrl\":\"https:\/\/biobizz.com\/wp-content\/uploads\/2019\/09\/biobizz-logo-dark.png\",\"width\":300,\"height\":67,\"caption\":\"Biobizz\"},\"image\":{\"@id\":\"https:\/\/biobizz.com\/de\/#\/schema\/logo\/image\/\"}}]}<\/script>\n<!-- \/ Yoast SEO plugin. -->","yoast_head_json":{"title":"Privacy Policy - Biobizz","robots":{"index":"noindex","follow":"nofollow"},"og_locale":"de_DE","og_type":"article","og_title":"Privacy Policy - Biobizz","og_description":"[vc_row type=&#8221;in_container&#8221; full_screen_row_position=&#8221;middle&#8221; scene_position=&#8221;center&#8221; text_color=&#8221;dark&#8221; text_align=&#8221;left&#8221; overlay_strength=&#8221;0.3&#8243; shape_divider_position=&#8221;bottom&#8221; bg_image_animation=&#8221;none&#8221;][vc_column column_padding=&#8221;no-extra-padding&#8221; column_padding_position=&#8221;all&#8221; background_color_opacity=&#8221;1&#8243; background_hover_color_opacity=&#8221;1&#8243; column_link_target=&#8221;_self&#8221; column_shadow=&#8221;none&#8221; column_border_radius=&#8221;none&#8221; width=&#8221;1\/1&#8243; tablet_width_inherit=&#8221;default&#8221; tablet_text_alignment=&#8221;default&#8221; phone_text_alignment=&#8221;default&#8221; column_border_width=&#8221;none&#8221; column_border_style=&#8221;solid&#8221; bg_image_animation=&#8221;none&#8221;][vc_column_text] DATENSCHUTZPOLITIK \u00a0 Diese DATENSCHUTZPOLITIK ist Bestandteil des...","og_url":"https:\/\/biobizz.com\/de\/privacy-policy\/","og_site_name":"Biobizz","article_modified_time":"2023-09-26T07:50:21+00:00","twitter_card":"summary_large_image","twitter_misc":{"Gesch\u00e4tzte Lesezeit":"4\u00a0Minuten"},"schema":{"@context":"https:\/\/schema.org","@graph":[{"@type":"WebPage","@id":"https:\/\/biobizz.com\/de\/privacy-policy\/","url":"https:\/\/biobizz.com\/de\/privacy-policy\/","name":"Privacy Policy - Biobizz","isPartOf":{"@id":"https:\/\/biobizz.com\/de\/#website"},"datePublished":"2019-06-20T07:51:13+00:00","dateModified":"2023-09-26T07:50:21+00:00","breadcrumb":{"@id":"https:\/\/biobizz.com\/de\/privacy-policy\/#breadcrumb"},"inLanguage":"de","potentialAction":[{"@type":"ReadAction","target":["https:\/\/biobizz.com\/de\/privacy-policy\/"]}]},{"@type":"BreadcrumbList","@id":"https:\/\/biobizz.com\/de\/privacy-policy\/#breadcrumb","itemListElement":[{"@type":"ListItem","position":1,"name":"Portada","item":"https:\/\/biobizz.com\/de\/"},{"@type":"ListItem","position":2,"name":"Privacy Policy"}]},{"@type":"WebSite","@id":"https:\/\/biobizz.com\/de\/#website","url":"https:\/\/biobizz.com\/de\/","name":"Biobizz","description":"World Wide Organics","publisher":{"@id":"https:\/\/biobizz.com\/de\/#organization"},"potentialAction":[{"@type":"SearchAction","target":{"@type":"EntryPoint","urlTemplate":"https:\/\/biobizz.com\/de\/?s={search_term_string}"},"query-input":{"@type":"PropertyValueSpecification","valueRequired":true,"valueName":"search_term_string"}}],"inLanguage":"de"},{"@type":"Organization","@id":"https:\/\/biobizz.com\/de\/#organization","name":"Biobizz","url":"https:\/\/biobizz.com\/de\/","logo":{"@type":"ImageObject","inLanguage":"de","@id":"https:\/\/biobizz.com\/de\/#\/schema\/logo\/image\/","url":"https:\/\/biobizz.com\/wp-content\/uploads\/2019\/09\/biobizz-logo-dark.png","contentUrl":"https:\/\/biobizz.com\/wp-content\/uploads\/2019\/09\/biobizz-logo-dark.png","width":300,"height":67,"caption":"Biobizz"},"image":{"@id":"https:\/\/biobizz.com\/de\/#\/schema\/logo\/image\/"}}]}},"_links":{"self":[{"href":"https:\/\/biobizz.com\/de\/wp-json\/wp\/v2\/pages\/33768","targetHints":{"allow":["GET"]}}],"collection":[{"href":"https:\/\/biobizz.com\/de\/wp-json\/wp\/v2\/pages"}],"about":[{"href":"https:\/\/biobizz.com\/de\/wp-json\/wp\/v2\/types\/page"}],"author":[{"embeddable":true,"href":"https:\/\/biobizz.com\/de\/wp-json\/wp\/v2\/users\/4"}],"replies":[{"embeddable":true,"href":"https:\/\/biobizz.com\/de\/wp-json\/wp\/v2\/comments?post=33768"}],"version-history":[{"count":5,"href":"https:\/\/biobizz.com\/de\/wp-json\/wp\/v2\/pages\/33768\/revisions"}],"predecessor-version":[{"id":34821,"href":"https:\/\/biobizz.com\/de\/wp-json\/wp\/v2\/pages\/33768\/revisions\/34821"}],"wp:attachment":[{"href":"https:\/\/biobizz.com\/de\/wp-json\/wp\/v2\/media?parent=33768"}],"curies":[{"name":"wp","href":"https:\/\/api.w.org\/{rel}","templated":true}]}}