{"id":15255,"date":"2019-09-19T11:23:37","date_gmt":"2019-09-19T09:23:37","guid":{"rendered":"http:\/\/www.redefinekeys.com\/desarrollo\/biobizz\/?page_id=15255"},"modified":"2021-09-21T11:09:15","modified_gmt":"2021-09-21T09:09:15","slug":"ueber-biobizz","status":"publish","type":"page","link":"https:\/\/biobizz.com\/de\/ueber-biobizz\/","title":{"rendered":"\u00dcber Biobizz"},"content":{"rendered":"[vc_row type=&#8221;full_width_background&#8221; full_screen_row_position=&#8221;middle&#8221; scene_position=&#8221;center&#8221; text_color=&#8221;dark&#8221; text_align=&#8221;left&#8221; overlay_strength=&#8221;0.3&#8243; shape_divider_position=&#8221;bottom&#8221; bg_image_animation=&#8221;none&#8221;][vc_column column_padding=&#8221;no-extra-padding&#8221; column_padding_position=&#8221;all&#8221; background_color_opacity=&#8221;1&#8243; background_hover_color_opacity=&#8221;1&#8243; column_link_target=&#8221;_self&#8221; column_shadow=&#8221;none&#8221; column_border_radius=&#8221;none&#8221; width=&#8221;1\/1&#8243; tablet_width_inherit=&#8221;default&#8221; tablet_text_alignment=&#8221;default&#8221; phone_text_alignment=&#8221;default&#8221; column_border_width=&#8221;none&#8221; column_border_style=&#8221;solid&#8221; bg_image_animation=&#8221;none&#8221;][page_submenu alignment=&#8221;center&#8221; bg_color=&#8221;#322422&#8243; link_color=&#8221;#ffffff&#8221;][page_link link_url=&#8221;#introduccion&#8221; title=&#8221;Einleitung&#8221; id=&#8221;1632215230563-6&#8243; tab_id=&#8221;1632215230564-1&#8243;] [\/page_link][page_link link_url=&#8221;#compromisos&#8221; title=&#8221;Unsere Vision\/Mission&#8221; id=&#8221;1632215230869-4&#8243; tab_id=&#8221;1632215230870-1&#8243;] [\/page_link][page_link link_url=&#8221;#personas&#8221; title=&#8221;Unser Ziel&#8221; id=&#8221;1632215230924-5&#8243; tab_id=&#8221;1632215230926-2&#8243;] [\/page_link][\/page_submenu][\/vc_column][\/vc_row][vc_row type=&#8221;full_width_background&#8221; full_screen_row_position=&#8221;middle&#8221; bg_color=&#8221;#ffffff&#8221; scene_position=&#8221;center&#8221; text_color=&#8221;dark&#8221; text_align=&#8221;left&#8221; top_padding=&#8221;5%&#8221; bottom_padding=&#8221;5%&#8221; id=&#8221;introduccion&#8221; enable_gradient=&#8221;true&#8221; color_overlay=&#8221;#bfbfbf&#8221; gradient_direction=&#8221;left_to_right&#8221; overlay_strength=&#8221;0.3&#8243; shape_divider_position=&#8221;bottom&#8221; bg_image_animation=&#8221;none&#8221; shape_type=&#8221;&#8221;][vc_column column_padding=&#8221;padding-2-percent&#8221; column_padding_position=&#8221;all&#8221; background_color_opacity=&#8221;1&#8243; background_hover_color_opacity=&#8221;1&#8243; column_link_target=&#8221;_self&#8221; column_shadow=&#8221;none&#8221; column_border_radius=&#8221;none&#8221; width=&#8221;1\/1&#8243; tablet_width_inherit=&#8221;default&#8221; tablet_text_alignment=&#8221;default&#8221; phone_text_alignment=&#8221;default&#8221; column_border_width=&#8221;none&#8221; column_border_style=&#8221;solid&#8221; bg_image_animation=&#8221;none&#8221;][split_line_heading]\n<h2>Biobizz bringt organisch Anbau in alle Winkel der Welt<\/h2>\n[\/split_line_heading][vc_row_inner column_margin=&#8221;default&#8221; top_padding=&#8221;15&#8243; bottom_padding=&#8221;25&#8243; text_align=&#8221;left&#8221;][vc_column_inner column_padding=&#8221;no-extra-padding&#8221; column_padding_position=&#8221;all&#8221; background_color_opacity=&#8221;1&#8243; background_hover_color_opacity=&#8221;1&#8243; column_shadow=&#8221;none&#8221; column_border_radius=&#8221;none&#8221; column_link_target=&#8221;_self&#8221; width=&#8221;1\/1&#8243; tablet_width_inherit=&#8221;default&#8221; column_border_width=&#8221;none&#8221; column_border_style=&#8221;solid&#8221; bg_image_animation=&#8221;none&#8221; enable_animation=&#8221;true&#8221; animation=&#8221;fade-in-from-bottom&#8221;][vc_column_text]Biobizz World Wide Organics produziert und exportiert organische D\u00fcngemittel und garantiert h\u00f6chste Qualit\u00e4t bei allen Produkten und beim Ergebnis, das die Z\u00fcchter bei der Verwendung dieser Produkte erhalten.[\/vc_column_text][\/vc_column_inner][\/vc_row_inner][vc_column_text css=&#8221;.vc_custom_1569841416051{margin-bottom: 18px !important;}&#8221;]\n<h5>Unsere Vision: Die Erde<\/h5>\n[\/vc_column_text][vc_column_text css=&#8221;.vc_custom_1569841425206{margin-bottom: 18px !important;}&#8221;]Unsere Philosophie ist einfach: Organische Landwirtschaft soll so viele Menschen wie m\u00f6glich erreichen, um die Folgen f\u00fcr die Welt, in der wir leben, auf ein Minimum zu reduzieren.<\/p>\n<p>Seit wir 1992 mit der Produktion organischer Produkte begannen, ist es unser Ziel, nachhaltige Landwirtschaft zu erzeugen, Selbstversorgung zu f\u00f6rdern und unterstreichen, wie wichtig es ist, mit nat\u00fcrlichen Produkten und Methoden alles zu erhalten, was wir brauchen.[\/vc_column_text][divider line_type=&#8221;No Line&#8221; custom_height=&#8221;20&#8243;][vc_column_text css=&#8221;.vc_custom_1579086848794{margin-bottom: 18px !important;}&#8221;]\n<h5>Unsere Mission: Nachhaltige Landwirtshaft f\u00f6rdern seit 1992<\/h5>\n[\/vc_column_text][vc_column_text css=&#8221;.vc_custom_1632215346144{margin-bottom: 18px !important;}&#8221;]Biobizz wurde 1992 in Groningen, Niederlande, geboren. Zu dieser Zeit war es ein kleines Familienunternehmen mit einer kleinen Produktlinie, aber die DNA der Produkte war bereits sehr deutlich.<\/p>\n<p>Seitdem w\u00e4chst Biobizz immer weiter. Heute sind wir in 70 verschiedenen L\u00e4ndern aktiv, aber es f\u00fchlt sich noch immer so an, als ob man Teil einer Familie sei, weil alle Teammitglieder sich kennen und zusammenarbeiten, um daf\u00fcr zu sorgen, dass Biobizz auch weiterhin ein marktf\u00fchrendes Unternehmen im Sektor ist[\/vc_column_text][\/vc_column][\/vc_row][vc_row type=&#8221;full_width_background&#8221; full_screen_row_position=&#8221;middle&#8221; bg_image=&#8221;15600&#8243; bg_position=&#8221;left top&#8221; bg_repeat=&#8221;no-repeat&#8221; scene_position=&#8221;center&#8221; text_color=&#8221;dark&#8221; text_align=&#8221;left&#8221; top_padding=&#8221;7%&#8221; bottom_padding=&#8221;7%&#8221; id=&#8221;compromisos&#8221; overlay_strength=&#8221;1&#8243; shape_divider_position=&#8221;bottom&#8221; bg_image_animation=&#8221;none&#8221; shape_type=&#8221;&#8221;][vc_column column_padding=&#8221;padding-1-percent&#8221; column_padding_position=&#8221;all&#8221; background_color_opacity=&#8221;1&#8243; background_hover_color_opacity=&#8221;1&#8243; column_link_target=&#8221;_self&#8221; column_shadow=&#8221;none&#8221; column_border_radius=&#8221;none&#8221; width=&#8221;1\/3&#8243; tablet_width_inherit=&#8221;default&#8221; tablet_text_alignment=&#8221;default&#8221; phone_text_alignment=&#8221;default&#8221; column_border_width=&#8221;none&#8221; column_border_style=&#8221;solid&#8221; bg_image_animation=&#8221;none&#8221; enable_animation=&#8221;true&#8221; animation=&#8221;reveal-from-bottom&#8221;][fancy_box box_style=&#8221;default&#8221; icon_family=&#8221;none&#8221; image_url=&#8221;6083&#8243; color=&#8221;accent-color&#8221; min_height=&#8221;400&#8243;]\n<h3>Pflanzen und Menschen im Blick<\/h3>\n<p>Bei Biobizz sind wir der Ansicht, dass die Gesundheit von Pflanzen und Menschen gleicherma\u00dfen wichtig sind. Darum enthalten unsere Produkte keinerlei k\u00fcnstliche Zusatzstoffe, synthetische Pflanzenschutzmittel oder sch\u00e4dliche Schwermetalle.<\/p>\n<p>Wir verwenden ausschlie\u00dflich 100% zertifizierte nat\u00fcrliche Inhaltsstoffe aus kontrollierter Herkunft. Wenn ein Produkt mit Biobizz angebaut wird, schmeckt es nicht nur lecker, es ist auch sicher und gesund f\u00fcr alle, die es konsumieren.[\/fancy_box][\/vc_column][vc_column column_padding=&#8221;padding-1-percent&#8221; column_padding_position=&#8221;all&#8221; background_color_opacity=&#8221;1&#8243; background_hover_color_opacity=&#8221;1&#8243; column_link_target=&#8221;_self&#8221; column_shadow=&#8221;none&#8221; column_border_radius=&#8221;none&#8221; width=&#8221;1\/3&#8243; tablet_width_inherit=&#8221;default&#8221; tablet_text_alignment=&#8221;default&#8221; phone_text_alignment=&#8221;default&#8221; column_border_width=&#8221;none&#8221; column_border_style=&#8221;solid&#8221; bg_image_animation=&#8221;none&#8221; enable_animation=&#8221;true&#8221; animation=&#8221;reveal-from-bottom&#8221; delay=&#8221;200&#8243;][fancy_box box_style=&#8221;default&#8221; icon_family=&#8221;none&#8221; image_url=&#8221;6082&#8243; color=&#8221;accent-color&#8221; min_height=&#8221;400&#8243;]\n<h3>Wir wissen, dass organische Produkte die besten Ergebnisse garantieren<\/h3>\n<p>Respekt f\u00fcr die Umwelt ist absolut wichtig, aber bei Biobizz sind wir auch der \u00dcberzeugung, dass dies nicht unbedingt bedeutet, gute Ergebnisse gegen Bio einzutauschen. Darum garantieren unsere 100% organischen Produkte eine beeindruckende Ernte, sowohl qualitativ als auch quantitativ.<\/p>\n<p>\u00d6kologischer Anbau bedeutet, das Beste aus dem zu holen, was die Natur uns bietet. Daraus ergeben sich eine \u00fcppige Ernte, gesunde Pflanzen, satte Bl\u00fcten und ein intensiver nat\u00fcrlicher Geschmack.[\/fancy_box][\/vc_column][vc_column column_padding=&#8221;padding-1-percent&#8221; column_padding_position=&#8221;all&#8221; background_color_opacity=&#8221;1&#8243; background_hover_color_opacity=&#8221;1&#8243; column_link_target=&#8221;_self&#8221; column_shadow=&#8221;none&#8221; column_border_radius=&#8221;none&#8221; width=&#8221;1\/3&#8243; tablet_width_inherit=&#8221;default&#8221; tablet_text_alignment=&#8221;default&#8221; phone_text_alignment=&#8221;default&#8221; column_border_width=&#8221;none&#8221; column_border_style=&#8221;solid&#8221; bg_image_animation=&#8221;none&#8221; enable_animation=&#8221;true&#8221; animation=&#8221;reveal-from-bottom&#8221; delay=&#8221;400&#8243;][fancy_box box_style=&#8221;default&#8221; icon_family=&#8221;none&#8221; image_url=&#8221;6052&#8243; color=&#8221;accent-color&#8221; min_height=&#8221;400&#8243;]\n<h3>Nur 100% zertifizierte Produkte sind 100% organisch<\/h3>\n<p>Wir haben eine Linie organischer Substrate, Fl\u00fcssigd\u00fcnger und Substratverbesserer f\u00fcr sehr anspruchsvolle Z\u00fcchter entwickelt.<\/p>\n<p>Unser Unternehmen verf\u00fcgt \u00fcber mehr Zertifikate als irgendein anderes Unternehmen im Sektor, um die Herkunft und den Produktionsprozess aller Biobizz-Produkte zu garantieren. Wir haben alles gegeben, um die kompliziertesten Pr\u00fcfungen zu bestehen und Zertifikate zu erhalten, mit welchen wir gew\u00e4hrleisten k\u00f6nnen, dass unsere Produkte 100% organisch und umweltfreundlich sind.[\/fancy_box][\/vc_column][\/vc_row][vc_row type=&#8221;full_width_background&#8221; full_screen_row_position=&#8221;middle&#8221; bg_color=&#8221;#ffffff&#8221; scene_position=&#8221;center&#8221; text_color=&#8221;dark&#8221; text_align=&#8221;left&#8221; top_padding=&#8221;5%&#8221; bottom_padding=&#8221;5%&#8221; id=&#8221;personas&#8221; overlay_strength=&#8221;0.3&#8243; shape_divider_position=&#8221;bottom&#8221; bg_image_animation=&#8221;none&#8221; shape_type=&#8221;&#8221;][vc_column column_padding=&#8221;padding-2-percent&#8221; column_padding_position=&#8221;all&#8221; background_color_opacity=&#8221;1&#8243; background_hover_color_opacity=&#8221;1&#8243; column_link_target=&#8221;_self&#8221; column_shadow=&#8221;none&#8221; column_border_radius=&#8221;none&#8221; width=&#8221;1\/1&#8243; tablet_width_inherit=&#8221;default&#8221; tablet_text_alignment=&#8221;default&#8221; phone_text_alignment=&#8221;default&#8221; column_border_width=&#8221;none&#8221; column_border_style=&#8221;solid&#8221; bg_image_animation=&#8221;none&#8221;][split_line_heading]\n<h2>Das beste f\u00fcr den Menschen, ohne der Erde zu schaden<\/h2>\n[\/split_line_heading][vc_row_inner column_margin=&#8221;default&#8221; top_padding=&#8221;15&#8243; bottom_padding=&#8221;25&#8243; text_align=&#8221;left&#8221;][vc_column_inner column_padding=&#8221;no-extra-padding&#8221; column_padding_position=&#8221;all&#8221; background_color_opacity=&#8221;1&#8243; background_hover_color_opacity=&#8221;1&#8243; column_shadow=&#8221;none&#8221; column_border_radius=&#8221;none&#8221; column_link_target=&#8221;_self&#8221; width=&#8221;1\/1&#8243; tablet_width_inherit=&#8221;default&#8221; column_border_width=&#8221;none&#8221; column_border_style=&#8221;solid&#8221; bg_image_animation=&#8221;none&#8221; enable_animation=&#8221;true&#8221; animation=&#8221;fade-in-from-bottom&#8221;][vc_column_text]Wir sind der \u00dcberzeugung, dass es f\u00fcr die Landwirtschaft Zeit ist, das Labor zu verlassen und dort Wurzeln zu schlagen, wo sie zuhause ist: In der Erde. Immer, wenn Sie Biobizz verwenden, k\u00f6nnen Sie sicher sein, dass kein sch\u00e4dliches Element das Grundwasser in der Umgebung kontaminiert oder die Tierwelt in Ihrer Umgebung dezimiert, w\u00e4hrend Sie gesunde Pflanzen und eine \u00fcppige Ernte genie\u00dfen.[\/vc_column_text][divider line_type=&#8221;No Line&#8221; custom_height=&#8221;20&#8243;][vc_column_text css=&#8221;.vc_custom_1569841535762{margin-bottom: 18px !important;}&#8221;]\n<h5>Wir leben organischen Anbau<\/h5>\n[\/vc_column_text][vc_column_text css=&#8221;.vc_custom_1569841545079{margin-bottom: 18px !important;}&#8221;]Biobizz produziert nicht nur 100% organische Produkte f\u00fcr den biologischen Anbau. Wir f\u00f6rdern auch gute Praktiken, wenn wir mit unseren Produkten Kulturen in unserem Gew\u00e4chshaus anbauen.<\/p>\n<p>Neben unserem Hauptgeb\u00e4ude steht ein Gew\u00e4chshaus, in dem wir Gem\u00fcse und einige Obstsorten anbauen. So f\u00f6rdern wir Selbstversorgung und stellen sicher, dass unsere Fr\u00fcchte immer sauber, 100% organisch und umweltfreundlich sind.<\/p>\n<p>Dieses Gew\u00e4chshaus ist nur einer unserer Qualit\u00e4tskontrollen, die unsere Produkte durchlaufen. Auf diese Art k\u00f6nnen wir unser Wissen in die Praxis umsetzen und praktisch dabei zusehen, wie unsere Produkte ihr volles Potenzial entfalten.<\/p>\n<p>Unsere Ernte ist der beste Weg, den Kreis zu schlie\u00dfen, von den Inhaltsstoffen unserer Produkte zu den Inhaltsstoffen, die auf unseren Tellern landen.[\/vc_column_text][divider line_type=&#8221;No Line&#8221; custom_height=&#8221;20&#8243;][\/vc_column_inner][\/vc_row_inner][vc_column_text]\n<h5>Unser Ziel<\/h5>\n[\/vc_column_text][vc_column_text css=&#8221;.vc_custom_1610010253611{margin-bottom: 18px !important;}&#8221;]Biobizz\u2018 Ziel war immer und wird immer die F\u00f6rderung des \u00f6kologischen Anbaus sein und die besten Ergebnisse f\u00fcr Z\u00fcchter dank 100% organischer Produkte.<\/p>\n<p>Zurzeit befindet sich der Hauptstandort von Biobizz in Bilbao. Dort sind die meisten Verwaltungsabteilungen ans\u00e4ssig, beispielsweise die Finanz-, Marketing- und Logistikabteilung, sowie das Hauptproduktionswerk f\u00fcr unsere Produkte. Dar\u00fcber hinaus verf\u00fcgen wir \u00fcber B\u00fcros in Barcelona, Frankreich, das Vereinigte K\u00f6nigreich\u00a0und den Vereinigten Staaten.<\/p>\n<p>Diese Einrichtungen, zusammen mit unserer Vertriebsabteilung, erlauben es uns, in 64 verschiedenen L\u00e4ndern weltweit pr\u00e4sent zu sein. Biobizz-Produkte k\u00f6nnen in fast jedem Land in Europa, Nord- und S\u00fcdamerika und anderen L\u00e4ndern, beispielsweise S\u00fcdafrika oder Australien, gefunden werden.[\/vc_column_text][\/vc_column][\/vc_row][vc_row type=&#8221;full_width_background&#8221; full_screen_row_position=&#8221;middle&#8221; scene_position=&#8221;center&#8221; text_color=&#8221;dark&#8221; text_align=&#8221;left&#8221; id=&#8221;media&#8221; overlay_strength=&#8221;0.3&#8243; shape_divider_position=&#8221;bottom&#8221; bg_image_animation=&#8221;none&#8221; shape_type=&#8221;&#8221;][vc_column column_padding=&#8221;no-extra-padding&#8221; column_padding_position=&#8221;all&#8221; background_color_opacity=&#8221;1&#8243; background_hover_color_opacity=&#8221;1&#8243; column_link_target=&#8221;_self&#8221; column_shadow=&#8221;none&#8221; column_border_radius=&#8221;none&#8221; width=&#8221;1\/1&#8243; tablet_width_inherit=&#8221;default&#8221; tablet_text_alignment=&#8221;default&#8221; phone_text_alignment=&#8221;default&#8221; column_border_width=&#8221;none&#8221; column_border_style=&#8221;solid&#8221; bg_image_animation=&#8221;none&#8221;][vc_gallery type=&#8221;image_grid&#8221; images=&#8221;17158,17165,17172,17179&#8243; layout=&#8221;4&#8243; item_spacing=&#8221;default&#8221; gallery_style=&#8221;7&#8243; load_in_animation=&#8221;none&#8221; img_size=&#8221;500&#215;500&#8243;][divider line_type=&#8221;No Line&#8221; custom_height=&#8221;25&#8243;][\/vc_column][\/vc_row]\n","protected":false},"excerpt":{"rendered":"<p>[vc_row type=&#8221;full_width_background&#8221; full_screen_row_position=&#8221;middle&#8221; scene_position=&#8221;center&#8221; text_color=&#8221;dark&#8221; text_align=&#8221;left&#8221; overlay_strength=&#8221;0.3&#8243; shape_divider_position=&#8221;bottom&#8221; bg_image_animation=&#8221;none&#8221;][vc_column column_padding=&#8221;no-extra-padding&#8221; column_padding_position=&#8221;all&#8221; background_color_opacity=&#8221;1&#8243; background_hover_color_opacity=&#8221;1&#8243; column_link_target=&#8221;_self&#8221; column_shadow=&#8221;none&#8221; column_border_radius=&#8221;none&#8221; width=&#8221;1\/1&#8243; tablet_width_inherit=&#8221;default&#8221; tablet_text_alignment=&#8221;default&#8221; phone_text_alignment=&#8221;default&#8221; column_border_width=&#8221;none&#8221; column_border_style=&#8221;solid&#8221; bg_image_animation=&#8221;none&#8221;][page_submenu alignment=&#8221;center&#8221; bg_color=&#8221;#322422&#8243; link_color=&#8221;#ffffff&#8221;][page_link link_url=&#8221;#introduccion&#8221; title=&#8221;Einleitung&#8221; id=&#8221;1632215230563-6&#8243; tab_id=&#8221;1632215230564-1&#8243;]&#8230;<\/p>\n","protected":false},"author":4,"featured_media":0,"parent":0,"menu_order":0,"comment_status":"closed","ping_status":"closed","template":"","meta":{"_acf_changed":false,"_monsterinsights_skip_tracking":false,"_monsterinsights_sitenote_active":false,"_monsterinsights_sitenote_note":"","_monsterinsights_sitenote_category":0,"footnotes":""},"class_list":["post-15255","page","type-page","status-publish"],"acf":[],"yoast_head":"<!-- This site is optimized with the Yoast SEO plugin v27.2 - https:\/\/yoast.com\/product\/yoast-seo-wordpress\/ -->\n<title>\u00dcber Biobizz - Biobizz<\/title>\n<meta name=\"robots\" content=\"index, follow, max-snippet:-1, max-image-preview:large, max-video-preview:-1\" \/>\n<link rel=\"canonical\" href=\"https:\/\/biobizz.com\/de\/ueber-biobizz\/\" \/>\n<meta property=\"og:locale\" content=\"de_DE\" \/>\n<meta property=\"og:type\" content=\"article\" \/>\n<meta property=\"og:title\" content=\"\u00dcber Biobizz - Biobizz\" \/>\n<meta property=\"og:description\" content=\"[vc_row type=&#8221;full_width_background&#8221; full_screen_row_position=&#8221;middle&#8221; scene_position=&#8221;center&#8221; text_color=&#8221;dark&#8221; text_align=&#8221;left&#8221; overlay_strength=&#8221;0.3&#8243; shape_divider_position=&#8221;bottom&#8221; bg_image_animation=&#8221;none&#8221;][vc_column column_padding=&#8221;no-extra-padding&#8221; column_padding_position=&#8221;all&#8221; background_color_opacity=&#8221;1&#8243; background_hover_color_opacity=&#8221;1&#8243; column_link_target=&#8221;_self&#8221; column_shadow=&#8221;none&#8221; column_border_radius=&#8221;none&#8221; width=&#8221;1\/1&#8243; tablet_width_inherit=&#8221;default&#8221; tablet_text_alignment=&#8221;default&#8221; phone_text_alignment=&#8221;default&#8221; column_border_width=&#8221;none&#8221; column_border_style=&#8221;solid&#8221; bg_image_animation=&#8221;none&#8221;][page_submenu alignment=&#8221;center&#8221; bg_color=&#8221;#322422&#8243; link_color=&#8221;#ffffff&#8221;][page_link link_url=&#8221;#introduccion&#8221; title=&#8221;Einleitung&#8221; id=&#8221;1632215230563-6&#8243; tab_id=&#8221;1632215230564-1&#8243;]...\" \/>\n<meta property=\"og:url\" content=\"https:\/\/biobizz.com\/de\/ueber-biobizz\/\" \/>\n<meta property=\"og:site_name\" content=\"Biobizz\" \/>\n<meta property=\"article:modified_time\" content=\"2021-09-21T09:09:15+00:00\" \/>\n<meta name=\"twitter:card\" content=\"summary_large_image\" \/>\n<meta name=\"twitter:label1\" content=\"Gesch\u00e4tzte Lesezeit\" \/>\n\t<meta name=\"twitter:data1\" content=\"5\u00a0Minuten\" \/>\n<script type=\"application\/ld+json\" class=\"yoast-schema-graph\">{\"@context\":\"https:\/\/schema.org\",\"@graph\":[{\"@type\":\"WebPage\",\"@id\":\"https:\/\/biobizz.com\/de\/ueber-biobizz\/\",\"url\":\"https:\/\/biobizz.com\/de\/ueber-biobizz\/\",\"name\":\"\u00dcber Biobizz - Biobizz\",\"isPartOf\":{\"@id\":\"https:\/\/biobizz.com\/de\/#website\"},\"datePublished\":\"2019-09-19T09:23:37+00:00\",\"dateModified\":\"2021-09-21T09:09:15+00:00\",\"breadcrumb\":{\"@id\":\"https:\/\/biobizz.com\/de\/ueber-biobizz\/#breadcrumb\"},\"inLanguage\":\"de\",\"potentialAction\":[{\"@type\":\"ReadAction\",\"target\":[\"https:\/\/biobizz.com\/de\/ueber-biobizz\/\"]}]},{\"@type\":\"BreadcrumbList\",\"@id\":\"https:\/\/biobizz.com\/de\/ueber-biobizz\/#breadcrumb\",\"itemListElement\":[{\"@type\":\"ListItem\",\"position\":1,\"name\":\"Portada\",\"item\":\"https:\/\/biobizz.com\/de\/\"},{\"@type\":\"ListItem\",\"position\":2,\"name\":\"\u00dcber Biobizz\"}]},{\"@type\":\"WebSite\",\"@id\":\"https:\/\/biobizz.com\/de\/#website\",\"url\":\"https:\/\/biobizz.com\/de\/\",\"name\":\"Biobizz\",\"description\":\"World Wide Organics\",\"publisher\":{\"@id\":\"https:\/\/biobizz.com\/de\/#organization\"},\"potentialAction\":[{\"@type\":\"SearchAction\",\"target\":{\"@type\":\"EntryPoint\",\"urlTemplate\":\"https:\/\/biobizz.com\/de\/?s={search_term_string}\"},\"query-input\":{\"@type\":\"PropertyValueSpecification\",\"valueRequired\":true,\"valueName\":\"search_term_string\"}}],\"inLanguage\":\"de\"},{\"@type\":\"Organization\",\"@id\":\"https:\/\/biobizz.com\/de\/#organization\",\"name\":\"Biobizz\",\"url\":\"https:\/\/biobizz.com\/de\/\",\"logo\":{\"@type\":\"ImageObject\",\"inLanguage\":\"de\",\"@id\":\"https:\/\/biobizz.com\/de\/#\/schema\/logo\/image\/\",\"url\":\"https:\/\/biobizz.com\/wp-content\/uploads\/2019\/09\/biobizz-logo-dark.png\",\"contentUrl\":\"https:\/\/biobizz.com\/wp-content\/uploads\/2019\/09\/biobizz-logo-dark.png\",\"width\":300,\"height\":67,\"caption\":\"Biobizz\"},\"image\":{\"@id\":\"https:\/\/biobizz.com\/de\/#\/schema\/logo\/image\/\"}}]}<\/script>\n<!-- \/ Yoast SEO plugin. -->","yoast_head_json":{"title":"\u00dcber Biobizz - Biobizz","robots":{"index":"index","follow":"follow","max-snippet":"max-snippet:-1","max-image-preview":"max-image-preview:large","max-video-preview":"max-video-preview:-1"},"canonical":"https:\/\/biobizz.com\/de\/ueber-biobizz\/","og_locale":"de_DE","og_type":"article","og_title":"\u00dcber Biobizz - Biobizz","og_description":"[vc_row type=&#8221;full_width_background&#8221; full_screen_row_position=&#8221;middle&#8221; scene_position=&#8221;center&#8221; text_color=&#8221;dark&#8221; text_align=&#8221;left&#8221; overlay_strength=&#8221;0.3&#8243; shape_divider_position=&#8221;bottom&#8221; bg_image_animation=&#8221;none&#8221;][vc_column column_padding=&#8221;no-extra-padding&#8221; column_padding_position=&#8221;all&#8221; background_color_opacity=&#8221;1&#8243; background_hover_color_opacity=&#8221;1&#8243; column_link_target=&#8221;_self&#8221; column_shadow=&#8221;none&#8221; column_border_radius=&#8221;none&#8221; width=&#8221;1\/1&#8243; tablet_width_inherit=&#8221;default&#8221; tablet_text_alignment=&#8221;default&#8221; phone_text_alignment=&#8221;default&#8221; column_border_width=&#8221;none&#8221; column_border_style=&#8221;solid&#8221; bg_image_animation=&#8221;none&#8221;][page_submenu alignment=&#8221;center&#8221; bg_color=&#8221;#322422&#8243; link_color=&#8221;#ffffff&#8221;][page_link link_url=&#8221;#introduccion&#8221; title=&#8221;Einleitung&#8221; id=&#8221;1632215230563-6&#8243; tab_id=&#8221;1632215230564-1&#8243;]...","og_url":"https:\/\/biobizz.com\/de\/ueber-biobizz\/","og_site_name":"Biobizz","article_modified_time":"2021-09-21T09:09:15+00:00","twitter_card":"summary_large_image","twitter_misc":{"Gesch\u00e4tzte Lesezeit":"5\u00a0Minuten"},"schema":{"@context":"https:\/\/schema.org","@graph":[{"@type":"WebPage","@id":"https:\/\/biobizz.com\/de\/ueber-biobizz\/","url":"https:\/\/biobizz.com\/de\/ueber-biobizz\/","name":"\u00dcber Biobizz - Biobizz","isPartOf":{"@id":"https:\/\/biobizz.com\/de\/#website"},"datePublished":"2019-09-19T09:23:37+00:00","dateModified":"2021-09-21T09:09:15+00:00","breadcrumb":{"@id":"https:\/\/biobizz.com\/de\/ueber-biobizz\/#breadcrumb"},"inLanguage":"de","potentialAction":[{"@type":"ReadAction","target":["https:\/\/biobizz.com\/de\/ueber-biobizz\/"]}]},{"@type":"BreadcrumbList","@id":"https:\/\/biobizz.com\/de\/ueber-biobizz\/#breadcrumb","itemListElement":[{"@type":"ListItem","position":1,"name":"Portada","item":"https:\/\/biobizz.com\/de\/"},{"@type":"ListItem","position":2,"name":"\u00dcber Biobizz"}]},{"@type":"WebSite","@id":"https:\/\/biobizz.com\/de\/#website","url":"https:\/\/biobizz.com\/de\/","name":"Biobizz","description":"World Wide Organics","publisher":{"@id":"https:\/\/biobizz.com\/de\/#organization"},"potentialAction":[{"@type":"SearchAction","target":{"@type":"EntryPoint","urlTemplate":"https:\/\/biobizz.com\/de\/?s={search_term_string}"},"query-input":{"@type":"PropertyValueSpecification","valueRequired":true,"valueName":"search_term_string"}}],"inLanguage":"de"},{"@type":"Organization","@id":"https:\/\/biobizz.com\/de\/#organization","name":"Biobizz","url":"https:\/\/biobizz.com\/de\/","logo":{"@type":"ImageObject","inLanguage":"de","@id":"https:\/\/biobizz.com\/de\/#\/schema\/logo\/image\/","url":"https:\/\/biobizz.com\/wp-content\/uploads\/2019\/09\/biobizz-logo-dark.png","contentUrl":"https:\/\/biobizz.com\/wp-content\/uploads\/2019\/09\/biobizz-logo-dark.png","width":300,"height":67,"caption":"Biobizz"},"image":{"@id":"https:\/\/biobizz.com\/de\/#\/schema\/logo\/image\/"}}]}},"_links":{"self":[{"href":"https:\/\/biobizz.com\/de\/wp-json\/wp\/v2\/pages\/15255","targetHints":{"allow":["GET"]}}],"collection":[{"href":"https:\/\/biobizz.com\/de\/wp-json\/wp\/v2\/pages"}],"about":[{"href":"https:\/\/biobizz.com\/de\/wp-json\/wp\/v2\/types\/page"}],"author":[{"embeddable":true,"href":"https:\/\/biobizz.com\/de\/wp-json\/wp\/v2\/users\/4"}],"replies":[{"embeddable":true,"href":"https:\/\/biobizz.com\/de\/wp-json\/wp\/v2\/comments?post=15255"}],"version-history":[{"count":10,"href":"https:\/\/biobizz.com\/de\/wp-json\/wp\/v2\/pages\/15255\/revisions"}],"predecessor-version":[{"id":46328,"href":"https:\/\/biobizz.com\/de\/wp-json\/wp\/v2\/pages\/15255\/revisions\/46328"}],"wp:attachment":[{"href":"https:\/\/biobizz.com\/de\/wp-json\/wp\/v2\/media?parent=15255"}],"curies":[{"name":"wp","href":"https:\/\/api.w.org\/{rel}","templated":true}]}}